{"id":2507,"date":"2021-04-09T12:27:36","date_gmt":"2021-04-09T10:27:36","guid":{"rendered":"http:\/\/www.suonica.it\/hotelmondial\/hotel\/jesolo-il-beach-hotel-del-futuro-oggi\/"},"modified":"2021-04-09T12:27:36","modified_gmt":"2021-04-09T10:27:36","slug":"jesolo-il-beach-hotel-del-futuro-oggi","status":"publish","type":"page","link":"https:\/\/hotelmondial.org\/en\/hotel\/jesolo-il-beach-hotel-del-futuro-oggi\/","title":{"rendered":"Jesolo il beach hotel del futuro oggi"},"content":{"rendered":"<p>[vc_row][vc_column][vc_custom_heading text=&#8221;S * S * S *&#8221; font_container=&#8221;tag:h1|font_size:50px|text_align:left&#8221; google_fonts=&#8221;font_family:Montserrat%3Aregular%2C700|font_style:700%20bold%20regular%3A700%3Anormal&#8221; css=&#8221;.vc_custom_1617964578456{padding-bottom: 30px !important;}&#8221;][vc_custom_heading text=&#8221;Sostenibilit\u00e0, Smart, Servizio. Il Beach Hotel del futuro, oggi.&#8221; use_theme_fonts=&#8221;yes&#8221; css=&#8221;.vc_custom_1617964221850{padding-bottom: 20px !important;}&#8221;][vc_column_text]La Famiglia De Zotti, che da pi\u00f9 di 30 anni gestisce l\u2019Hotel Mondial, da tempo aveva deciso di sviluppare un progetto innovativo per migliorare l\u2019offerta della struttura. L\u2019occasione ci \u00e8 stata data dal bando indetto dalla Regione Veneto nel 2016 nell\u2019ambitodel POR FESR 2014-2020 Azione 3.3.4.<a href=\"https:\/\/hotelmondial.org\/hotel-jesolo\/jesolo-il-beach-hotel-del-futuro-oggi\/#_ftn1\" name=\"_ftnref1\">[1]<\/a> Sub C.<\/p>\n<p>Mesi di intensa attivit\u00e0 e confronto, con l\u2019ausilio di consulenti e collaboratori professionalmente capaci,ci hanno portato a presentare un progetto di intervento che incide su molteplici aspetti organizzativi, strutturali, tecnici e sostanziali della nostra struttura.<\/p>\n<p>La nostra intenzione \u00e8 quella di dare concretezza a quanto progettato tra il 2017 e il 2019, arrivando a conclusione dotati di una struttura pi\u00f9 Sostenibile e Smart e con maggiore Servizio all\u2019ospite. E\u2019 proprio per questo che amiamo riassumere le nostre idee in una semplice formula: \u201cle tre esse: Sostenibilit\u00e0, Smart, Servizio\u201d.[\/vc_column_text]<div id=\"ult-carousel-380269764269e13102436b2\" class=\"ult-carousel-wrapper   ult_horizontal\" data-gutter=\"15\" data-rtl=\"false\" ><div class=\"ult-carousel-191486271069e1310243539 \" >[vc_single_image image=&#8221;2091&#8243; img_size=&#8221;full&#8221;][vc_single_image image=&#8221;2092&#8243; img_size=&#8221;full&#8221;]<\/div><\/div>\t\t\t<script type=\"text\/javascript\">\r\n\t\t\t\tjQuery(document).ready(function ($) {\r\n\t\t\t\t\tif( typeof jQuery('.ult-carousel-191486271069e1310243539').slick == \"function\"){\r\n\t\t\t\t\t\t$('.ult-carousel-191486271069e1310243539').slick({dots: true,autoplay: true,autoplaySpeed: 5000,speed: 300,infinite: true,arrows: true,nextArrow: '<button type=\"button\" role=\"button\" aria-label=\"Next\" style=\"color:#333333; font-size:20px;\" class=\"slick-next default\"><i class=\"ultsl-arrow-right4\"><\/i><\/button>',prevArrow: '<button type=\"button\" role=\"button\" aria-label=\"Previous\" style=\"color:#333333; font-size:20px;\" class=\"slick-prev default\"><i class=\"ultsl-arrow-left4\"><\/i><\/button>',slidesToScroll:2,slidesToShow:2,swipe: true,draggable: true,touchMove: true,pauseOnHover: true,pauseOnFocus: false,responsive: [\r\n\t\t\t\t\t\t\t{\r\n\t\t\t\t\t\t\t  breakpoint: 1026,\r\n\t\t\t\t\t\t\t  settings: {\r\n\t\t\t\t\t\t\t\tslidesToShow: 2,\r\n\t\t\t\t\t\t\t\tslidesToScroll: 2,  \r\n\t\t\t\t\t\t\t  }\r\n\t\t\t\t\t\t\t},\r\n\t\t\t\t\t\t\t{\r\n\t\t\t\t\t\t\t  breakpoint: 1025,\r\n\t\t\t\t\t\t\t  settings: {\r\n\t\t\t\t\t\t\t\tslidesToShow: 1,\r\n\t\t\t\t\t\t\t\tslidesToScroll: 1\r\n\t\t\t\t\t\t\t  }\r\n\t\t\t\t\t\t\t},\r\n\t\t\t\t\t\t\t{\r\n\t\t\t\t\t\t\t  breakpoint: 760,\r\n\t\t\t\t\t\t\t  settings: {\r\n\t\t\t\t\t\t\t\tslidesToShow: 1,\r\n\t\t\t\t\t\t\t\tslidesToScroll: 1\r\n\t\t\t\t\t\t\t  }\r\n\t\t\t\t\t\t\t}\r\n\t\t\t\t\t\t],pauseOnDotsHover: true,customPaging: function(slider, i) {\r\n                   return '<i type=\"button\" style= \"color:#333333;\" class=\"ultsl-record\" data-role=\"none\"><\/i>';\r\n                },});\r\n\t\t\t\t\t}\r\n\t\t\t\t});\r\n\t\t\t<\/script>\r\n\t\t\t[vc_custom_heading text=&#8221;Sostenibilit\u00e0&#8221; use_theme_fonts=&#8221;yes&#8221; css=&#8221;.vc_custom_1617964230403{padding-bottom: 20px !important;}&#8221;][vc_column_text]Siamo consapevoli che dobbiamo tenere conto delle conseguenze che le nostre attivit\u00e0 hanno sul mondo che ci circonda. Il miglioramento dello stato dell\u2019ambiente \u00e8 la somma di pi\u00f9 virtuosi comportamenti dei singoli e noi vogliamo essere parte del cambiamento.<\/p>\n<p>Attraverso le azioni previste dal nostro progetto, Hotel Mondial giunger\u00e0 nel 2019 a migliorare sensibilmente l\u2019impatto sull\u2019ambiente, sia diminuendo il consumo di energia sia tagliando il fabbisogno di acqua potabile<\/p>\n<ul>\n<li>Realizzeremo il cappotto termico esterno, che comporter\u00e0 l\u2019abbattimento del 50% della dispersione termica dell\u2019edificio e la diminuzione di oltre il 10% dei consumi di riscaldamento e migliorer\u00e0 il benessere degli ospiti presenti all\u2019interno dell\u2019albergo<\/li>\n<li>Installeremo dei pannelli fotovoltaici con una potenza di 15 kwh che ci permetteranno di produrre autonomamente oltre il 50% del nostro fabbisogno di energia elettrica<\/li>\n<li>Rinnoveremo i punti luci dell\u2019albergo con la tecnologia LED per maggiori durate e minori consumi<\/li>\n<li>Metteremo in campo degli accorgimenti specifici per diminuire di oltre il 20% i consumi di acqua potabile nei bagni<\/li>\n<\/ul>\n<p>[\/vc_column_text][vc_custom_heading text=&#8221;Smart&#8221; use_theme_fonts=&#8221;yes&#8221; css=&#8221;.vc_custom_1617964236197{padding-bottom: 20px !important;}&#8221;][vc_column_text]Lo sviluppo tecnologico migliora le nostre vite e permette di migliorare le esperienze umane: il turismo \u00e8 al centro di questo epocale cambiamento.<\/p>\n<p>Da sempre crediamo che le nuove tecnologie possano aiutarci a migliorare il servizio e l\u2019esperienza degli ospiti di Hotel Mondial. Dieci anni fa siamo stati tra i primi alberghi nella nostra destinazione ad implementare un servizio, gratuito e disponibile in tutta la struttura, di connessione wireless per gli ospiti.<\/p>\n<p>Attraverso alcuni interventi previsti dal nostro progetto abbiamo intenzione di migliorare l\u2019efficienza gestionale e l\u2019esperienza delle vacanze a Jesolo e di mantenerci al passo con i tempi<\/p>\n<ul>\n<li>Introdurremmo sul nostro portale www.hotelmondial.org un booking engine che permetter\u00e0 ai nostri ospiti di prenotare la vacanza in maniera diretta, senza transitare attraverso intermediari, ottenendo al contempo le migliori tariffe presenti sul web e la totale sicurezza della riservazione<\/li>\n<li>Implementeremo il servizio di wi-fi attraverso una servizio di login personalizzato tramite email o social, consentendo al contempo all\u2019ospite di conoscere le offerte di Jesolo e di ricevere comunicazioni da parte dell\u2019hotel<\/li>\n<li>Installeremo una colonnina di ricarica per veicoli elettrici all\u2019interno di uno stallo di sosta \u201cgreen\u201d attraverso il quale forniremo l\u2019energia per i motori delle auto elettriche e ibride dei nostri ospiti<\/li>\n<li>Miglioreremo i sistemi di gestione interna della struttura per permettere un migliore servizio ai nostri ospiti<\/li>\n<li>Metteremo a disposizione dei nostri clienti delle nuove modalit\u00e0 intelligenti di accedere alle informazioni della destinazione Jesolo<\/li>\n<\/ul>\n<p>[\/vc_column_text][vc_custom_heading text=&#8221;Servizio&#8221; use_theme_fonts=&#8221;yes&#8221; css=&#8221;.vc_custom_1617964242378{padding-bottom: 20px !important;}&#8221;][vc_column_text]Il terzo pilastro del nostro progetto \u00e8 quello che sta ancor di pi\u00f9 a cuore a noi. Amiamo il nostro lavoro, lo facciamo con passione e cerchiamo anno dopo anno di aumentare il livello del servizio che offriamo ai nostri ospiti.<\/p>\n<p>Abbiamo deciso di attuare delle azioni che miglioreranno la permanenza di chi sceglie Hotel Mondial, creando sempre nuove emozioni ed esperienze: su questo vogliamo fare la differenza rendendo davvero memorabile la vacanza dei nostri ospiti.<\/p>\n<ul>\n<li>Ristruttureremo completamente il 6\u00b0 piano dell\u2019Hotel Mondial realizzando una emozionate e comfortevole Spa al servizio dei nostri ospiti direttamente fronte mare, all\u2019interno di una nuova e unica copertura di vetro. Sar\u00e0 possibile, d\u2019estate come nei momenti di bassa stagione, godere di momenti di relax con una splendida vista sul mar Adriatico. Saranno previsti, su richiesta, trattamenti di benessere in collaborazione con professionisti preparati e competenti<\/li>\n<li>Realizzeremo la prima suite dell\u2019Hotel Mondial al 6\u00b0 piano. 42 metri quadrati di servizio e comodit\u00e0 per i nostri ospiti che potranno scegliere un\u2019offerta esclusiva e di altissima qualit\u00e0<\/li>\n<li>Daremo vita al restyling completo della sala ristorante che verr\u00e0 fisicamente divisa dalla zona reception, ammodernando completamente tavoli e sedie, con un nuovo buffet ampio e assolutamente funzionale, mantenendo la bellissima vista fronte mare<\/li>\n<li>Prender\u00e0 forma un nuovo lounge bar, che funger\u00e0 anche da sala tv, sala attesa e piccole riunioni, in una zona adiacente alla reception con semplicit\u00e0 ed eleganza<\/li>\n<li>Introdurremo dei servizi su misura per chi vuole coniugare la vacanza con le proprie passioni all\u2019aria aperta, con particolare riguardo a chi utilizza la bici o pratica jogging e walking<\/li>\n<li>Realizzeremo una perimetrazione dell\u2019isola ecologica con materiale ecocompatibile al fine di ridurre l\u2019impatto visivo ed estetico<\/li>\n<\/ul>\n<p>[\/vc_column_text][vc_column_text css=&#8221;.vc_custom_1617964053603{margin-top: 100px !important;}&#8221;]Il progetto che abbiamo presentato \u00e8 stato giudicato positivamente dalla Regione Veneto <strong>classificandosi al secondo posto della graduatoria<\/strong> su un totale di 104 strutture partecipanti.<\/p>\n<p>La formula delle \u201ctre esse\u201d riassume in s\u00e9 anche il traguardo finale degli sforzi che intendiamo mettere in campo, ovvero l\u2019upgrade della struttura dall\u2019attuale classificazione 3 stelle a quella 3 stelle Superior a partire dalla stagione 2019 e di conseguenza l\u2019allungamento dell\u2019apertura della struttura.<\/p>\n<p>Il progetto ha ottenuto il contributo a fondo perduto del POR FESR per un totale di \u20ac 200.000.[\/vc_column_text][\/vc_column][\/vc_row]<\/p>\n","protected":false},"excerpt":{"rendered":"<p>[vc_row][vc_column][vc_custom_heading text=&#8221;S * S * S *&#8221; font_container=&#8221;tag:h1|font_size:50px|text_align:left&#8221; google_fonts=&#8221;font_family:Montserrat%3Aregular%2C700|font_style:700%20bold%20regular%3A700%3Anormal&#8221; css=&#8221;.vc_custom_1617964578456{padding-bottom: 30px !important;}&#8221;][vc_custom_heading text=&#8221;Sostenibilit\u00e0, Smart, Servizio. Il Beach Hotel del futuro, oggi.&#8221; use_theme_fonts=&#8221;yes&#8221; css=&#8221;.vc_custom_1617964221850{padding-bottom: 20px !important;}&#8221;][vc_column_text]La Famiglia De Zotti, che da pi\u00f9 di 30 anni gestisce l\u2019Hotel Mondial, da tempo aveva deciso di sviluppare un progetto innovativo per migliorare l\u2019offerta della struttura. L\u2019occasione ci \u00e8 stata [&hellip;]<\/p>\n","protected":false},"author":1,"featured_media":0,"parent":2451,"menu_order":0,"comment_status":"closed","ping_status":"closed","template":"","meta":{"footnotes":""},"class_list":["post-2507","page","type-page","status-publish","hentry"],"yoast_head":"<!-- This site is optimized with the Yoast SEO plugin v19.10 - https:\/\/yoast.com\/wordpress\/plugins\/seo\/ -->\n<title>Jesolo il beach hotel del futuro oggi - Hotel Mondial<\/title>\n<meta name=\"robots\" content=\"index, follow, max-snippet:-1, max-image-preview:large, max-video-preview:-1\" \/>\n<link rel=\"canonical\" href=\"https:\/\/hotelmondial.org\/en\/hotel\/jesolo-il-beach-hotel-del-futuro-oggi\/\" \/>\n<meta property=\"og:locale\" content=\"en_US\" \/>\n<meta property=\"og:type\" content=\"article\" \/>\n<meta property=\"og:title\" content=\"Jesolo il beach hotel del futuro oggi - Hotel Mondial\" \/>\n<meta property=\"og:description\" content=\"[vc_row][vc_column][vc_custom_heading text=&#8221;S * S * S *&#8221; font_container=&#8221;tag:h1|font_size:50px|text_align:left&#8221; google_fonts=&#8221;font_family:Montserrat%3Aregular%2C700|font_style:700%20bold%20regular%3A700%3Anormal&#8221; css=&#8221;.vc_custom_1617964578456{padding-bottom: 30px !important;}&#8221;][vc_custom_heading text=&#8221;Sostenibilit\u00e0, Smart, Servizio. Il Beach Hotel del futuro, oggi.&#8221; use_theme_fonts=&#8221;yes&#8221; css=&#8221;.vc_custom_1617964221850{padding-bottom: 20px !important;}&#8221;][vc_column_text]La Famiglia De Zotti, che da pi\u00f9 di 30 anni gestisce l\u2019Hotel Mondial, da tempo aveva deciso di sviluppare un progetto innovativo per migliorare l\u2019offerta della struttura. L\u2019occasione ci \u00e8 stata [&hellip;]\" \/>\n<meta property=\"og:url\" content=\"https:\/\/hotelmondial.org\/en\/hotel\/jesolo-il-beach-hotel-del-futuro-oggi\/\" \/>\n<meta property=\"og:site_name\" content=\"Hotel Mondial\" \/>\n<meta name=\"twitter:card\" content=\"summary_large_image\" \/>\n<meta name=\"twitter:label1\" content=\"Est. reading time\" \/>\n\t<meta name=\"twitter:data1\" content=\"5 minutes\" \/>\n<script type=\"application\/ld+json\" class=\"yoast-schema-graph\">{\"@context\":\"https:\/\/schema.org\",\"@graph\":[{\"@type\":\"WebPage\",\"@id\":\"https:\/\/hotelmondial.org\/en\/hotel\/jesolo-il-beach-hotel-del-futuro-oggi\/\",\"url\":\"https:\/\/hotelmondial.org\/en\/hotel\/jesolo-il-beach-hotel-del-futuro-oggi\/\",\"name\":\"Jesolo il beach hotel del futuro oggi - Hotel Mondial\",\"isPartOf\":{\"@id\":\"https:\/\/hotelmondial.org\/#website\"},\"datePublished\":\"2021-04-09T10:27:36+00:00\",\"dateModified\":\"2021-04-09T10:27:36+00:00\",\"breadcrumb\":{\"@id\":\"https:\/\/hotelmondial.org\/en\/hotel\/jesolo-il-beach-hotel-del-futuro-oggi\/#breadcrumb\"},\"inLanguage\":\"en-US\",\"potentialAction\":[{\"@type\":\"ReadAction\",\"target\":[\"https:\/\/hotelmondial.org\/en\/hotel\/jesolo-il-beach-hotel-del-futuro-oggi\/\"]}]},{\"@type\":\"BreadcrumbList\",\"@id\":\"https:\/\/hotelmondial.org\/en\/hotel\/jesolo-il-beach-hotel-del-futuro-oggi\/#breadcrumb\",\"itemListElement\":[{\"@type\":\"ListItem\",\"position\":1,\"name\":\"Home\",\"item\":\"https:\/\/hotelmondial.org\/en\/\"},{\"@type\":\"ListItem\",\"position\":2,\"name\":\"Hotel\",\"item\":\"https:\/\/hotelmondial.org\/en\/hotel\/\"},{\"@type\":\"ListItem\",\"position\":3,\"name\":\"Jesolo il beach hotel del futuro oggi\"}]},{\"@type\":\"WebSite\",\"@id\":\"https:\/\/hotelmondial.org\/#website\",\"url\":\"https:\/\/hotelmondial.org\/\",\"name\":\"Hotel Mondial\",\"description\":\"\",\"potentialAction\":[{\"@type\":\"SearchAction\",\"target\":{\"@type\":\"EntryPoint\",\"urlTemplate\":\"https:\/\/hotelmondial.org\/?s={search_term_string}\"},\"query-input\":\"required name=search_term_string\"}],\"inLanguage\":\"en-US\"}]}<\/script>\n<!-- \/ Yoast SEO plugin. -->","yoast_head_json":{"title":"Jesolo il beach hotel del futuro oggi - Hotel Mondial","robots":{"index":"index","follow":"follow","max-snippet":"max-snippet:-1","max-image-preview":"max-image-preview:large","max-video-preview":"max-video-preview:-1"},"canonical":"https:\/\/hotelmondial.org\/en\/hotel\/jesolo-il-beach-hotel-del-futuro-oggi\/","og_locale":"en_US","og_type":"article","og_title":"Jesolo il beach hotel del futuro oggi - Hotel Mondial","og_description":"[vc_row][vc_column][vc_custom_heading text=&#8221;S * S * S *&#8221; font_container=&#8221;tag:h1|font_size:50px|text_align:left&#8221; google_fonts=&#8221;font_family:Montserrat%3Aregular%2C700|font_style:700%20bold%20regular%3A700%3Anormal&#8221; css=&#8221;.vc_custom_1617964578456{padding-bottom: 30px !important;}&#8221;][vc_custom_heading text=&#8221;Sostenibilit\u00e0, Smart, Servizio. Il Beach Hotel del futuro, oggi.&#8221; use_theme_fonts=&#8221;yes&#8221; css=&#8221;.vc_custom_1617964221850{padding-bottom: 20px !important;}&#8221;][vc_column_text]La Famiglia De Zotti, che da pi\u00f9 di 30 anni gestisce l\u2019Hotel Mondial, da tempo aveva deciso di sviluppare un progetto innovativo per migliorare l\u2019offerta della struttura. L\u2019occasione ci \u00e8 stata [&hellip;]","og_url":"https:\/\/hotelmondial.org\/en\/hotel\/jesolo-il-beach-hotel-del-futuro-oggi\/","og_site_name":"Hotel Mondial","twitter_card":"summary_large_image","twitter_misc":{"Est. reading time":"5 minutes"},"schema":{"@context":"https:\/\/schema.org","@graph":[{"@type":"WebPage","@id":"https:\/\/hotelmondial.org\/en\/hotel\/jesolo-il-beach-hotel-del-futuro-oggi\/","url":"https:\/\/hotelmondial.org\/en\/hotel\/jesolo-il-beach-hotel-del-futuro-oggi\/","name":"Jesolo il beach hotel del futuro oggi - Hotel Mondial","isPartOf":{"@id":"https:\/\/hotelmondial.org\/#website"},"datePublished":"2021-04-09T10:27:36+00:00","dateModified":"2021-04-09T10:27:36+00:00","breadcrumb":{"@id":"https:\/\/hotelmondial.org\/en\/hotel\/jesolo-il-beach-hotel-del-futuro-oggi\/#breadcrumb"},"inLanguage":"en-US","potentialAction":[{"@type":"ReadAction","target":["https:\/\/hotelmondial.org\/en\/hotel\/jesolo-il-beach-hotel-del-futuro-oggi\/"]}]},{"@type":"BreadcrumbList","@id":"https:\/\/hotelmondial.org\/en\/hotel\/jesolo-il-beach-hotel-del-futuro-oggi\/#breadcrumb","itemListElement":[{"@type":"ListItem","position":1,"name":"Home","item":"https:\/\/hotelmondial.org\/en\/"},{"@type":"ListItem","position":2,"name":"Hotel","item":"https:\/\/hotelmondial.org\/en\/hotel\/"},{"@type":"ListItem","position":3,"name":"Jesolo il beach hotel del futuro oggi"}]},{"@type":"WebSite","@id":"https:\/\/hotelmondial.org\/#website","url":"https:\/\/hotelmondial.org\/","name":"Hotel Mondial","description":"","potentialAction":[{"@type":"SearchAction","target":{"@type":"EntryPoint","urlTemplate":"https:\/\/hotelmondial.org\/?s={search_term_string}"},"query-input":"required name=search_term_string"}],"inLanguage":"en-US"}]}},"_links":{"self":[{"href":"https:\/\/hotelmondial.org\/en\/wp-json\/wp\/v2\/pages\/2507","targetHints":{"allow":["GET"]}}],"collection":[{"href":"https:\/\/hotelmondial.org\/en\/wp-json\/wp\/v2\/pages"}],"about":[{"href":"https:\/\/hotelmondial.org\/en\/wp-json\/wp\/v2\/types\/page"}],"author":[{"embeddable":true,"href":"https:\/\/hotelmondial.org\/en\/wp-json\/wp\/v2\/users\/1"}],"replies":[{"embeddable":true,"href":"https:\/\/hotelmondial.org\/en\/wp-json\/wp\/v2\/comments?post=2507"}],"version-history":[{"count":0,"href":"https:\/\/hotelmondial.org\/en\/wp-json\/wp\/v2\/pages\/2507\/revisions"}],"up":[{"embeddable":true,"href":"https:\/\/hotelmondial.org\/en\/wp-json\/wp\/v2\/pages\/2451"}],"wp:attachment":[{"href":"https:\/\/hotelmondial.org\/en\/wp-json\/wp\/v2\/media?parent=2507"}],"curies":[{"name":"wp","href":"https:\/\/api.w.org\/{rel}","templated":true}]}}