{"id":2564,"date":"2021-02-15T14:30:52","date_gmt":"2021-02-15T13:30:52","guid":{"rendered":"http:\/\/www.suonica.it\/hotelmondial\/come-arrivare\/"},"modified":"2021-11-23T17:14:22","modified_gmt":"2021-11-23T16:14:22","slug":"wie-kommt-man","status":"publish","type":"page","link":"https:\/\/hotelmondial.org\/de\/wie-kommt-man\/","title":{"rendered":"Wie kommt man"},"content":{"rendered":"<p>[vc_row full_width=&#8220;stretch_row_content_no_spaces&#8220;][vc_column][vc_gmaps link=&#8220;#E-8_JTNDaWZyYW1lJTIwc3JjJTNEJTIyaHR0cHMlM0ElMkYlMkZ3d3cuZ29vZ2xlLmNvbSUyRm1hcHMlMkZlbWJlZCUzRnBiJTNEJTIxMW0xNCUyMTFtOCUyMTFtMyUyMTFkMTExODQuNjI2MzI0MTUyODA1JTIxMmQxMi42NTIzNzc0JTIxM2Q0NS41MDY5MjY1JTIxM20yJTIxMWkxMDI0JTIxMmk3NjglMjE0ZjEzLjElMjEzbTMlMjExbTIlMjExczB4MCUyNTNBMHhmOTgwMzVhM2IzMDIzNmIxJTIxMnNIb3RlbCUyNTIwTW9uZGlhbCUyMTVlMCUyMTNtMiUyMTFzaXQlMjEyc2l0JTIxNHYxNjE1NDcyMzUxNjAxJTIxNW0yJTIxMXNpdCUyMTJzaXQlMjIlMjB3aWR0aCUzRCUyMjYwMCUyMiUyMGhlaWdodCUzRCUyMjQ1MCUyMiUyMHN0eWxlJTNEJTIyYm9yZGVyJTNBMCUzQiUyMiUyMGFsbG93ZnVsbHNjcmVlbiUzRCUyMiUyMiUyMGxvYWRpbmclM0QlMjJsYXp5JTIyJTNFJTNDJTJGaWZyYW1lJTNF&#8220; css=&#8220;.vc_custom_1616688952073{margin-bottom: 0px !important;}&#8220;][\/vc_column][\/vc_row][vc_row full_width=&#8220;stretch_row&#8220; css=&#8220;.vc_custom_1616689119154{padding-top: 50px !important;padding-bottom: 50px !important;background-color: #61b6ef !important;}&#8220;][vc_column width=&#8220;1\/3&#8243;][vc_custom_heading text=&#8220;Hotel Mondial&#8220; font_container=&#8220;tag:h2|text_align:left|color:%23ffffff&#8220; use_theme_fonts=&#8220;yes&#8220; css=&#8220;.vc_custom_1616688870061{padding-bottom: 25px !important;}&#8220;][vc_column_text el_class=&#8220;white&#8220;]Via Dalmazia, IV\u00b0 acc. n\u00b0 6<br \/>\n30016 Jesolo Lido (VE) Italia<br \/>\n<a href=\"tel:\/\/+39042192022\"> +39 0421 92022<\/a><br \/>\n<i class=\"fa fa-fax\"><\/i> <a href=\"tel:+390421380723\">+39 0421 380723<\/a><br \/>\n<a href=\"mailto:\/\/info@hotelmondial.org\"><i class=\"fa fa-envelope\" aria-hidden=\"true\"><\/i> info@hotelmondial.org <\/a>[\/vc_column_text][vc_column_text el_class=&#8220;white&#8220;]<strong>Die Satellitenkoordinaten sind:<\/strong><\/p>\n<p>Latitudine: 45.506857<br \/>\nLongitudine: 12.652033[\/vc_column_text][\/vc_column][vc_column width=&#8220;2\/3&#8243; el_class=&#8220;white&#8220;]<div role=\"form\" class=\"wpcf7\" id=\"wpcf7-f2689-o1\" lang=\"it-IT\" dir=\"ltr\">\n<div class=\"screen-reader-response\"><p role=\"status\" aria-live=\"polite\" aria-atomic=\"true\"><\/p> <ul><\/ul><\/div>\n<form action=\"\/de\/wp-json\/wp\/v2\/pages\/2564#wpcf7-f2689-o1\" method=\"post\" class=\"wpcf7-form init\" novalidate=\"novalidate\" data-status=\"init\">\n<div style=\"display: none;\">\n<input type=\"hidden\" name=\"_wpcf7\" value=\"2689\" \/>\n<input type=\"hidden\" name=\"_wpcf7_version\" value=\"5.6.4\" \/>\n<input type=\"hidden\" name=\"_wpcf7_locale\" value=\"it_IT\" \/>\n<input type=\"hidden\" name=\"_wpcf7_unit_tag\" value=\"wpcf7-f2689-o1\" \/>\n<input type=\"hidden\" name=\"_wpcf7_container_post\" value=\"0\" \/>\n<input type=\"hidden\" name=\"_wpcf7_posted_data_hash\" value=\"\" \/>\n<\/div>\n<div class=\"content-column one_half\">\n<div style=\"padding-right:20px;\">\n<label>Name und Nachname <span class=\"wpcf7-form-control-wrap\" data-name=\"your-name\"><input type=\"text\" name=\"your-name\" value=\"\" size=\"40\" class=\"wpcf7-form-control wpcf7-text wpcf7-validates-as-required\" aria-required=\"true\" aria-invalid=\"false\" \/><\/span><\/label><\/p>\n<p><label>E-Mail <span class=\"wpcf7-form-control-wrap\" data-name=\"your-email\"><input type=\"email\" name=\"your-email\" value=\"\" size=\"40\" class=\"wpcf7-form-control wpcf7-text wpcf7-email wpcf7-validates-as-required wpcf7-validates-as-email\" aria-required=\"true\" aria-invalid=\"false\" \/><\/span><\/label><\/p>\n<p><label>Gegenstand <span class=\"wpcf7-form-control-wrap\" data-name=\"your-subject\"><input type=\"text\" name=\"your-subject\" value=\"\" size=\"40\" class=\"wpcf7-form-control wpcf7-text wpcf7-validates-as-required\" aria-required=\"true\" aria-invalid=\"false\" \/><\/span><\/label><\/p>\n<\/div>\n<\/div>\n<div class=\"content-column one_half last_column\">\n<span class=\"wpcf7-form-control-wrap\" data-name=\"your-message\"><textarea name=\"your-message\" cols=\"40\" rows=\"10\" class=\"wpcf7-form-control wpcf7-textarea wpcf7-validates-as-required\" aria-required=\"true\" aria-invalid=\"false\" placeholder=\"Nachricht\"><\/textarea><\/span>\n<\/div>\n<div class=\"clear_column\"><\/div>\n<p><span class=\"wpcf7-form-control-wrap\" data-name=\"acceptance-550\"><span class=\"wpcf7-form-control wpcf7-acceptance\"><span class=\"wpcf7-list-item\"><label><input type=\"checkbox\" name=\"acceptance-550\" value=\"1\" aria-invalid=\"false\" \/><span class=\"wpcf7-list-item-label\">Ich akzeptiere die Verarbeitung meiner Daten gem\u00e4\u00df den <a href=\"https:\/\/www.iubenda.com\/privacy-policy\/86262063\" target=\"_blank\">Datenschutzbestimmungen<\/a> dieser Website<\/span><\/label><\/span><\/span><\/span><\/p>\n<p><input type=\"submit\" value=\"Send\" class=\"wpcf7-form-control has-spinner wpcf7-submit bottone-bianco\" \/><\/p>\n<div class=\"wpcf7-response-output\" aria-hidden=\"true\"><\/div><\/form><\/div>[\/vc_column][\/vc_row][vc_row css=&#8220;.vc_custom_1616688993517{margin-bottom: 50px !important;}&#8220;][vc_column][vc_custom_heading text=&#8220;Wie kommt man nach Jesolo&#8220; font_container=&#8220;tag:h2|font_size:40px|text_align:left|color:%233498db&#8220; use_theme_fonts=&#8220;yes&#8220; css=&#8220;.vc_custom_1636457904900{padding-top: 50px !important;padding-bottom: 50px !important;}&#8220;][vc_custom_heading text=&#8220;Autobahnen&#8220; font_container=&#8220;tag:h3|text_align:left|color:%233498db&#8220; use_theme_fonts=&#8220;yes&#8220;][vc_column_text]Jesolo ist mit den wichtigsten Autobahnen Norditaliens verbunden.<br \/>\nWenn Sie aus Mailand oder dem Brenner anreisen, nehmen Sie die A4 in Richtung Flughafen Venedig Marco Polo &#8211; Jesolo, entlang der Ringstra\u00dfe Mestre. Von hier aus folgen Sie der Beschilderung nach Jesolo.<br \/>\nAus \u00d6sterreich, Tarvisio, Udine, Triest kommend \u00fcber die A4 in Richtung Venedig, Ausfahrt Noventa di Piave\/San Don\u00e0 di Piave und von hier der Beschilderung nach Jesolo folgen.<br \/>\nVon Belluno kommend auf der A27 Richtung Venedig, Ausfahrt Venedig Flughafen\/Marco Polo und von hier Richtung Jesolo.[\/vc_column_text][vc_custom_heading text=&#8220;Flugh\u00e4fen&#8220; font_container=&#8220;tag:h3|text_align:left|color:%233498db&#8220; use_theme_fonts=&#8220;yes&#8220;][vc_column_text]Jesolo wird vom Flughafen Venedig Marco Polo und vom Flughafen Treviso Antonio Canova angeflogen, letzterem Drehkreuz der Low Cost Fluggesellschaft Ryanair.<br \/>\nEs ist m\u00f6glich, Jesolo einfach und in wenigen Minuten von Ihrem Ankunftsflughafen mit mehreren L\u00f6sungen zu erreichen.<br \/>\nPrivater Transferservice oder Taxi, der auch \u00fcber das Mondial Hotel bei wirtschaftlichen, zuverl\u00e4ssigen und p\u00fcnktlichen Partnern gebucht werden kann.<br \/>\nMit dem Bus, mit dem t\u00e4glich garantierten \u00f6ffentlichen Service ATVO. <a href=\"http:\/\/www.atvo.it\" target=\"_blank\" rel=\"noopener\">Wir laden Sie ein, die Website des Unternehmens f\u00fcr aktualisierte Fahrpl\u00e4ne zu konsultieren<\/a>.<br \/>\nDurch die Anmietung eines Privatwagens bei den wichtigsten Unternehmen im Flughafenbereich.[\/vc_column_text][vc_custom_heading text=&#8220;Bahn&#8220; font_container=&#8220;tag:h3|text_align:left|color:%233498db&#8220; use_theme_fonts=&#8220;yes&#8220;][vc_column_text]Jesolo hat keinen eigenen Bahnhof, ist aber leicht \u00fcber den Bahnhof Venedig-Mestre und die Haltestelle San Don\u00e0 di Piave-Jesolo zu erreichen, die beide von der Buslinie ATVO bedient werden. <a href=\"http:\/\/www.atvo.it\" target=\"_blank\" rel=\"noopener\">Konsultieren Sie die aktualisierten Fahrpl\u00e4n<\/a>e.<br \/>\nDer Bahnhof Venedig-Mestre ist auch mit \u00d6sterreich (Wien) und Deutschland (M\u00fcnchen) mit der \u00d6BB verbunden.[\/vc_column_text][vc_custom_heading text=&#8220;Bus&#8220; font_container=&#8220;tag:h3|text_align:left|color:%233498db&#8220; use_theme_fonts=&#8220;yes&#8220;][vc_column_text]Der Busbahnhof Jesolo befindet sich in Via Equilio 15, nur 10 Gehminuten vom Hotel Mondial oder 3 Minuten mit dem Taxi oder Privattransfer entfernt.<br \/>\nJesolo ist im Linienverkehr mit Italien und Europa sowie mit Flixbus verbunden.<br \/>\nEin paar Schritte vom Hotel Mondial entfernt befindet sich auch eine ATVO urban Service-Haltestelle, um sich bequem in der Stadt fortzubewegen.[\/vc_column_text][\/vc_column][\/vc_row]<\/p>\n","protected":false},"excerpt":{"rendered":"<p>[vc_row full_width=&#8220;stretch_row_content_no_spaces&#8220;][vc_column][vc_gmaps link=&#8220;#E-8_JTNDaWZyYW1lJTIwc3JjJTNEJTIyaHR0cHMlM0ElMkYlMkZ3d3cuZ29vZ2xlLmNvbSUyRm1hcHMlMkZlbWJlZCUzRnBiJTNEJTIxMW0xNCUyMTFtOCUyMTFtMyUyMTFkMTExODQuNjI2MzI0MTUyODA1JTIxMmQxMi42NTIzNzc0JTIxM2Q0NS41MDY5MjY1JTIxM20yJTIxMWkxMDI0JTIxMmk3NjglMjE0ZjEzLjElMjEzbTMlMjExbTIlMjExczB4MCUyNTNBMHhmOTgwMzVhM2IzMDIzNmIxJTIxMnNIb3RlbCUyNTIwTW9uZGlhbCUyMTVlMCUyMTNtMiUyMTFzaXQlMjEyc2l0JTIxNHYxNjE1NDcyMzUxNjAxJTIxNW0yJTIxMXNpdCUyMTJzaXQlMjIlMjB3aWR0aCUzRCUyMjYwMCUyMiUyMGhlaWdodCUzRCUyMjQ1MCUyMiUyMHN0eWxlJTNEJTIyYm9yZGVyJTNBMCUzQiUyMiUyMGFsbG93ZnVsbHNjcmVlbiUzRCUyMiUyMiUyMGxvYWRpbmclM0QlMjJsYXp5JTIyJTNFJTNDJTJGaWZyYW1lJTNF&#8220; css=&#8220;.vc_custom_1616688952073{margin-bottom: 0px !important;}&#8220;][\/vc_column][\/vc_row][vc_row full_width=&#8220;stretch_row&#8220; css=&#8220;.vc_custom_1616689119154{padding-top: 50px !important;padding-bottom: 50px !important;background-color: #61b6ef !important;}&#8220;][vc_column width=&#8220;1\/3&#8243;][vc_custom_heading text=&#8220;Hotel Mondial&#8220; font_container=&#8220;tag:h2|text_align:left|color:%23ffffff&#8220; use_theme_fonts=&#8220;yes&#8220; css=&#8220;.vc_custom_1616688870061{padding-bottom: 25px !important;}&#8220;][vc_column_text el_class=&#8220;white&#8220;]Via Dalmazia, IV\u00b0 acc. n\u00b0 6 30016 Jesolo Lido (VE) Italia +39 0421 92022 +39 0421 380723 info@hotelmondial.org [\/vc_column_text][vc_column_text el_class=&#8220;white&#8220;]Die Satellitenkoordinaten sind: Latitudine: 45.506857 Longitudine: 12.652033[\/vc_column_text][\/vc_column][vc_column width=&#8220;2\/3&#8243; el_class=&#8220;white&#8220;][\/vc_column][\/vc_row][vc_row css=&#8220;.vc_custom_1616688993517{margin-bottom: 50px !important;}&#8220;][vc_column][vc_custom_heading text=&#8220;Wie kommt [&hellip;]<\/p>\n","protected":false},"author":1,"featured_media":0,"parent":0,"menu_order":0,"comment_status":"closed","ping_status":"closed","template":"","meta":{"footnotes":""},"class_list":["post-2564","page","type-page","status-publish","hentry"],"yoast_head":"<!-- This site is optimized with the Yoast SEO plugin v19.10 - https:\/\/yoast.com\/wordpress\/plugins\/seo\/ -->\n<title>Wie kommt man - Hotel Mondial<\/title>\n<meta name=\"robots\" content=\"index, follow, max-snippet:-1, max-image-preview:large, max-video-preview:-1\" \/>\n<link rel=\"canonical\" href=\"https:\/\/hotelmondial.org\/de\/wie-kommt-man\/\" \/>\n<meta property=\"og:locale\" content=\"de_DE\" \/>\n<meta property=\"og:type\" content=\"article\" \/>\n<meta property=\"og:title\" content=\"Wie kommt man - Hotel Mondial\" \/>\n<meta property=\"og:description\" content=\"[vc_row full_width=&#8220;stretch_row_content_no_spaces&#8220;][vc_column][vc_gmaps link=&#8220;#E-8_JTNDaWZyYW1lJTIwc3JjJTNEJTIyaHR0cHMlM0ElMkYlMkZ3d3cuZ29vZ2xlLmNvbSUyRm1hcHMlMkZlbWJlZCUzRnBiJTNEJTIxMW0xNCUyMTFtOCUyMTFtMyUyMTFkMTExODQuNjI2MzI0MTUyODA1JTIxMmQxMi42NTIzNzc0JTIxM2Q0NS41MDY5MjY1JTIxM20yJTIxMWkxMDI0JTIxMmk3NjglMjE0ZjEzLjElMjEzbTMlMjExbTIlMjExczB4MCUyNTNBMHhmOTgwMzVhM2IzMDIzNmIxJTIxMnNIb3RlbCUyNTIwTW9uZGlhbCUyMTVlMCUyMTNtMiUyMTFzaXQlMjEyc2l0JTIxNHYxNjE1NDcyMzUxNjAxJTIxNW0yJTIxMXNpdCUyMTJzaXQlMjIlMjB3aWR0aCUzRCUyMjYwMCUyMiUyMGhlaWdodCUzRCUyMjQ1MCUyMiUyMHN0eWxlJTNEJTIyYm9yZGVyJTNBMCUzQiUyMiUyMGFsbG93ZnVsbHNjcmVlbiUzRCUyMiUyMiUyMGxvYWRpbmclM0QlMjJsYXp5JTIyJTNFJTNDJTJGaWZyYW1lJTNF&#8220; css=&#8220;.vc_custom_1616688952073{margin-bottom: 0px !important;}&#8220;][\/vc_column][\/vc_row][vc_row full_width=&#8220;stretch_row&#8220; css=&#8220;.vc_custom_1616689119154{padding-top: 50px !important;padding-bottom: 50px !important;background-color: #61b6ef !important;}&#8220;][vc_column width=&#8220;1\/3&#8243;][vc_custom_heading text=&#8220;Hotel Mondial&#8220; font_container=&#8220;tag:h2|text_align:left|color:%23ffffff&#8220; use_theme_fonts=&#8220;yes&#8220; css=&#8220;.vc_custom_1616688870061{padding-bottom: 25px !important;}&#8220;][vc_column_text el_class=&#8220;white&#8220;]Via Dalmazia, IV\u00b0 acc. n\u00b0 6 30016 Jesolo Lido (VE) Italia +39 0421 92022 +39 0421 380723 info@hotelmondial.org [\/vc_column_text][vc_column_text el_class=&#8220;white&#8220;]Die Satellitenkoordinaten sind: Latitudine: 45.506857 Longitudine: 12.652033[\/vc_column_text][\/vc_column][vc_column width=&#8220;2\/3&#8243; el_class=&#8220;white&#8220;][\/vc_column][\/vc_row][vc_row css=&#8220;.vc_custom_1616688993517{margin-bottom: 50px !important;}&#8220;][vc_column][vc_custom_heading text=&#8220;Wie kommt [&hellip;]\" \/>\n<meta property=\"og:url\" content=\"https:\/\/hotelmondial.org\/de\/wie-kommt-man\/\" \/>\n<meta property=\"og:site_name\" content=\"Hotel Mondial\" \/>\n<meta property=\"article:modified_time\" content=\"2021-11-23T16:14:22+00:00\" \/>\n<meta name=\"twitter:card\" content=\"summary_large_image\" \/>\n<meta name=\"twitter:label1\" content=\"Gesch\u00e4tzte Lesezeit\" \/>\n\t<meta name=\"twitter:data1\" content=\"3\u00a0Minuten\" \/>\n<script type=\"application\/ld+json\" class=\"yoast-schema-graph\">{\"@context\":\"https:\/\/schema.org\",\"@graph\":[{\"@type\":\"WebPage\",\"@id\":\"https:\/\/hotelmondial.org\/de\/wie-kommt-man\/\",\"url\":\"https:\/\/hotelmondial.org\/de\/wie-kommt-man\/\",\"name\":\"Wie kommt man - Hotel Mondial\",\"isPartOf\":{\"@id\":\"https:\/\/hotelmondial.org\/#website\"},\"datePublished\":\"2021-02-15T13:30:52+00:00\",\"dateModified\":\"2021-11-23T16:14:22+00:00\",\"breadcrumb\":{\"@id\":\"https:\/\/hotelmondial.org\/de\/wie-kommt-man\/#breadcrumb\"},\"inLanguage\":\"de\",\"potentialAction\":[{\"@type\":\"ReadAction\",\"target\":[\"https:\/\/hotelmondial.org\/de\/wie-kommt-man\/\"]}]},{\"@type\":\"BreadcrumbList\",\"@id\":\"https:\/\/hotelmondial.org\/de\/wie-kommt-man\/#breadcrumb\",\"itemListElement\":[{\"@type\":\"ListItem\",\"position\":1,\"name\":\"Home\",\"item\":\"https:\/\/hotelmondial.org\/de\/\"},{\"@type\":\"ListItem\",\"position\":2,\"name\":\"Wie kommt man\"}]},{\"@type\":\"WebSite\",\"@id\":\"https:\/\/hotelmondial.org\/#website\",\"url\":\"https:\/\/hotelmondial.org\/\",\"name\":\"Hotel Mondial\",\"description\":\"\",\"potentialAction\":[{\"@type\":\"SearchAction\",\"target\":{\"@type\":\"EntryPoint\",\"urlTemplate\":\"https:\/\/hotelmondial.org\/?s={search_term_string}\"},\"query-input\":\"required name=search_term_string\"}],\"inLanguage\":\"de\"}]}<\/script>\n<!-- \/ Yoast SEO plugin. -->","yoast_head_json":{"title":"Wie kommt man - Hotel Mondial","robots":{"index":"index","follow":"follow","max-snippet":"max-snippet:-1","max-image-preview":"max-image-preview:large","max-video-preview":"max-video-preview:-1"},"canonical":"https:\/\/hotelmondial.org\/de\/wie-kommt-man\/","og_locale":"de_DE","og_type":"article","og_title":"Wie kommt man - Hotel Mondial","og_description":"[vc_row full_width=&#8220;stretch_row_content_no_spaces&#8220;][vc_column][vc_gmaps link=&#8220;#E-8_JTNDaWZyYW1lJTIwc3JjJTNEJTIyaHR0cHMlM0ElMkYlMkZ3d3cuZ29vZ2xlLmNvbSUyRm1hcHMlMkZlbWJlZCUzRnBiJTNEJTIxMW0xNCUyMTFtOCUyMTFtMyUyMTFkMTExODQuNjI2MzI0MTUyODA1JTIxMmQxMi42NTIzNzc0JTIxM2Q0NS41MDY5MjY1JTIxM20yJTIxMWkxMDI0JTIxMmk3NjglMjE0ZjEzLjElMjEzbTMlMjExbTIlMjExczB4MCUyNTNBMHhmOTgwMzVhM2IzMDIzNmIxJTIxMnNIb3RlbCUyNTIwTW9uZGlhbCUyMTVlMCUyMTNtMiUyMTFzaXQlMjEyc2l0JTIxNHYxNjE1NDcyMzUxNjAxJTIxNW0yJTIxMXNpdCUyMTJzaXQlMjIlMjB3aWR0aCUzRCUyMjYwMCUyMiUyMGhlaWdodCUzRCUyMjQ1MCUyMiUyMHN0eWxlJTNEJTIyYm9yZGVyJTNBMCUzQiUyMiUyMGFsbG93ZnVsbHNjcmVlbiUzRCUyMiUyMiUyMGxvYWRpbmclM0QlMjJsYXp5JTIyJTNFJTNDJTJGaWZyYW1lJTNF&#8220; css=&#8220;.vc_custom_1616688952073{margin-bottom: 0px !important;}&#8220;][\/vc_column][\/vc_row][vc_row full_width=&#8220;stretch_row&#8220; css=&#8220;.vc_custom_1616689119154{padding-top: 50px !important;padding-bottom: 50px !important;background-color: #61b6ef !important;}&#8220;][vc_column width=&#8220;1\/3&#8243;][vc_custom_heading text=&#8220;Hotel Mondial&#8220; font_container=&#8220;tag:h2|text_align:left|color:%23ffffff&#8220; use_theme_fonts=&#8220;yes&#8220; css=&#8220;.vc_custom_1616688870061{padding-bottom: 25px !important;}&#8220;][vc_column_text el_class=&#8220;white&#8220;]Via Dalmazia, IV\u00b0 acc. n\u00b0 6 30016 Jesolo Lido (VE) Italia +39 0421 92022 +39 0421 380723 info@hotelmondial.org [\/vc_column_text][vc_column_text el_class=&#8220;white&#8220;]Die Satellitenkoordinaten sind: Latitudine: 45.506857 Longitudine: 12.652033[\/vc_column_text][\/vc_column][vc_column width=&#8220;2\/3&#8243; el_class=&#8220;white&#8220;][\/vc_column][\/vc_row][vc_row css=&#8220;.vc_custom_1616688993517{margin-bottom: 50px !important;}&#8220;][vc_column][vc_custom_heading text=&#8220;Wie kommt [&hellip;]","og_url":"https:\/\/hotelmondial.org\/de\/wie-kommt-man\/","og_site_name":"Hotel Mondial","article_modified_time":"2021-11-23T16:14:22+00:00","twitter_card":"summary_large_image","twitter_misc":{"Gesch\u00e4tzte Lesezeit":"3\u00a0Minuten"},"schema":{"@context":"https:\/\/schema.org","@graph":[{"@type":"WebPage","@id":"https:\/\/hotelmondial.org\/de\/wie-kommt-man\/","url":"https:\/\/hotelmondial.org\/de\/wie-kommt-man\/","name":"Wie kommt man - Hotel Mondial","isPartOf":{"@id":"https:\/\/hotelmondial.org\/#website"},"datePublished":"2021-02-15T13:30:52+00:00","dateModified":"2021-11-23T16:14:22+00:00","breadcrumb":{"@id":"https:\/\/hotelmondial.org\/de\/wie-kommt-man\/#breadcrumb"},"inLanguage":"de","potentialAction":[{"@type":"ReadAction","target":["https:\/\/hotelmondial.org\/de\/wie-kommt-man\/"]}]},{"@type":"BreadcrumbList","@id":"https:\/\/hotelmondial.org\/de\/wie-kommt-man\/#breadcrumb","itemListElement":[{"@type":"ListItem","position":1,"name":"Home","item":"https:\/\/hotelmondial.org\/de\/"},{"@type":"ListItem","position":2,"name":"Wie kommt man"}]},{"@type":"WebSite","@id":"https:\/\/hotelmondial.org\/#website","url":"https:\/\/hotelmondial.org\/","name":"Hotel Mondial","description":"","potentialAction":[{"@type":"SearchAction","target":{"@type":"EntryPoint","urlTemplate":"https:\/\/hotelmondial.org\/?s={search_term_string}"},"query-input":"required name=search_term_string"}],"inLanguage":"de"}]}},"_links":{"self":[{"href":"https:\/\/hotelmondial.org\/de\/wp-json\/wp\/v2\/pages\/2564","targetHints":{"allow":["GET"]}}],"collection":[{"href":"https:\/\/hotelmondial.org\/de\/wp-json\/wp\/v2\/pages"}],"about":[{"href":"https:\/\/hotelmondial.org\/de\/wp-json\/wp\/v2\/types\/page"}],"author":[{"embeddable":true,"href":"https:\/\/hotelmondial.org\/de\/wp-json\/wp\/v2\/users\/1"}],"replies":[{"embeddable":true,"href":"https:\/\/hotelmondial.org\/de\/wp-json\/wp\/v2\/comments?post=2564"}],"version-history":[{"count":4,"href":"https:\/\/hotelmondial.org\/de\/wp-json\/wp\/v2\/pages\/2564\/revisions"}],"predecessor-version":[{"id":2691,"href":"https:\/\/hotelmondial.org\/de\/wp-json\/wp\/v2\/pages\/2564\/revisions\/2691"}],"wp:attachment":[{"href":"https:\/\/hotelmondial.org\/de\/wp-json\/wp\/v2\/media?parent=2564"}],"curies":[{"name":"wp","href":"https:\/\/api.w.org\/{rel}","templated":true}]}}