{"id":2560,"date":"2021-02-15T14:31:05","date_gmt":"2021-02-15T13:31:05","guid":{"rendered":"http:\/\/www.suonica.it\/hotelmondial\/venezia-e-la-laguna\/"},"modified":"2021-11-09T12:36:37","modified_gmt":"2021-11-09T11:36:37","slug":"venedig-und-seine-lagune","status":"publish","type":"page","link":"https:\/\/hotelmondial.org\/de\/venedig-und-seine-lagune\/","title":{"rendered":"Venedig und seine Lagune"},"content":{"rendered":"<p>[vc_row full_width=&#8220;stretch_row_content_no_spaces&#8220; bg_type=&#8220;image&#8220; parallax_style=&#8220;vcpb-default&#8220; bg_image_new=&#8220;id^2177|url^http:\/\/www.suonica.it\/hotelmondial\/wp-content\/uploads\/2021\/04\/venezia.jpg|caption^null|alt^null|title^venezia|description^null&#8220; bg_image_repeat=&#8220;no-repeat&#8220; bg_img_attach=&#8220;fixed&#8220; bg_image_posiiton=&#8220;center -360px&#8220; css=&#8220;.vc_custom_1618498732212{padding-top: 200px !important;padding-bottom: 100px !important;background-position: center !important;background-repeat: no-repeat !important;background-size: cover !important;}&#8220; el_class=&#8220;head-bg&#8220;][vc_column][\/vc_column][\/vc_row][vc_row css=&#8220;.vc_custom_1615819870644{padding-bottom: 30px !important;}&#8220;][vc_column][vc_custom_heading text=&#8220;Venedig und seine Lagune&#8220; font_container=&#8220;tag:h1|font_size:40px|text_align:left&#8220; google_fonts=&#8220;font_family:Montserrat%3Aregular%2C700|font_style:400%20regular%3A400%3Anormal&#8220;][\/vc_column][\/vc_row][vc_row][vc_column][vc_column_text]Dank der sch\u00f6nen Lage neben der Lagune, ist Venedig leicht erreichbar.<br \/>\nNicht weit vom Hotel Mondial liegt die Busstation von Jesolo, wo ein Bus jede halbe Stunde Richtung Punta Sabbioni abf\u00e4hrt. In Punta Sabbioni nimmt man das Schiff Richtung Markusplatz.[\/vc_column_text][\/vc_column][\/vc_row][vc_row][vc_column width=&#8220;1\/2&#8243;][vc_single_image image=&#8220;2199&#8243; img_size=&#8220;full&#8220;][vc_custom_heading text=&#8220;Libreria Acqua Alta, sin faszinierender Ort in Venedig&#8220; use_theme_fonts=&#8220;yes&#8220; css=&#8220;.vc_custom_1636457677856{margin-bottom: 30px !important;}&#8220;][vc_column_text]Venedig ist eine Stadt, die nie vollst\u00e4ndig verstanden werden kann und faszinierende und zeitlose Orte bietet.<br \/>\nBei Ihren Touren in Venedig empfehlen wir Ihnen, \u201cAcqua Alta\u201c einzugeben. Dies ist nicht nur eine einfache Buchhandlung, sondern ein Ort, an dem Sie die \u00fcblichen Besichtigungstouren nutzen k\u00f6nnen, um die Besonderheiten des echten Venedig kennenzulernen.<br \/>\nDa in diesem Teil Venedigs die Flut in den Laden eindringt, hat sich der Eigent\u00fcmer entschieden, eine Gondel und Badewannen zu installieren, um die B\u00fccher vom Wasser fernzuhalten. Daher die Besonderheit eines Ortes, der f\u00fcr Venezianer und Touristen zum Kult geworden ist.<br \/>\nDie Libreria Acqua Alta befindet sich in der Calle Longa S. Maria Formosa, 5176 \/ b im Stadtteil Castello. Wir beraten Sie gerne, wie Sie am besten dorthin gelangen und einen wundersch\u00f6nen Tag in Venedig verbringen.[\/vc_column_text][\/vc_column][vc_column width=&#8220;1\/2&#8243;][vc_single_image image=&#8220;2200&#8243; img_size=&#8220;full&#8220;][vc_custom_heading text=&#8220;Venedig und Karneval in Venedig<br \/>\n&#8220; use_theme_fonts=&#8220;yes&#8220; css=&#8220;.vc_custom_1636457749379{margin-bottom: 30px !important;}&#8220;][vc_column_text]W\u00e4hrend des Karnevals zeigt sich Venedig, die bunte Stadt an der Lagunebesonders farbenfroh. Und jedes Jahr hat der Karneval sein Thema.<br \/>\nHauptattraktion des Karnevals ist die gro\u00dfen B\u00fchne auf der Piazza San Marco. Manch\u2019 einer aber streunt lieber durch die \u201ccalli\u201d und \u201ccampielli\u201c, die Gassen und Pl\u00e4tzchen der Lagunenstadt.<br \/>\nDie venezianischen Maskenmacher sind darauf spezialisiert, (in ihren Werkst\u00e4tten) die traditionelle \u201ebauta\u201c anzufertigten: die typisch venezianische schwarz-wei\u00df \u201eTarnung\u201c f\u00fcr Damen und Herren der Aristokratie, die w\u00e4hrend des Karnevals verf\u00fchren und verf\u00fchrt werden wollten, ohne ihre Anonymit\u00e4t zu verlieren.<br \/>\nGenauso h\u00e4ufig kann man aber auch die feststehenden Masken der \u201cCommedia dell\u2019arte\u201c sehen, dem Improvisatios- und Stehgreiftheater aus Oberitalien: den Pantalone oder Balanzone, Brighella und Arlecchino und Colombina.[\/vc_column_text][\/vc_column][\/vc_row][vc_row][vc_column width=&#8220;1\/2&#8243;][vc_single_image image=&#8220;2190&#8243; img_size=&#8220;full&#8220;][\/vc_column][vc_column width=&#8220;1\/2&#8243;][vc_custom_heading text=&#8220;Die Lagune und ihre Inseln.&#8220; use_theme_fonts=&#8220;yes&#8220; css=&#8220;.vc_custom_1636457731680{margin-bottom: 30px !important;}&#8220;][vc_column_text]Murano, Burano und Torcello sind die ber\u00fchmteste Inseln der Lagunenstadt Venedig.<br \/>\nMurano ist weltbekannt f\u00fcr die Glasherstellung, Burano f\u00fcr die bunte H\u00e4user und die Spitzennadeltechnik, Torcello f\u00fcr die Legende Ihrer Kulturdenkm\u00e4ler.<br \/>\nEs lohnt sich eine Rundfahrt mit dem Schiff durch die Lagune, um die Kultur, die Kunst und die Folklore dieser sch\u00f6nen Inseln zu entdecken.[\/vc_column_text][\/vc_column][\/vc_row][vc_row full_width=&#8220;stretch_row&#8220; css=&#8220;.vc_custom_1618501601968{padding-bottom: 50px !important;background-color: #61b6ef !important;}&#8220;][vc_column][vc_custom_heading text=&#8220;Von Jesolo nach Venedig: einfach und komfortabel<br \/>\n&#8220; font_container=&#8220;tag:h2|text_align:left|color:%23ffffff&#8220; use_theme_fonts=&#8220;yes&#8220; css=&#8220;.vc_custom_1636457763261{margin-bottom: 30px !important;}&#8220;][vc_column_text el_class=&#8220;white&#8220;]Die Piazza San Marco von Jesolo zu erreichen ist wirklich praktisch. Das Hotel Mondial liegt nur 17 Minuten zu Fu\u00df vom Busbahnhof Jesolo entfernt. F\u00fcr diejenigen, die nicht spazieren gehen m\u00f6chten, k\u00f6nnen Sie an der Rezeption Sandra fragen, um ein Taxi zu buchen. Am Bahnhof k\u00f6nnen Sie das Quickly-Bus + Bootsticket kaufen. Ohne Stress, mit einem einzigen Schnitt, gelangen Sie nach Punta Sabbioni, wo Sie ohne Unterbrechung das Vaporetto zur Piazza San Marco finden.<br \/>\nVon Punta Sabbioni nach Venedig reisen Sie vom Morgengrauen bis zur Nacht, sodass Sie ohne Angst die beste Zeit f\u00fcr einen R\u00fcckweg w\u00e4hlen k\u00f6nnen.<br \/>\nWollen Sie wissen \u00fcber ATVO Busse nach Punta Sabbioni? Hier sind sie (link a sito www.atvo.it)<br \/>\nEs ist immer m\u00f6glich, Punta Sabbioni mit dem Auto in nur 30 Minuten von Jesolo zu erreichen. Am ACTV-Vaporetto-Terminal finden Sie viele Parkm\u00f6glichkeiten und alle 30 Minuten ein Mittel, um Sie nach San Marco zu bringen.<br \/>\nHier sind die Stunden der vaporetti in Richtung Venedig. Die Linie 14 bringt Sie nach San Marco, die Linie 12 f\u00fchrt Sie zu den Inseln Burano und Murano.[\/vc_column_text]\n\t\n\t<a style=\"border: px solid ; border-radius:px; letter-spacing:px; line-height:px; font-size:px; background-color:#ffffff; padding:5px 10px; margin:; color:#61b6ef;\" rel=\"\" target=\"_blank\" href=\"https:\/\/app.daaab.it\/frontend\/routes?to=45.438261,12.318002&to_descr=Piazzale%20Roma%20(ATVO),%20Venezia,%20Venezia,%20IT&from_descr=Lido%20di%20Jesolo%20Autostazione%20(ATVO),%20VE,%20,%20IT&from=45.508767,12.638953&transport=BUS&when=1618501412000\" class=\"nicdark_display_inline_block nd_options_float_left    \">Siehe Fahrpl\u00e4ne<\/a>\n\t\n[\/vc_column][\/vc_row]<\/p>\n","protected":false},"excerpt":{"rendered":"<p>[vc_row full_width=&#8220;stretch_row_content_no_spaces&#8220; bg_type=&#8220;image&#8220; parallax_style=&#8220;vcpb-default&#8220; bg_image_new=&#8220;id^2177|url^http:\/\/www.suonica.it\/hotelmondial\/wp-content\/uploads\/2021\/04\/venezia.jpg|caption^null|alt^null|title^venezia|description^null&#8220; bg_image_repeat=&#8220;no-repeat&#8220; bg_img_attach=&#8220;fixed&#8220; bg_image_posiiton=&#8220;center -360px&#8220; css=&#8220;.vc_custom_1618498732212{padding-top: 200px !important;padding-bottom: 100px !important;background-position: center !important;background-repeat: no-repeat !important;background-size: cover !important;}&#8220; el_class=&#8220;head-bg&#8220;][vc_column][\/vc_column][\/vc_row][vc_row css=&#8220;.vc_custom_1615819870644{padding-bottom: 30px !important;}&#8220;][vc_column][vc_custom_heading text=&#8220;Venedig und seine Lagune&#8220; font_container=&#8220;tag:h1|font_size:40px|text_align:left&#8220; google_fonts=&#8220;font_family:Montserrat%3Aregular%2C700|font_style:400%20regular%3A400%3Anormal&#8220;][\/vc_column][\/vc_row][vc_row][vc_column][vc_column_text]Dank der sch\u00f6nen Lage neben der Lagune, ist Venedig leicht erreichbar. Nicht weit vom Hotel Mondial liegt die Busstation von Jesolo, wo ein Bus jede halbe [&hellip;]<\/p>\n","protected":false},"author":1,"featured_media":0,"parent":0,"menu_order":0,"comment_status":"closed","ping_status":"closed","template":"","meta":{"footnotes":""},"class_list":["post-2560","page","type-page","status-publish","hentry"],"yoast_head":"<!-- This site is optimized with the Yoast SEO plugin v19.10 - https:\/\/yoast.com\/wordpress\/plugins\/seo\/ -->\n<title>Venedig und seine Lagune - Hotel Mondial<\/title>\n<meta name=\"robots\" content=\"index, follow, max-snippet:-1, max-image-preview:large, max-video-preview:-1\" \/>\n<link rel=\"canonical\" href=\"https:\/\/hotelmondial.org\/de\/venedig-und-seine-lagune\/\" \/>\n<meta property=\"og:locale\" content=\"de_DE\" \/>\n<meta property=\"og:type\" content=\"article\" \/>\n<meta property=\"og:title\" content=\"Venedig und seine Lagune - Hotel Mondial\" \/>\n<meta property=\"og:description\" content=\"[vc_row full_width=&#8220;stretch_row_content_no_spaces&#8220; bg_type=&#8220;image&#8220; parallax_style=&#8220;vcpb-default&#8220; bg_image_new=&#8220;id^2177|url^http:\/\/www.suonica.it\/hotelmondial\/wp-content\/uploads\/2021\/04\/venezia.jpg|caption^null|alt^null|title^venezia|description^null&#8220; bg_image_repeat=&#8220;no-repeat&#8220; bg_img_attach=&#8220;fixed&#8220; bg_image_posiiton=&#8220;center -360px&#8220; css=&#8220;.vc_custom_1618498732212{padding-top: 200px !important;padding-bottom: 100px !important;background-position: center !important;background-repeat: no-repeat !important;background-size: cover !important;}&#8220; el_class=&#8220;head-bg&#8220;][vc_column][\/vc_column][\/vc_row][vc_row css=&#8220;.vc_custom_1615819870644{padding-bottom: 30px !important;}&#8220;][vc_column][vc_custom_heading text=&#8220;Venedig und seine Lagune&#8220; font_container=&#8220;tag:h1|font_size:40px|text_align:left&#8220; google_fonts=&#8220;font_family:Montserrat%3Aregular%2C700|font_style:400%20regular%3A400%3Anormal&#8220;][\/vc_column][\/vc_row][vc_row][vc_column][vc_column_text]Dank der sch\u00f6nen Lage neben der Lagune, ist Venedig leicht erreichbar. Nicht weit vom Hotel Mondial liegt die Busstation von Jesolo, wo ein Bus jede halbe [&hellip;]\" \/>\n<meta property=\"og:url\" content=\"https:\/\/hotelmondial.org\/de\/venedig-und-seine-lagune\/\" \/>\n<meta property=\"og:site_name\" content=\"Hotel Mondial\" \/>\n<meta property=\"article:modified_time\" content=\"2021-11-09T11:36:37+00:00\" \/>\n<meta name=\"twitter:card\" content=\"summary_large_image\" \/>\n<meta name=\"twitter:label1\" content=\"Gesch\u00e4tzte Lesezeit\" \/>\n\t<meta name=\"twitter:data1\" content=\"5\u00a0Minuten\" \/>\n<script type=\"application\/ld+json\" class=\"yoast-schema-graph\">{\"@context\":\"https:\/\/schema.org\",\"@graph\":[{\"@type\":\"WebPage\",\"@id\":\"https:\/\/hotelmondial.org\/de\/venedig-und-seine-lagune\/\",\"url\":\"https:\/\/hotelmondial.org\/de\/venedig-und-seine-lagune\/\",\"name\":\"Venedig und seine Lagune - Hotel Mondial\",\"isPartOf\":{\"@id\":\"https:\/\/hotelmondial.org\/#website\"},\"datePublished\":\"2021-02-15T13:31:05+00:00\",\"dateModified\":\"2021-11-09T11:36:37+00:00\",\"breadcrumb\":{\"@id\":\"https:\/\/hotelmondial.org\/de\/venedig-und-seine-lagune\/#breadcrumb\"},\"inLanguage\":\"de\",\"potentialAction\":[{\"@type\":\"ReadAction\",\"target\":[\"https:\/\/hotelmondial.org\/de\/venedig-und-seine-lagune\/\"]}]},{\"@type\":\"BreadcrumbList\",\"@id\":\"https:\/\/hotelmondial.org\/de\/venedig-und-seine-lagune\/#breadcrumb\",\"itemListElement\":[{\"@type\":\"ListItem\",\"position\":1,\"name\":\"Home\",\"item\":\"https:\/\/hotelmondial.org\/de\/\"},{\"@type\":\"ListItem\",\"position\":2,\"name\":\"Venedig und seine Lagune\"}]},{\"@type\":\"WebSite\",\"@id\":\"https:\/\/hotelmondial.org\/#website\",\"url\":\"https:\/\/hotelmondial.org\/\",\"name\":\"Hotel Mondial\",\"description\":\"\",\"potentialAction\":[{\"@type\":\"SearchAction\",\"target\":{\"@type\":\"EntryPoint\",\"urlTemplate\":\"https:\/\/hotelmondial.org\/?s={search_term_string}\"},\"query-input\":\"required name=search_term_string\"}],\"inLanguage\":\"de\"}]}<\/script>\n<!-- \/ Yoast SEO plugin. -->","yoast_head_json":{"title":"Venedig und seine Lagune - Hotel Mondial","robots":{"index":"index","follow":"follow","max-snippet":"max-snippet:-1","max-image-preview":"max-image-preview:large","max-video-preview":"max-video-preview:-1"},"canonical":"https:\/\/hotelmondial.org\/de\/venedig-und-seine-lagune\/","og_locale":"de_DE","og_type":"article","og_title":"Venedig und seine Lagune - Hotel Mondial","og_description":"[vc_row full_width=&#8220;stretch_row_content_no_spaces&#8220; bg_type=&#8220;image&#8220; parallax_style=&#8220;vcpb-default&#8220; bg_image_new=&#8220;id^2177|url^http:\/\/www.suonica.it\/hotelmondial\/wp-content\/uploads\/2021\/04\/venezia.jpg|caption^null|alt^null|title^venezia|description^null&#8220; bg_image_repeat=&#8220;no-repeat&#8220; bg_img_attach=&#8220;fixed&#8220; bg_image_posiiton=&#8220;center -360px&#8220; css=&#8220;.vc_custom_1618498732212{padding-top: 200px !important;padding-bottom: 100px !important;background-position: center !important;background-repeat: no-repeat !important;background-size: cover !important;}&#8220; el_class=&#8220;head-bg&#8220;][vc_column][\/vc_column][\/vc_row][vc_row css=&#8220;.vc_custom_1615819870644{padding-bottom: 30px !important;}&#8220;][vc_column][vc_custom_heading text=&#8220;Venedig und seine Lagune&#8220; font_container=&#8220;tag:h1|font_size:40px|text_align:left&#8220; google_fonts=&#8220;font_family:Montserrat%3Aregular%2C700|font_style:400%20regular%3A400%3Anormal&#8220;][\/vc_column][\/vc_row][vc_row][vc_column][vc_column_text]Dank der sch\u00f6nen Lage neben der Lagune, ist Venedig leicht erreichbar. Nicht weit vom Hotel Mondial liegt die Busstation von Jesolo, wo ein Bus jede halbe [&hellip;]","og_url":"https:\/\/hotelmondial.org\/de\/venedig-und-seine-lagune\/","og_site_name":"Hotel Mondial","article_modified_time":"2021-11-09T11:36:37+00:00","twitter_card":"summary_large_image","twitter_misc":{"Gesch\u00e4tzte Lesezeit":"5\u00a0Minuten"},"schema":{"@context":"https:\/\/schema.org","@graph":[{"@type":"WebPage","@id":"https:\/\/hotelmondial.org\/de\/venedig-und-seine-lagune\/","url":"https:\/\/hotelmondial.org\/de\/venedig-und-seine-lagune\/","name":"Venedig und seine Lagune - Hotel Mondial","isPartOf":{"@id":"https:\/\/hotelmondial.org\/#website"},"datePublished":"2021-02-15T13:31:05+00:00","dateModified":"2021-11-09T11:36:37+00:00","breadcrumb":{"@id":"https:\/\/hotelmondial.org\/de\/venedig-und-seine-lagune\/#breadcrumb"},"inLanguage":"de","potentialAction":[{"@type":"ReadAction","target":["https:\/\/hotelmondial.org\/de\/venedig-und-seine-lagune\/"]}]},{"@type":"BreadcrumbList","@id":"https:\/\/hotelmondial.org\/de\/venedig-und-seine-lagune\/#breadcrumb","itemListElement":[{"@type":"ListItem","position":1,"name":"Home","item":"https:\/\/hotelmondial.org\/de\/"},{"@type":"ListItem","position":2,"name":"Venedig und seine Lagune"}]},{"@type":"WebSite","@id":"https:\/\/hotelmondial.org\/#website","url":"https:\/\/hotelmondial.org\/","name":"Hotel Mondial","description":"","potentialAction":[{"@type":"SearchAction","target":{"@type":"EntryPoint","urlTemplate":"https:\/\/hotelmondial.org\/?s={search_term_string}"},"query-input":"required name=search_term_string"}],"inLanguage":"de"}]}},"_links":{"self":[{"href":"https:\/\/hotelmondial.org\/de\/wp-json\/wp\/v2\/pages\/2560","targetHints":{"allow":["GET"]}}],"collection":[{"href":"https:\/\/hotelmondial.org\/de\/wp-json\/wp\/v2\/pages"}],"about":[{"href":"https:\/\/hotelmondial.org\/de\/wp-json\/wp\/v2\/types\/page"}],"author":[{"embeddable":true,"href":"https:\/\/hotelmondial.org\/de\/wp-json\/wp\/v2\/users\/1"}],"replies":[{"embeddable":true,"href":"https:\/\/hotelmondial.org\/de\/wp-json\/wp\/v2\/comments?post=2560"}],"version-history":[{"count":2,"href":"https:\/\/hotelmondial.org\/de\/wp-json\/wp\/v2\/pages\/2560\/revisions"}],"predecessor-version":[{"id":2563,"href":"https:\/\/hotelmondial.org\/de\/wp-json\/wp\/v2\/pages\/2560\/revisions\/2563"}],"wp:attachment":[{"href":"https:\/\/hotelmondial.org\/de\/wp-json\/wp\/v2\/media?parent=2560"}],"curies":[{"name":"wp","href":"https:\/\/api.w.org\/{rel}","templated":true}]}}