{"id":2556,"date":"2021-02-15T14:30:41","date_gmt":"2021-02-15T13:30:41","guid":{"rendered":"http:\/\/www.suonica.it\/hotelmondial\/lido-di-jesolo\/"},"modified":"2021-11-09T12:32:36","modified_gmt":"2021-11-09T11:32:36","slug":"lido-di-jesolo","status":"publish","type":"page","link":"https:\/\/hotelmondial.org\/de\/lido-di-jesolo\/","title":{"rendered":"Jesolo"},"content":{"rendered":"<p>[vc_row full_width=&#8220;stretch_row_content_no_spaces&#8220; bg_type=&#8220;image&#8220; parallax_style=&#8220;vcpb-default&#8220; bg_image_new=&#8220;id^2240|url^http:\/\/www.suonica.it\/hotelmondial\/wp-content\/uploads\/2021\/05\/hotel-mondial-jesolo.jpg|caption^null|alt^null|title^hotel-mondial-jesolo|description^null&#8220; bg_image_repeat=&#8220;no-repeat&#8220; bg_img_attach=&#8220;fixed&#8220; bg_image_posiiton=&#8220;0% 100%&#8220; css=&#8220;.vc_custom_1621330170435{padding-top: 200px !important;padding-bottom: 100px !important;}&#8220;][vc_column][\/vc_column][\/vc_row][vc_row css=&#8220;.vc_custom_1615819870644{padding-bottom: 30px !important;}&#8220;][vc_column][vc_custom_heading text=&#8220;Jesolo&#8220; font_container=&#8220;tag:h1|font_size:40px|text_align:left&#8220; google_fonts=&#8220;font_family:Montserrat%3Aregular%2C700|font_style:400%20regular%3A400%3Anormal&#8220;][\/vc_column][\/vc_row][vc_row el_class=&#8220;page-content&#8220;][vc_column][vc_column_text]Jesolo ist der bekannteste, dynamischste und modernste Strand der Oberen Adria sowie der l\u00e4ngste mit seinen 15 km feinen und goldenen Sand.<\/p>\n<p>Via Bafile und die anderen Hauptstra\u00dfen verwandeln sich am Abend in die l\u00e4ngste Fu\u00dfg\u00e4ngerzone Europas, die genau dort beginnt, wo sich das Hotel Mondial befindet und voller Gesch\u00e4fte, Bars, Restaurants, Musikveranstaltungen, Clubs, Spielzimmer ist, die keine W\u00fcnsche offen lassen und jede Delikatesse kann befriedigt werden!<\/p>\n<p>Die \u201cCity Beach\u201d ist nat\u00fcrlich der Strand von Venedig: in kurzer Zeit erreichen Sie auf dem Wasserweg die Lagunenstadt und verbringen einen Tag im Zauber des sch\u00f6nsten Ortes der Welt!<\/p>\n<p><strong>Seit 2004 ist Jesolo mit der Blauen Flagge ausgezeichnet, die stolz an unseren Str\u00e4nden weht. Eine Anerkennung, die von der Aufmerksamkeit f\u00fcr die Umwelt und der Qualit\u00e4t der Dienstleistungen zeugt, die wir unseren G\u00e4sten anbieten.<\/strong>[\/vc_column_text][vc_row_inner][vc_column_inner width=&#8220;1\/2&#8243;][vc_column_text]Jesolo bietet ein breites Netz von Radwegen, das immer weiter ausgebaut wird und Stra\u00dfen- und Feldwege kombiniert, die alle durch maximale Sicherheit f\u00fcr Profis und Amateure, Familien und Kinder gekennzeichnet sind.<br \/>\nAuf den Radwegen von Jesolo k\u00f6nnen Sie die Sch\u00f6nheiten der Lagune von Venedig, die Geschichte und Tradition des Meeres des sch\u00f6nen Dorfes Cortellazzo, die Ufer des Piave, das Zentrum des Lido und die Stadt entdecken.<br \/>\nSie k\u00f6nnen die vom Hotel angebotenen kostenlosen Leihr\u00e4der nutzen oder sich an unseren Partner Laguna E-bike in Jesolo wenden. Gegen einen vereinbarten Preis k\u00f6nnen Sie sch\u00f6ne Elektro-Fatbikes mieten, mit der M\u00f6glichkeit der Lieferung ins Hotel, oder an fantastischen gef\u00fchrten Touren teilnehmen, um unser Gebiet zu entdecken. Weitere Informationen finden Sie auf der Website <a href=\"http:\/\/www.lagunaebike.it\" target=\"_blank\" rel=\"noopener\">www.lagunaebike.it<\/a>[\/vc_column_text][\/vc_column_inner][vc_column_inner width=&#8220;1\/2&#8243;][vc_single_image image=&#8220;2232&#8243; img_size=&#8220;full&#8220;][\/vc_column_inner][\/vc_row_inner][vc_row_inner][vc_column_inner width=&#8220;1\/2&#8243;][vc_single_image image=&#8220;2230&#8243; img_size=&#8220;full&#8220;][\/vc_column_inner][vc_column_inner width=&#8220;1\/2&#8243;][vc_column_text]Jesolo Paese ist das historische Zentrum unserer Stadt, das mit dem Fahrrad und den Stadtbussen leicht zu erreichen ist.<br \/>\nFreitag ist der Tag des gro\u00dfen Marktes in Jesolo mit Hunderten von St\u00e4nden mit Produkten aller Art!<br \/>\nIn diesem Teil von Jesolo ist es auch m\u00f6glich, ein raffiniertes Panorama von Gesch\u00e4ften, Weinstuben mit K\u00fcche und Bars zu besuchen.<\/p>\n<p>Jesolo ist auch die Stadt der gro\u00dfen Attraktionen. Caribe Bay ist einer der besten Wasser-Themenparks der Welt, 27 Attraktionen f\u00fcr puren Spa\u00df. Tickets k\u00f6nnen an der Rezeption gekauft werden und sind bequem mit dem Bus, 10 Minuten vom Hotel entfernt, zu erreichen.<br \/>\nSea Life ist eine Attraktion f\u00fcr Kinder und Erwachsene, um die fantastischen Kreaturen der Meereswelt und der Lagune von Venedig zu entdecken.<br \/>\nDas Tropicarium, das sich neben dem Riesenrad auf der zentralen Piazza Brescia befindet, ist eine wundersch\u00f6ne Tierausstellung mit Krokodilen, Schlangen, Leguanen und Haien, um auch die Tage ohne Sonne zu verbringen.[\/vc_column_text][\/vc_column_inner][\/vc_row_inner][vc_column_text]Nur wenige Minuten vom Hotel Mondial entfernt befindet sich das PalaInvent, ein Geb\u00e4ude in der Stadt Jesolo, das eine reichhaltige Programme von Live-Konzerten, Musicals und Theater- und Sportveranstaltungen bietet.<\/p>\n<p>Spa\u00df in Jesolo ist garantiert. Muretto ist die international symboltr\u00e4chtige Disco, die die besten DJs der Musikszene beherbergt.<br \/>\nDie Welt der Nacht z\u00e4hlt auf eine Vielzahl von Clubs, Kneipen, Brauereien, Diskotheken, die jedem die beste Antwort auf den Wunsch nach Spa\u00df und Unbeschwertheit bieten!<\/p>\n<p>Sport ist in Jesolo zu Hause. Die Pista Azzurra ist eine der wichtigsten Go-Kart-Strecken und Austragungsort wichtiger internationaler Events. Unsere Stadt bietet auch den Golfclub mit 18 L\u00f6chern. F\u00fcr Laufbegeisterte ist die Strandpromenade ein idealer Trainingsort im Freien. In Jesolo finden auch wichtige Veranstaltungen wie der Moonlight-Halbmarathon und eine Etappe des Ironman-Circuits statt.<\/p>\n<p>Jesolo ist auch Geschichte und Kultur. Jesolo Paese Ich erz\u00e4hle die Zeugnisse der tausendj\u00e4hrigen Geschichte unserer Stadt, mit den arch\u00e4ologischen \u00dcberresten des Bereichs der \u201cAntiche Mura\u201d.[\/vc_column_text][vc_row_inner][vc_column_inner width=&#8220;1\/3&#8243;][vc_single_image image=&#8220;2226&#8243; img_size=&#8220;large&#8220;][\/vc_column_inner][vc_column_inner width=&#8220;1\/3&#8243;][vc_single_image image=&#8220;2227&#8243; img_size=&#8220;large&#8220;][\/vc_column_inner][vc_column_inner width=&#8220;1\/3&#8243;][vc_single_image image=&#8220;2228&#8243; img_size=&#8220;large&#8220;][\/vc_column_inner][\/vc_row_inner][\/vc_column][\/vc_row]<\/p>\n","protected":false},"excerpt":{"rendered":"<p>[vc_row full_width=&#8220;stretch_row_content_no_spaces&#8220; bg_type=&#8220;image&#8220; parallax_style=&#8220;vcpb-default&#8220; bg_image_new=&#8220;id^2240|url^http:\/\/www.suonica.it\/hotelmondial\/wp-content\/uploads\/2021\/05\/hotel-mondial-jesolo.jpg|caption^null|alt^null|title^hotel-mondial-jesolo|description^null&#8220; bg_image_repeat=&#8220;no-repeat&#8220; bg_img_attach=&#8220;fixed&#8220; bg_image_posiiton=&#8220;0% 100%&#8220; css=&#8220;.vc_custom_1621330170435{padding-top: 200px !important;padding-bottom: 100px !important;}&#8220;][vc_column][\/vc_column][\/vc_row][vc_row css=&#8220;.vc_custom_1615819870644{padding-bottom: 30px !important;}&#8220;][vc_column][vc_custom_heading text=&#8220;Jesolo&#8220; font_container=&#8220;tag:h1|font_size:40px|text_align:left&#8220; google_fonts=&#8220;font_family:Montserrat%3Aregular%2C700|font_style:400%20regular%3A400%3Anormal&#8220;][\/vc_column][\/vc_row][vc_row el_class=&#8220;page-content&#8220;][vc_column][vc_column_text]Jesolo ist der bekannteste, dynamischste und modernste Strand der Oberen Adria sowie der l\u00e4ngste mit seinen 15 km feinen und goldenen Sand. Via Bafile und die anderen Hauptstra\u00dfen verwandeln sich am Abend in die l\u00e4ngste [&hellip;]<\/p>\n","protected":false},"author":1,"featured_media":0,"parent":0,"menu_order":0,"comment_status":"closed","ping_status":"closed","template":"","meta":{"footnotes":""},"class_list":["post-2556","page","type-page","status-publish","hentry"],"yoast_head":"<!-- This site is optimized with the Yoast SEO plugin v19.10 - https:\/\/yoast.com\/wordpress\/plugins\/seo\/ -->\n<title>Jesolo - Hotel Mondial<\/title>\n<meta name=\"robots\" content=\"index, follow, max-snippet:-1, max-image-preview:large, max-video-preview:-1\" \/>\n<link rel=\"canonical\" href=\"https:\/\/hotelmondial.org\/de\/lido-di-jesolo\/\" \/>\n<meta property=\"og:locale\" content=\"de_DE\" \/>\n<meta property=\"og:type\" content=\"article\" \/>\n<meta property=\"og:title\" content=\"Jesolo - Hotel Mondial\" \/>\n<meta property=\"og:description\" content=\"[vc_row full_width=&#8220;stretch_row_content_no_spaces&#8220; bg_type=&#8220;image&#8220; parallax_style=&#8220;vcpb-default&#8220; bg_image_new=&#8220;id^2240|url^http:\/\/www.suonica.it\/hotelmondial\/wp-content\/uploads\/2021\/05\/hotel-mondial-jesolo.jpg|caption^null|alt^null|title^hotel-mondial-jesolo|description^null&#8220; bg_image_repeat=&#8220;no-repeat&#8220; bg_img_attach=&#8220;fixed&#8220; bg_image_posiiton=&#8220;0% 100%&#8220; css=&#8220;.vc_custom_1621330170435{padding-top: 200px !important;padding-bottom: 100px !important;}&#8220;][vc_column][\/vc_column][\/vc_row][vc_row css=&#8220;.vc_custom_1615819870644{padding-bottom: 30px !important;}&#8220;][vc_column][vc_custom_heading text=&#8220;Jesolo&#8220; font_container=&#8220;tag:h1|font_size:40px|text_align:left&#8220; google_fonts=&#8220;font_family:Montserrat%3Aregular%2C700|font_style:400%20regular%3A400%3Anormal&#8220;][\/vc_column][\/vc_row][vc_row el_class=&#8220;page-content&#8220;][vc_column][vc_column_text]Jesolo ist der bekannteste, dynamischste und modernste Strand der Oberen Adria sowie der l\u00e4ngste mit seinen 15 km feinen und goldenen Sand. Via Bafile und die anderen Hauptstra\u00dfen verwandeln sich am Abend in die l\u00e4ngste [&hellip;]\" \/>\n<meta property=\"og:url\" content=\"https:\/\/hotelmondial.org\/de\/lido-di-jesolo\/\" \/>\n<meta property=\"og:site_name\" content=\"Hotel Mondial\" \/>\n<meta property=\"article:modified_time\" content=\"2021-11-09T11:32:36+00:00\" \/>\n<meta name=\"twitter:card\" content=\"summary_large_image\" \/>\n<meta name=\"twitter:label1\" content=\"Gesch\u00e4tzte Lesezeit\" \/>\n\t<meta name=\"twitter:data1\" content=\"4\u00a0Minuten\" \/>\n<script type=\"application\/ld+json\" class=\"yoast-schema-graph\">{\"@context\":\"https:\/\/schema.org\",\"@graph\":[{\"@type\":\"WebPage\",\"@id\":\"https:\/\/hotelmondial.org\/de\/lido-di-jesolo\/\",\"url\":\"https:\/\/hotelmondial.org\/de\/lido-di-jesolo\/\",\"name\":\"Jesolo - Hotel Mondial\",\"isPartOf\":{\"@id\":\"https:\/\/hotelmondial.org\/#website\"},\"datePublished\":\"2021-02-15T13:30:41+00:00\",\"dateModified\":\"2021-11-09T11:32:36+00:00\",\"breadcrumb\":{\"@id\":\"https:\/\/hotelmondial.org\/de\/lido-di-jesolo\/#breadcrumb\"},\"inLanguage\":\"de\",\"potentialAction\":[{\"@type\":\"ReadAction\",\"target\":[\"https:\/\/hotelmondial.org\/de\/lido-di-jesolo\/\"]}]},{\"@type\":\"BreadcrumbList\",\"@id\":\"https:\/\/hotelmondial.org\/de\/lido-di-jesolo\/#breadcrumb\",\"itemListElement\":[{\"@type\":\"ListItem\",\"position\":1,\"name\":\"Home\",\"item\":\"https:\/\/hotelmondial.org\/de\/\"},{\"@type\":\"ListItem\",\"position\":2,\"name\":\"Jesolo\"}]},{\"@type\":\"WebSite\",\"@id\":\"https:\/\/hotelmondial.org\/#website\",\"url\":\"https:\/\/hotelmondial.org\/\",\"name\":\"Hotel Mondial\",\"description\":\"\",\"potentialAction\":[{\"@type\":\"SearchAction\",\"target\":{\"@type\":\"EntryPoint\",\"urlTemplate\":\"https:\/\/hotelmondial.org\/?s={search_term_string}\"},\"query-input\":\"required name=search_term_string\"}],\"inLanguage\":\"de\"}]}<\/script>\n<!-- \/ Yoast SEO plugin. -->","yoast_head_json":{"title":"Jesolo - Hotel Mondial","robots":{"index":"index","follow":"follow","max-snippet":"max-snippet:-1","max-image-preview":"max-image-preview:large","max-video-preview":"max-video-preview:-1"},"canonical":"https:\/\/hotelmondial.org\/de\/lido-di-jesolo\/","og_locale":"de_DE","og_type":"article","og_title":"Jesolo - Hotel Mondial","og_description":"[vc_row full_width=&#8220;stretch_row_content_no_spaces&#8220; bg_type=&#8220;image&#8220; parallax_style=&#8220;vcpb-default&#8220; bg_image_new=&#8220;id^2240|url^http:\/\/www.suonica.it\/hotelmondial\/wp-content\/uploads\/2021\/05\/hotel-mondial-jesolo.jpg|caption^null|alt^null|title^hotel-mondial-jesolo|description^null&#8220; bg_image_repeat=&#8220;no-repeat&#8220; bg_img_attach=&#8220;fixed&#8220; bg_image_posiiton=&#8220;0% 100%&#8220; css=&#8220;.vc_custom_1621330170435{padding-top: 200px !important;padding-bottom: 100px !important;}&#8220;][vc_column][\/vc_column][\/vc_row][vc_row css=&#8220;.vc_custom_1615819870644{padding-bottom: 30px !important;}&#8220;][vc_column][vc_custom_heading text=&#8220;Jesolo&#8220; font_container=&#8220;tag:h1|font_size:40px|text_align:left&#8220; google_fonts=&#8220;font_family:Montserrat%3Aregular%2C700|font_style:400%20regular%3A400%3Anormal&#8220;][\/vc_column][\/vc_row][vc_row el_class=&#8220;page-content&#8220;][vc_column][vc_column_text]Jesolo ist der bekannteste, dynamischste und modernste Strand der Oberen Adria sowie der l\u00e4ngste mit seinen 15 km feinen und goldenen Sand. Via Bafile und die anderen Hauptstra\u00dfen verwandeln sich am Abend in die l\u00e4ngste [&hellip;]","og_url":"https:\/\/hotelmondial.org\/de\/lido-di-jesolo\/","og_site_name":"Hotel Mondial","article_modified_time":"2021-11-09T11:32:36+00:00","twitter_card":"summary_large_image","twitter_misc":{"Gesch\u00e4tzte Lesezeit":"4\u00a0Minuten"},"schema":{"@context":"https:\/\/schema.org","@graph":[{"@type":"WebPage","@id":"https:\/\/hotelmondial.org\/de\/lido-di-jesolo\/","url":"https:\/\/hotelmondial.org\/de\/lido-di-jesolo\/","name":"Jesolo - Hotel Mondial","isPartOf":{"@id":"https:\/\/hotelmondial.org\/#website"},"datePublished":"2021-02-15T13:30:41+00:00","dateModified":"2021-11-09T11:32:36+00:00","breadcrumb":{"@id":"https:\/\/hotelmondial.org\/de\/lido-di-jesolo\/#breadcrumb"},"inLanguage":"de","potentialAction":[{"@type":"ReadAction","target":["https:\/\/hotelmondial.org\/de\/lido-di-jesolo\/"]}]},{"@type":"BreadcrumbList","@id":"https:\/\/hotelmondial.org\/de\/lido-di-jesolo\/#breadcrumb","itemListElement":[{"@type":"ListItem","position":1,"name":"Home","item":"https:\/\/hotelmondial.org\/de\/"},{"@type":"ListItem","position":2,"name":"Jesolo"}]},{"@type":"WebSite","@id":"https:\/\/hotelmondial.org\/#website","url":"https:\/\/hotelmondial.org\/","name":"Hotel Mondial","description":"","potentialAction":[{"@type":"SearchAction","target":{"@type":"EntryPoint","urlTemplate":"https:\/\/hotelmondial.org\/?s={search_term_string}"},"query-input":"required name=search_term_string"}],"inLanguage":"de"}]}},"_links":{"self":[{"href":"https:\/\/hotelmondial.org\/de\/wp-json\/wp\/v2\/pages\/2556","targetHints":{"allow":["GET"]}}],"collection":[{"href":"https:\/\/hotelmondial.org\/de\/wp-json\/wp\/v2\/pages"}],"about":[{"href":"https:\/\/hotelmondial.org\/de\/wp-json\/wp\/v2\/types\/page"}],"author":[{"embeddable":true,"href":"https:\/\/hotelmondial.org\/de\/wp-json\/wp\/v2\/users\/1"}],"replies":[{"embeddable":true,"href":"https:\/\/hotelmondial.org\/de\/wp-json\/wp\/v2\/comments?post=2556"}],"version-history":[{"count":2,"href":"https:\/\/hotelmondial.org\/de\/wp-json\/wp\/v2\/pages\/2556\/revisions"}],"predecessor-version":[{"id":2559,"href":"https:\/\/hotelmondial.org\/de\/wp-json\/wp\/v2\/pages\/2556\/revisions\/2559"}],"wp:attachment":[{"href":"https:\/\/hotelmondial.org\/de\/wp-json\/wp\/v2\/media?parent=2556"}],"curies":[{"name":"wp","href":"https:\/\/api.w.org\/{rel}","templated":true}]}}