{"id":2552,"date":"2021-03-11T14:50:13","date_gmt":"2021-03-11T13:50:13","guid":{"rendered":"http:\/\/www.suonica.it\/hotelmondial\/servizi\/"},"modified":"2021-11-09T12:25:56","modified_gmt":"2021-11-09T11:25:56","slug":"hotelleistungen","status":"publish","type":"page","link":"https:\/\/hotelmondial.org\/de\/hotelleistungen\/","title":{"rendered":"Hotelleistungen"},"content":{"rendered":"<p>[vc_row css=&#8220;.vc_custom_1616428600032{padding-top: 50px !important;}&#8220;][vc_column width=&#8220;1\/2&#8243;][vc_custom_heading text=&#8220;Strand 3.0&#8243; use_theme_fonts=&#8220;yes&#8220; css=&#8220;.vc_custom_1636456975561{padding-bottom: 25px !important;}&#8220;][vc_column_text]<strong>\u201c89 Schritte vom Meer\u201d ist unser Motto!<\/strong><\/p>\n<p>Das Hotel Mondial liegt direkt am Meer mit direktem Zugang zum Strand, ohne Stra\u00dfen zu \u00fcberqueren!<\/p>\n<p>Der Preis f\u00fcr Ihren Urlaub im Hotel Mondial beinhaltet den Strandservice mit Sonnenschirmen und Liegen f\u00fcr unsere G\u00e4ste, die sich direkt vor dem Hotel befinden. Bei Ihrer Ankunft erhalten Sie ein Armband, mit dem Sie die Dienstleistungen am Strand nutzen k\u00f6nnen.[\/vc_column_text]\n\t\n\t<a style=\"border: px solid ; border-radius:px; letter-spacing:px; line-height:px; font-size:px; background-color:#61b6ef; padding:5px 10px; margin:; color:#ffffff;\" rel=\"\"  href=\"http:\/\/www.suonica.it\/hotelmondial\/de\/strand-3-0\/\" class=\"nicdark_display_inline_block nd_options_float_left    \">Finde mehr heraus<\/a>\n\t\n[\/vc_column][vc_column width=&#8220;1\/2&#8243;][vc_single_image image=&#8220;1801&#8243; img_size=&#8220;full&#8220;][\/vc_column][\/vc_row][vc_row full_width=&#8220;stretch_row&#8220; css=&#8220;.vc_custom_1615903444409{background-color: #61b6ef !important;}&#8220;][vc_column width=&#8220;1\/2&#8243;][vc_custom_heading text=&#8220;Sea Front Private SPA&#8220; font_container=&#8220;tag:h2|text_align:left|color:%23ffffff&#8220; use_theme_fonts=&#8220;yes&#8220; css=&#8220;.vc_custom_1617799588009{padding-bottom: 25px !important;}&#8220;][vc_column_text el_class=&#8220;white&#8220;]<strong>Sea Front Private SPA<\/strong>, 60 Quadratmeter Wellness direkt am Meer in der obersten Etage des Hotels.<\/p>\n<p>Sea Front Private SPA wurde aus der Idee geboren, in einer Mischung aus Emotionen und Farben einen atemberaubenden Meerblick mit Pflege f\u00fcr den K\u00f6rper und Entspannung des Geistes zu kombinieren. Am Ende eines Strandtages, morgens oder an einem bew\u00f6lkten Tag k\u00f6nnen viele Momente der Entspannung entstehen.[\/vc_column_text]\n\t\n\t<a style=\"border: px solid ; border-radius:px; letter-spacing:px; line-height:px; font-size:px; background-color:#ffffff; padding:5px 10px; margin:; color:#61b6ef;\" rel=\"\"  href=\"http:\/\/www.suonica.it\/hotelmondial\/de\/sea-front-private-spa\/\" class=\"nicdark_display_inline_block nd_options_float_left    \">Finde mehr heraus<\/a>\n\t\n[\/vc_column][vc_column width=&#8220;1\/2&#8243;][vc_single_image image=&#8220;1800&#8243; img_size=&#8220;full&#8220;][\/vc_column][\/vc_row][vc_row][vc_column width=&#8220;1\/2&#8243;][vc_custom_heading text=&#8220;Restaurant&#8220; use_theme_fonts=&#8220;yes&#8220; css=&#8220;.vc_custom_1636457039336{padding-bottom: 25px !important;}&#8220;][vc_column_text]Unser klimatisierter Speisesaal bietet eine w\u00fcndersch\u00f6ne Blick auf die Adria. W\u00e4hrend des Essens genie\u00dfen unsere G\u00e4ste eine herrliche Aussicht.<\/p>\n<p>Die K\u00fcche, die wir anbieten, ist typisch italienisch, sehr abwechslungsreich, genau und unverf\u00e4lscht, um jeden Gaumen zu befriedigen.[\/vc_column_text]\n\t\n\t<a style=\"border: px solid ; border-radius:px; letter-spacing:px; line-height:px; font-size:px; background-color:#61b6ef; padding:5px 10px; margin:; color:#ffffff;\" rel=\"\"  href=\"http:\/\/www.suonica.it\/hotelmondial\/de\/restaurant\/\" class=\"nicdark_display_inline_block nd_options_float_left    \">Finde mehr heraus<\/a>\n\t\n[\/vc_column][vc_column width=&#8220;1\/2&#8243;][vc_single_image image=&#8220;1799&#8243; img_size=&#8220;full&#8220;][\/vc_column][\/vc_row][vc_row full_width=&#8220;stretch_row&#8220; css=&#8220;.vc_custom_1615903444409{background-color: #61b6ef !important;}&#8220;][vc_column width=&#8220;1\/2&#8243;][vc_custom_heading text=&#8220;Schwimmbad&#8220; font_container=&#8220;tag:h2|text_align:left|color:%23ffffff&#8220; use_theme_fonts=&#8220;yes&#8220; css=&#8220;.vc_custom_1636457102787{padding-bottom: 25px !important;}&#8220;][vc_column_text el_class=&#8220;white&#8220;]Mit Blick auf das Meer, kurz bevor Sie am Strand des Hotels Mondial ankommen, befindet sich unser Au\u00dfenpool mit Blick auf das Meer!<\/p>\n<p>Es ist extrem einfach, an hei\u00dfen Sommertagen ein erfrischendes Bad zu nehmen, und ist von bequemen Sonnenliegen und Sonnenschirmen umgeben, um tags\u00fcber Zeit in Privatsph\u00e4re zu verbringen.<\/p>\n<p>Der Pool ist f\u00fcr Erwachsene und Kinder geeignet, hat eine konstante H\u00f6he von 1,5 Metern und garantiert Spa\u00df und Entspannung in maximaler Sicherheit in Ihrem Strandurlaub![\/vc_column_text][\/vc_column][vc_column width=&#8220;1\/2&#8243;][vc_single_image image=&#8220;2171&#8243; img_size=&#8220;full&#8220;][\/vc_column][\/vc_row][vc_row][vc_column width=&#8220;1\/2&#8243;][vc_custom_heading text=&#8220;Gym&#8220; use_theme_fonts=&#8220;yes&#8220; css=&#8220;.vc_custom_1636457116890{padding-bottom: 25px !important;}&#8220;][vc_column_text]Unser ger\u00e4umiger und ausgestatteter Fitnessraum im zweiten Stock des Mini Mondial bietet einen herrlichen Blick auf die Adria, damit Sie Ihr Trainingsprogramm auch im Urlaub fortsetzen k\u00f6nnen und Entspannung des Geistes mit k\u00f6rperlicher Pflege kombinieren.<\/p>\n<p>Der Zugang zum Fitnessraum ist bei Reservierung, selbstverst\u00e4ndlich im Reisepreis inbegriffen. Der Raum ist mit einem Laufband, Heimtrainer, Yoga- und Gymnastikmatten, Bauchbank, Fitball und viele Fitnessrger\u00e4te ausgestattet.[\/vc_column_text][\/vc_column][vc_column width=&#8220;1\/2&#8243;][vc_single_image image=&#8220;2173&#8243; img_size=&#8220;full&#8220;][\/vc_column][\/vc_row][vc_row full_width=&#8220;stretch_row&#8220; css=&#8220;.vc_custom_1615903444409{background-color: #61b6ef !important;}&#8220;][vc_column width=&#8220;1\/2&#8243;][vc_custom_heading text=&#8220;Fahrr\u00e4der&#8220; font_container=&#8220;tag:h2|text_align:left|color:%23ffffff&#8220; use_theme_fonts=&#8220;yes&#8220; css=&#8220;.vc_custom_1636457132735{padding-bottom: 25px !important;}&#8220;][vc_column_text el_class=&#8220;white&#8220;]Der Preis f\u00fcr Ihren Urlaub im Hotel Mondial beinhaltet auch den Fahrradverleih f\u00fcr einen Ausflug in die Umgebung von Jesolo oder um die lange Einkaufsstra\u00dfe am Abend zu entdecken.<\/p>\n<p>Zur Verf\u00fcgung unserer G\u00e4ste zahlreiche Stadtfahrr\u00e4der, komfortabel und sicher, mit einem Gep\u00e4ckkorb f\u00fcr Ihre Eink\u00e4ufe. Wir sind auch mit einigen Fahrr\u00e4dern ausgestattet, die mit einem zertifizierten Kindersitz ausgestattet sind, um Ihre Kinder mitzunehmen.[\/vc_column_text][\/vc_column][vc_column width=&#8220;1\/2&#8243;][vc_single_image image=&#8220;2175&#8243; img_size=&#8220;full&#8220;][\/vc_column][\/vc_row][vc_row][vc_column width=&#8220;1\/2&#8243;][vc_custom_heading text=&#8220;Parkplatz&#8220; use_theme_fonts=&#8220;yes&#8220; css=&#8220;.vc_custom_1636457145995{padding-bottom: 25px !important;}&#8220;][vc_column_text]Der Preis f\u00fcr Ihren Urlaub in Jesolo beinhaltet einen Parkplatz f\u00fcr Ihr Auto oder Motorrad.<br \/>\nWir haben drei L\u00f6sungen, um alle Fahrzeuge unserer G\u00e4ste zu parken: einen Parkplatz vor dem Hotel, eine Tiefgarage unter dem Geb\u00e4ude oder einen Parkplatz, auch in Preis imbegriffen, und nur 200 Meter vom Hotel Mondial entfernt.<br \/>\nF\u00fcr unsere \u201cSmart\u201c G\u00e4ste steht eine Ladestation f\u00fcr Elektroautos zur Verf\u00fcgung!<br \/>\nSie reisen mit dem Fahrrad an? Kein Problem, wir werden auch daf\u00fcr Platz haben![\/vc_column_text][\/vc_column][vc_column width=&#8220;1\/2&#8243;][vc_single_image image=&#8220;2242&#8243; img_size=&#8220;full&#8220;][\/vc_column][\/vc_row]<\/p>\n","protected":false},"excerpt":{"rendered":"<p>[vc_row css=&#8220;.vc_custom_1616428600032{padding-top: 50px !important;}&#8220;][vc_column width=&#8220;1\/2&#8243;][vc_custom_heading text=&#8220;Strand 3.0&#8243; use_theme_fonts=&#8220;yes&#8220; css=&#8220;.vc_custom_1636456975561{padding-bottom: 25px !important;}&#8220;][vc_column_text]\u201c89 Schritte vom Meer\u201d ist unser Motto! Das Hotel Mondial liegt direkt am Meer mit direktem Zugang zum Strand, ohne Stra\u00dfen zu \u00fcberqueren! Der Preis f\u00fcr Ihren Urlaub im Hotel Mondial beinhaltet den Strandservice mit Sonnenschirmen und Liegen f\u00fcr unsere G\u00e4ste, die sich direkt vor [&hellip;]<\/p>\n","protected":false},"author":1,"featured_media":0,"parent":0,"menu_order":0,"comment_status":"closed","ping_status":"closed","template":"","meta":{"footnotes":""},"class_list":["post-2552","page","type-page","status-publish","hentry"],"yoast_head":"<!-- This site is optimized with the Yoast SEO plugin v19.10 - https:\/\/yoast.com\/wordpress\/plugins\/seo\/ -->\n<title>Hotelleistungen - Hotel Mondial<\/title>\n<meta name=\"robots\" content=\"index, follow, max-snippet:-1, max-image-preview:large, max-video-preview:-1\" \/>\n<link rel=\"canonical\" href=\"https:\/\/hotelmondial.org\/de\/hotelleistungen\/\" \/>\n<meta property=\"og:locale\" content=\"de_DE\" \/>\n<meta property=\"og:type\" content=\"article\" \/>\n<meta property=\"og:title\" content=\"Hotelleistungen - Hotel Mondial\" \/>\n<meta property=\"og:description\" content=\"[vc_row css=&#8220;.vc_custom_1616428600032{padding-top: 50px !important;}&#8220;][vc_column width=&#8220;1\/2&#8243;][vc_custom_heading text=&#8220;Strand 3.0&#8243; use_theme_fonts=&#8220;yes&#8220; css=&#8220;.vc_custom_1636456975561{padding-bottom: 25px !important;}&#8220;][vc_column_text]\u201c89 Schritte vom Meer\u201d ist unser Motto! Das Hotel Mondial liegt direkt am Meer mit direktem Zugang zum Strand, ohne Stra\u00dfen zu \u00fcberqueren! Der Preis f\u00fcr Ihren Urlaub im Hotel Mondial beinhaltet den Strandservice mit Sonnenschirmen und Liegen f\u00fcr unsere G\u00e4ste, die sich direkt vor [&hellip;]\" \/>\n<meta property=\"og:url\" content=\"https:\/\/hotelmondial.org\/de\/hotelleistungen\/\" \/>\n<meta property=\"og:site_name\" content=\"Hotel Mondial\" \/>\n<meta property=\"article:modified_time\" content=\"2021-11-09T11:25:56+00:00\" \/>\n<meta name=\"twitter:card\" content=\"summary_large_image\" \/>\n<meta name=\"twitter:label1\" content=\"Gesch\u00e4tzte Lesezeit\" \/>\n\t<meta name=\"twitter:data1\" content=\"5\u00a0Minuten\" \/>\n<script type=\"application\/ld+json\" class=\"yoast-schema-graph\">{\"@context\":\"https:\/\/schema.org\",\"@graph\":[{\"@type\":\"WebPage\",\"@id\":\"https:\/\/hotelmondial.org\/de\/hotelleistungen\/\",\"url\":\"https:\/\/hotelmondial.org\/de\/hotelleistungen\/\",\"name\":\"Hotelleistungen - Hotel Mondial\",\"isPartOf\":{\"@id\":\"https:\/\/hotelmondial.org\/#website\"},\"datePublished\":\"2021-03-11T13:50:13+00:00\",\"dateModified\":\"2021-11-09T11:25:56+00:00\",\"breadcrumb\":{\"@id\":\"https:\/\/hotelmondial.org\/de\/hotelleistungen\/#breadcrumb\"},\"inLanguage\":\"de\",\"potentialAction\":[{\"@type\":\"ReadAction\",\"target\":[\"https:\/\/hotelmondial.org\/de\/hotelleistungen\/\"]}]},{\"@type\":\"BreadcrumbList\",\"@id\":\"https:\/\/hotelmondial.org\/de\/hotelleistungen\/#breadcrumb\",\"itemListElement\":[{\"@type\":\"ListItem\",\"position\":1,\"name\":\"Home\",\"item\":\"https:\/\/hotelmondial.org\/de\/\"},{\"@type\":\"ListItem\",\"position\":2,\"name\":\"Hotelleistungen\"}]},{\"@type\":\"WebSite\",\"@id\":\"https:\/\/hotelmondial.org\/#website\",\"url\":\"https:\/\/hotelmondial.org\/\",\"name\":\"Hotel Mondial\",\"description\":\"\",\"potentialAction\":[{\"@type\":\"SearchAction\",\"target\":{\"@type\":\"EntryPoint\",\"urlTemplate\":\"https:\/\/hotelmondial.org\/?s={search_term_string}\"},\"query-input\":\"required name=search_term_string\"}],\"inLanguage\":\"de\"}]}<\/script>\n<!-- \/ Yoast SEO plugin. -->","yoast_head_json":{"title":"Hotelleistungen - Hotel Mondial","robots":{"index":"index","follow":"follow","max-snippet":"max-snippet:-1","max-image-preview":"max-image-preview:large","max-video-preview":"max-video-preview:-1"},"canonical":"https:\/\/hotelmondial.org\/de\/hotelleistungen\/","og_locale":"de_DE","og_type":"article","og_title":"Hotelleistungen - Hotel Mondial","og_description":"[vc_row css=&#8220;.vc_custom_1616428600032{padding-top: 50px !important;}&#8220;][vc_column width=&#8220;1\/2&#8243;][vc_custom_heading text=&#8220;Strand 3.0&#8243; use_theme_fonts=&#8220;yes&#8220; css=&#8220;.vc_custom_1636456975561{padding-bottom: 25px !important;}&#8220;][vc_column_text]\u201c89 Schritte vom Meer\u201d ist unser Motto! Das Hotel Mondial liegt direkt am Meer mit direktem Zugang zum Strand, ohne Stra\u00dfen zu \u00fcberqueren! Der Preis f\u00fcr Ihren Urlaub im Hotel Mondial beinhaltet den Strandservice mit Sonnenschirmen und Liegen f\u00fcr unsere G\u00e4ste, die sich direkt vor [&hellip;]","og_url":"https:\/\/hotelmondial.org\/de\/hotelleistungen\/","og_site_name":"Hotel Mondial","article_modified_time":"2021-11-09T11:25:56+00:00","twitter_card":"summary_large_image","twitter_misc":{"Gesch\u00e4tzte Lesezeit":"5\u00a0Minuten"},"schema":{"@context":"https:\/\/schema.org","@graph":[{"@type":"WebPage","@id":"https:\/\/hotelmondial.org\/de\/hotelleistungen\/","url":"https:\/\/hotelmondial.org\/de\/hotelleistungen\/","name":"Hotelleistungen - Hotel Mondial","isPartOf":{"@id":"https:\/\/hotelmondial.org\/#website"},"datePublished":"2021-03-11T13:50:13+00:00","dateModified":"2021-11-09T11:25:56+00:00","breadcrumb":{"@id":"https:\/\/hotelmondial.org\/de\/hotelleistungen\/#breadcrumb"},"inLanguage":"de","potentialAction":[{"@type":"ReadAction","target":["https:\/\/hotelmondial.org\/de\/hotelleistungen\/"]}]},{"@type":"BreadcrumbList","@id":"https:\/\/hotelmondial.org\/de\/hotelleistungen\/#breadcrumb","itemListElement":[{"@type":"ListItem","position":1,"name":"Home","item":"https:\/\/hotelmondial.org\/de\/"},{"@type":"ListItem","position":2,"name":"Hotelleistungen"}]},{"@type":"WebSite","@id":"https:\/\/hotelmondial.org\/#website","url":"https:\/\/hotelmondial.org\/","name":"Hotel Mondial","description":"","potentialAction":[{"@type":"SearchAction","target":{"@type":"EntryPoint","urlTemplate":"https:\/\/hotelmondial.org\/?s={search_term_string}"},"query-input":"required name=search_term_string"}],"inLanguage":"de"}]}},"_links":{"self":[{"href":"https:\/\/hotelmondial.org\/de\/wp-json\/wp\/v2\/pages\/2552","targetHints":{"allow":["GET"]}}],"collection":[{"href":"https:\/\/hotelmondial.org\/de\/wp-json\/wp\/v2\/pages"}],"about":[{"href":"https:\/\/hotelmondial.org\/de\/wp-json\/wp\/v2\/types\/page"}],"author":[{"embeddable":true,"href":"https:\/\/hotelmondial.org\/de\/wp-json\/wp\/v2\/users\/1"}],"replies":[{"embeddable":true,"href":"https:\/\/hotelmondial.org\/de\/wp-json\/wp\/v2\/comments?post=2552"}],"version-history":[{"count":2,"href":"https:\/\/hotelmondial.org\/de\/wp-json\/wp\/v2\/pages\/2552\/revisions"}],"predecessor-version":[{"id":2555,"href":"https:\/\/hotelmondial.org\/de\/wp-json\/wp\/v2\/pages\/2552\/revisions\/2555"}],"wp:attachment":[{"href":"https:\/\/hotelmondial.org\/de\/wp-json\/wp\/v2\/media?parent=2552"}],"curies":[{"name":"wp","href":"https:\/\/api.w.org\/{rel}","templated":true}]}}