{"id":2547,"date":"2021-02-15T14:29:50","date_gmt":"2021-02-15T13:29:50","guid":{"rendered":"http:\/\/www.suonica.it\/hotelmondial\/sea-front-private-spa\/"},"modified":"2021-11-09T12:21:29","modified_gmt":"2021-11-09T11:21:29","slug":"sea-front-private-spa","status":"publish","type":"page","link":"https:\/\/hotelmondial.org\/de\/sea-front-private-spa\/","title":{"rendered":"Sea Front Private SPA"},"content":{"rendered":"<p>[vc_row full_width=&#8220;stretch_row_content_no_spaces&#8220; bg_type=&#8220;image&#8220; parallax_style=&#8220;vcpb-default&#8220; bg_image_new=&#8220;id^167|url^http:\/\/www.suonica.it\/hotelmondial\/wp-content\/uploads\/2021\/02\/sea-front-spa.jpg|caption^null|alt^null|title^sea-front-spa|description^null&#8220; bg_image_repeat=&#8220;no-repeat&#8220; bg_img_attach=&#8220;fixed&#8220; bg_image_posiiton=&#8220;0px -320px&#8220; css=&#8220;.vc_custom_1618499001963{padding-top: 200px !important;padding-bottom: 100px !important;background-position: center !important;background-repeat: no-repeat !important;background-size: cover !important;}&#8220;][vc_column][\/vc_column][\/vc_row][vc_row css=&#8220;.vc_custom_1615904767145{padding-top: 30px !important;padding-bottom: 30px !important;}&#8220;][vc_column][vc_custom_heading text=&#8220;Sea Front Private SPA&#8220; font_container=&#8220;tag:h1|font_size:40px|text_align:left&#8220; google_fonts=&#8220;font_family:Montserrat%3Aregular%2C700|font_style:400%20regular%3A400%3Anormal&#8220;][\/vc_column][\/vc_row][vc_row][vc_column width=&#8220;1\/2&#8243;][vc_column_text]<\/p>\n<article class=\"post-1101 page type-page status-publish entry\">\n<div class=\"entry-content\">\n<p>Sea Front Private SPA, 60 Quadratmeter Wellness direkt am Meer in der obersten Etage des Hotels.<\/p>\n<p>Sea Front Private SPA wurde aus der Idee geboren, in einer Mischung aus Emotionen und Farben einen atemberaubenden Meerblick mit Pflege f\u00fcr den K\u00f6rper und Entspannung des Geistes zu kombinieren. Am Ende eines Strandtages, morgens oder an einem bew\u00f6lkten Tag k\u00f6nnen viele Momente der Entspannung entstehen.<\/p>\n<p>Unseren G\u00e4sten stehen eine elegante Sauna, ein t\u00fcrkisches Bad, ein Whirlpool mit Blick auf die Adria, eine Ruhezone mit bequemen Liegen und zwei erfrischende Erlebnisduschen zur Verf\u00fcgung.<\/p>\n<\/div>\n<\/article>\n<p>[\/vc_column_text][\/vc_column][vc_column width=&#8220;1\/2&#8243;][vc_column_text]<\/p>\n<article class=\"post-1101 page type-page status-publish entry\">\n<div class=\"entry-content\">\n<p>Dar\u00fcber hinaus ein ruhiges Solarium im Freien. Alles eingef\u00fcgt in einen von gro\u00dfen Fenstern umgebenen Raum mit 360 \u00b0 Blick auf den Strand von Jesolo.<\/p>\n<p>Das Sea Front Private SPA ist f\u00fcr alle G\u00e4ste des Hotels gegen Zahlung zug\u00e4nglich, der Bademantel, Handtuch und Einwegslipper beinhaltet.<\/p>\n<p>Je nach Verf\u00fcgbarkeit ist es m\u00f6glich, das Day Use-Paket zu nutzen: Zimmer im t\u00e4glichen Support, Eintritt zum Sea Front Spa und Strand im Preis inbegriffen.<\/p>\n<p>Wir erwarten Sie im exklusivsten Wellnesscenter von Jesolo!<\/p>\n<\/div>\n<\/article>\n<p>[\/vc_column_text][\/vc_column][\/vc_row][vc_row css=&#8220;.vc_custom_1615905386969{padding-top: 20px !important;padding-bottom: 20px !important;}&#8220;][vc_column][vc_separator color=&#8220;custom&#8220; border_width=&#8220;2&#8243; el_width=&#8220;60&#8243; accent_color=&#8220;#61b6ef&#8220;][\/vc_column][\/vc_row][vc_row][vc_column][vc_masonry_media_grid gap=&#8220;30&#8243; item=&#8220;2110&#8243; grid_id=&#8220;vc_gid:1636456851560-dcfd1dac-83a2-10&#8243; include=&#8220;2271,2276,2272,2273,2274,2275&#8243;][\/vc_column][\/vc_row]<\/p>\n","protected":false},"excerpt":{"rendered":"<p>[vc_row full_width=&#8220;stretch_row_content_no_spaces&#8220; bg_type=&#8220;image&#8220; parallax_style=&#8220;vcpb-default&#8220; bg_image_new=&#8220;id^167|url^http:\/\/www.suonica.it\/hotelmondial\/wp-content\/uploads\/2021\/02\/sea-front-spa.jpg|caption^null|alt^null|title^sea-front-spa|description^null&#8220; bg_image_repeat=&#8220;no-repeat&#8220; bg_img_attach=&#8220;fixed&#8220; bg_image_posiiton=&#8220;0px -320px&#8220; css=&#8220;.vc_custom_1618499001963{padding-top: 200px !important;padding-bottom: 100px !important;background-position: center !important;background-repeat: no-repeat !important;background-size: cover !important;}&#8220;][vc_column][\/vc_column][\/vc_row][vc_row css=&#8220;.vc_custom_1615904767145{padding-top: 30px !important;padding-bottom: 30px !important;}&#8220;][vc_column][vc_custom_heading text=&#8220;Sea Front Private SPA&#8220; font_container=&#8220;tag:h1|font_size:40px|text_align:left&#8220; google_fonts=&#8220;font_family:Montserrat%3Aregular%2C700|font_style:400%20regular%3A400%3Anormal&#8220;][\/vc_column][\/vc_row][vc_row][vc_column width=&#8220;1\/2&#8243;][vc_column_text] Sea Front Private SPA, 60 Quadratmeter Wellness direkt am Meer in der obersten Etage des Hotels. Sea Front Private SPA wurde aus der [&hellip;]<\/p>\n","protected":false},"author":1,"featured_media":0,"parent":0,"menu_order":0,"comment_status":"closed","ping_status":"closed","template":"","meta":{"footnotes":""},"class_list":["post-2547","page","type-page","status-publish","hentry"],"yoast_head":"<!-- This site is optimized with the Yoast SEO plugin v19.10 - https:\/\/yoast.com\/wordpress\/plugins\/seo\/ -->\n<title>Sea Front Private SPA - Hotel Mondial<\/title>\n<meta name=\"robots\" content=\"index, follow, max-snippet:-1, max-image-preview:large, max-video-preview:-1\" \/>\n<link rel=\"canonical\" href=\"https:\/\/hotelmondial.org\/de\/sea-front-private-spa\/\" \/>\n<meta property=\"og:locale\" content=\"de_DE\" \/>\n<meta property=\"og:type\" content=\"article\" \/>\n<meta property=\"og:title\" content=\"Sea Front Private SPA - Hotel Mondial\" \/>\n<meta property=\"og:description\" content=\"[vc_row full_width=&#8220;stretch_row_content_no_spaces&#8220; bg_type=&#8220;image&#8220; parallax_style=&#8220;vcpb-default&#8220; bg_image_new=&#8220;id^167|url^http:\/\/www.suonica.it\/hotelmondial\/wp-content\/uploads\/2021\/02\/sea-front-spa.jpg|caption^null|alt^null|title^sea-front-spa|description^null&#8220; bg_image_repeat=&#8220;no-repeat&#8220; bg_img_attach=&#8220;fixed&#8220; bg_image_posiiton=&#8220;0px -320px&#8220; css=&#8220;.vc_custom_1618499001963{padding-top: 200px !important;padding-bottom: 100px !important;background-position: center !important;background-repeat: no-repeat !important;background-size: cover !important;}&#8220;][vc_column][\/vc_column][\/vc_row][vc_row css=&#8220;.vc_custom_1615904767145{padding-top: 30px !important;padding-bottom: 30px !important;}&#8220;][vc_column][vc_custom_heading text=&#8220;Sea Front Private SPA&#8220; font_container=&#8220;tag:h1|font_size:40px|text_align:left&#8220; google_fonts=&#8220;font_family:Montserrat%3Aregular%2C700|font_style:400%20regular%3A400%3Anormal&#8220;][\/vc_column][\/vc_row][vc_row][vc_column width=&#8220;1\/2&#8243;][vc_column_text] Sea Front Private SPA, 60 Quadratmeter Wellness direkt am Meer in der obersten Etage des Hotels. Sea Front Private SPA wurde aus der [&hellip;]\" \/>\n<meta property=\"og:url\" content=\"https:\/\/hotelmondial.org\/de\/sea-front-private-spa\/\" \/>\n<meta property=\"og:site_name\" content=\"Hotel Mondial\" \/>\n<meta property=\"article:modified_time\" content=\"2021-11-09T11:21:29+00:00\" \/>\n<meta name=\"twitter:card\" content=\"summary_large_image\" \/>\n<meta name=\"twitter:label1\" content=\"Gesch\u00e4tzte Lesezeit\" \/>\n\t<meta name=\"twitter:data1\" content=\"2\u00a0Minuten\" \/>\n<script type=\"application\/ld+json\" class=\"yoast-schema-graph\">{\"@context\":\"https:\/\/schema.org\",\"@graph\":[{\"@type\":\"WebPage\",\"@id\":\"https:\/\/hotelmondial.org\/de\/sea-front-private-spa\/\",\"url\":\"https:\/\/hotelmondial.org\/de\/sea-front-private-spa\/\",\"name\":\"Sea Front Private SPA - Hotel Mondial\",\"isPartOf\":{\"@id\":\"https:\/\/hotelmondial.org\/#website\"},\"datePublished\":\"2021-02-15T13:29:50+00:00\",\"dateModified\":\"2021-11-09T11:21:29+00:00\",\"breadcrumb\":{\"@id\":\"https:\/\/hotelmondial.org\/de\/sea-front-private-spa\/#breadcrumb\"},\"inLanguage\":\"de\",\"potentialAction\":[{\"@type\":\"ReadAction\",\"target\":[\"https:\/\/hotelmondial.org\/de\/sea-front-private-spa\/\"]}]},{\"@type\":\"BreadcrumbList\",\"@id\":\"https:\/\/hotelmondial.org\/de\/sea-front-private-spa\/#breadcrumb\",\"itemListElement\":[{\"@type\":\"ListItem\",\"position\":1,\"name\":\"Home\",\"item\":\"https:\/\/hotelmondial.org\/de\/\"},{\"@type\":\"ListItem\",\"position\":2,\"name\":\"Sea Front Private SPA\"}]},{\"@type\":\"WebSite\",\"@id\":\"https:\/\/hotelmondial.org\/#website\",\"url\":\"https:\/\/hotelmondial.org\/\",\"name\":\"Hotel Mondial\",\"description\":\"\",\"potentialAction\":[{\"@type\":\"SearchAction\",\"target\":{\"@type\":\"EntryPoint\",\"urlTemplate\":\"https:\/\/hotelmondial.org\/?s={search_term_string}\"},\"query-input\":\"required name=search_term_string\"}],\"inLanguage\":\"de\"}]}<\/script>\n<!-- \/ Yoast SEO plugin. -->","yoast_head_json":{"title":"Sea Front Private SPA - Hotel Mondial","robots":{"index":"index","follow":"follow","max-snippet":"max-snippet:-1","max-image-preview":"max-image-preview:large","max-video-preview":"max-video-preview:-1"},"canonical":"https:\/\/hotelmondial.org\/de\/sea-front-private-spa\/","og_locale":"de_DE","og_type":"article","og_title":"Sea Front Private SPA - Hotel Mondial","og_description":"[vc_row full_width=&#8220;stretch_row_content_no_spaces&#8220; bg_type=&#8220;image&#8220; parallax_style=&#8220;vcpb-default&#8220; bg_image_new=&#8220;id^167|url^http:\/\/www.suonica.it\/hotelmondial\/wp-content\/uploads\/2021\/02\/sea-front-spa.jpg|caption^null|alt^null|title^sea-front-spa|description^null&#8220; bg_image_repeat=&#8220;no-repeat&#8220; bg_img_attach=&#8220;fixed&#8220; bg_image_posiiton=&#8220;0px -320px&#8220; css=&#8220;.vc_custom_1618499001963{padding-top: 200px !important;padding-bottom: 100px !important;background-position: center !important;background-repeat: no-repeat !important;background-size: cover !important;}&#8220;][vc_column][\/vc_column][\/vc_row][vc_row css=&#8220;.vc_custom_1615904767145{padding-top: 30px !important;padding-bottom: 30px !important;}&#8220;][vc_column][vc_custom_heading text=&#8220;Sea Front Private SPA&#8220; font_container=&#8220;tag:h1|font_size:40px|text_align:left&#8220; google_fonts=&#8220;font_family:Montserrat%3Aregular%2C700|font_style:400%20regular%3A400%3Anormal&#8220;][\/vc_column][\/vc_row][vc_row][vc_column width=&#8220;1\/2&#8243;][vc_column_text] Sea Front Private SPA, 60 Quadratmeter Wellness direkt am Meer in der obersten Etage des Hotels. Sea Front Private SPA wurde aus der [&hellip;]","og_url":"https:\/\/hotelmondial.org\/de\/sea-front-private-spa\/","og_site_name":"Hotel Mondial","article_modified_time":"2021-11-09T11:21:29+00:00","twitter_card":"summary_large_image","twitter_misc":{"Gesch\u00e4tzte Lesezeit":"2\u00a0Minuten"},"schema":{"@context":"https:\/\/schema.org","@graph":[{"@type":"WebPage","@id":"https:\/\/hotelmondial.org\/de\/sea-front-private-spa\/","url":"https:\/\/hotelmondial.org\/de\/sea-front-private-spa\/","name":"Sea Front Private SPA - Hotel Mondial","isPartOf":{"@id":"https:\/\/hotelmondial.org\/#website"},"datePublished":"2021-02-15T13:29:50+00:00","dateModified":"2021-11-09T11:21:29+00:00","breadcrumb":{"@id":"https:\/\/hotelmondial.org\/de\/sea-front-private-spa\/#breadcrumb"},"inLanguage":"de","potentialAction":[{"@type":"ReadAction","target":["https:\/\/hotelmondial.org\/de\/sea-front-private-spa\/"]}]},{"@type":"BreadcrumbList","@id":"https:\/\/hotelmondial.org\/de\/sea-front-private-spa\/#breadcrumb","itemListElement":[{"@type":"ListItem","position":1,"name":"Home","item":"https:\/\/hotelmondial.org\/de\/"},{"@type":"ListItem","position":2,"name":"Sea Front Private SPA"}]},{"@type":"WebSite","@id":"https:\/\/hotelmondial.org\/#website","url":"https:\/\/hotelmondial.org\/","name":"Hotel Mondial","description":"","potentialAction":[{"@type":"SearchAction","target":{"@type":"EntryPoint","urlTemplate":"https:\/\/hotelmondial.org\/?s={search_term_string}"},"query-input":"required name=search_term_string"}],"inLanguage":"de"}]}},"_links":{"self":[{"href":"https:\/\/hotelmondial.org\/de\/wp-json\/wp\/v2\/pages\/2547","targetHints":{"allow":["GET"]}}],"collection":[{"href":"https:\/\/hotelmondial.org\/de\/wp-json\/wp\/v2\/pages"}],"about":[{"href":"https:\/\/hotelmondial.org\/de\/wp-json\/wp\/v2\/types\/page"}],"author":[{"embeddable":true,"href":"https:\/\/hotelmondial.org\/de\/wp-json\/wp\/v2\/users\/1"}],"replies":[{"embeddable":true,"href":"https:\/\/hotelmondial.org\/de\/wp-json\/wp\/v2\/comments?post=2547"}],"version-history":[{"count":3,"href":"https:\/\/hotelmondial.org\/de\/wp-json\/wp\/v2\/pages\/2547\/revisions"}],"predecessor-version":[{"id":2551,"href":"https:\/\/hotelmondial.org\/de\/wp-json\/wp\/v2\/pages\/2547\/revisions\/2551"}],"wp:attachment":[{"href":"https:\/\/hotelmondial.org\/de\/wp-json\/wp\/v2\/media?parent=2547"}],"curies":[{"name":"wp","href":"https:\/\/api.w.org\/{rel}","templated":true}]}}