{"id":2542,"date":"2021-02-15T14:30:12","date_gmt":"2021-02-15T13:30:12","guid":{"rendered":"http:\/\/www.suonica.it\/hotelmondial\/la-spaggia-3-0\/"},"modified":"2025-03-26T11:42:01","modified_gmt":"2025-03-26T10:42:01","slug":"strand-3-0","status":"publish","type":"page","link":"https:\/\/hotelmondial.org\/de\/strand-3-0\/","title":{"rendered":"Strand 3.0"},"content":{"rendered":"<p>[vc_row full_width=&#8220;stretch_row_content_no_spaces&#8220; bg_type=&#8220;image&#8220; parallax_style=&#8220;vcpb-default&#8220; bg_image_new=&#8220;id^1773|url^http:\/\/www.suonica.it\/hotelmondial\/wp-content\/uploads\/2021\/03\/spiaggia.jpg|caption^null|alt^null|title^spiaggia|description^null&#8220; bg_image_repeat=&#8220;no-repeat&#8220; bg_img_attach=&#8220;fixed&#8220; css=&#8220;.vc_custom_1615904287708{padding-top: 200px !important;padding-bottom: 100px !important;}&#8220;][vc_column][\/vc_column][\/vc_row][vc_row css=&#8220;.vc_custom_1615904320579{padding-top: 30px !important;padding-bottom: 30px !important;}&#8220;][vc_column][vc_custom_heading text=&#8220;Strand 3.0&#8243; font_container=&#8220;tag:h1|font_size:40px|text_align:left&#8220; google_fonts=&#8220;font_family:Montserrat%3Aregular%2C700|font_style:400%20regular%3A400%3Anormal&#8220;][\/vc_column][\/vc_row][vc_row][vc_column][vc_column_text]<strong>\u201c89 Schritte vom Meer\u201d ist unser Motto!<\/strong><\/p>\n<p>Das Hotel Mondial liegt direkt am Meer mit direktem Zugang zum Strand, ohne Stra\u00dfen zu \u00fcberqueren!<\/p>\n<p>Der Preis f\u00fcr Ihren Urlaub im Hotel Mondial beinhaltet den Strandservice mit Sonnenschirmen und Liegen f\u00fcr unsere G\u00e4ste, die sich direkt vor dem Hotel befinden. Bei Ihrer Ankunft erhalten Sie ein Armband, mit dem Sie die Dienstleistungen am Strand nutzen k\u00f6nnen.<br \/>\nMit diesem speziellen, wasserdichten Ger\u00e4t k\u00f6nnen Sie den Schirmsafe \u00f6ffnen und schlie\u00dfen, in dem Sie Ihre Wertsachen auch am Strand aufbewahren k\u00f6nnen, und haben freien Zugang zu den neuen selbstreinigenden Badezimmern direkt am Meer.<\/p>\n<p>Der Strand des Hotels befindet sich in der renommierten \u201cStabilimento Manzoni\u201d, der innovativsten und modernsten in Jesolo. Die Natur hat uns einen der Abschnitte der K\u00fcste von Jesolo geschenkt, wo der Strand tiefer ist. Es hei\u00dft wir k\u00f6nnen ausreichend Platz zwischen einem Sonnenschirm und dem anderen garantieren, um Privatsph\u00e4re und Komfort zu bieten. Die innovativen Sonnenschirmen sind mit einer speziellen automatischen \u00d6ffnungstechnologie ausgestattet, die mit Solarenergie betrieben wird.[\/vc_column_text]<div id=\"ultimate-video-703369f280f09de87\" class=\"ult-video  ult-adjust-bottom-margin ultimate-video-703369f280f09de87 ultv-3088 video-spiaggia\"><div class=\"ultv-video ultv-aspect-ratio-16_9 ultv-subscribe-responsive-none\" data-videotype=\"uv_iframe\">\r\n\t\t\t\t\t\t<div class=\"ultv-video__outer-wrap\" data-autoplay=\"0\" data-device=\"false\"  data-iconbg=\"#3A3A3A\" data-overcolor=\"\" data-defaultbg=\"#1f1f1e\" data-defaultplay=\"defaulticon\"><div class=\"ultv-video__play\" data-src=\"https:\/\/www.youtube-nocookie.com\/embed\/Vkr3UiDZOT8?rel=0&amp;start&amp;end&amp;controls=1&amp;mute=0&amp;modestbranding=1&amp;autoplay=1\">\r\n\t\t\t\t\t\t\t\t<img decoding=\"async\" class=\"ultv-video__thumb\" src=\"https:\/\/i.ytimg.com\/vi\/Vkr3UiDZOT8\/maxresdefault.jpg\"\/>\r\n\t\t\t\t\t\t\t\t<div class=\"ultv-video__play-icon  ultv-animation-none\" style=\"width:75px\"><svg height=\"100%\" version=\"1.1\" viewBox=\"0 0 68 48\" width=\"100%\"><path class=\"ultv-youtube-icon-bg\" d=\"m .66,37.62 c 0,0 .66,4.70 2.70,6.77 2.58,2.71 5.98,2.63 7.49,2.91 5.43,.52 23.10,.68 23.12,.68 .00,-1.3e-5 14.29,-0.02 23.81,-0.71 1.32,-0.15 4.22,-0.17 6.81,-2.89 2.03,-2.07 2.70,-6.77 2.70,-6.77 0,0 .67,-5.52 .67,-11.04 l 0,-5.17 c 0,-5.52 -0.67,-11.04 -0.67,-11.04 0,0 -0.66,-4.70 -2.70,-6.77 C 62.03,.86 59.13,.84 57.80,.69 48.28,0 34.00,0 34.00,0 33.97,0 19.69,0 10.18,.69 8.85,.84 5.95,.86 3.36,3.58 1.32,5.65 .66,10.35 .66,10.35 c 0,0 -0.55,4.50 -0.66,9.45 l 0,8.36 c .10,4.94 .66,9.45 .66,9.45 z\" fill=\"#1f1f1e\" ><\/path><path d=\"m 26.96,13.67 18.37,9.62 -18.37,9.55 -0.00,-19.17 z\" fill=\"#fff\"><\/path><path d=\"M 45.02,23.46 45.32,23.28 26.96,13.67 43.32,22.34 45.02,23.46 z\" fill=\"#ccc\"><\/path><\/svg><\/div> <\/div> <\/div><\/div><\/div>[\/vc_column][\/vc_row][vc_row css=&#8220;.vc_custom_1617798124566{padding-top: 50px !important;padding-bottom: 50px !important;}&#8220;][vc_column][vc_separator color=&#8220;custom&#8220; border_width=&#8220;2&#8243; el_width=&#8220;60&#8243; accent_color=&#8220;#61b6ef&#8220;][\/vc_column][\/vc_row][vc_row][vc_column width=&#8220;1\/3&#8243;][vc_single_image image=&#8220;1808&#8243; img_size=&#8220;full&#8220;][vc_custom_heading text=&#8220;Animation am Strand&#8220; font_container=&#8220;tag:h2|text_align:left|color:%233498db&#8220; use_theme_fonts=&#8220;yes&#8220; css=&#8220;.vc_custom_1636968085751{margin-bottom: 20px !important;}&#8220;][vc_column_text]Die Manzoni-Strand organisiert t\u00e4glich ein Unterhaltungsprogramm am Strand.<br \/>\nIm Tagesprogramm werden Spiele f\u00fcr Kinder und Erwachsene, Sport, Fitness, Zumba und T\u00e4nze, Muskelerwachen vorgeschlagen.[\/vc_column_text][vc_separator color=&#8220;custom&#8220; align=&#8220;align_left&#8220; border_width=&#8220;2&#8243; el_width=&#8220;60&#8243; accent_color=&#8220;#61b6ef&#8220;][\/vc_column][vc_column width=&#8220;1\/3&#8243;][vc_single_image image=&#8220;2281&#8243; img_size=&#8220;350&#215;280&#8243;][vc_custom_heading text=&#8220;Beach Bar Loredana&#8220; font_container=&#8220;tag:h2|text_align:left|color:%233498db&#8220; use_theme_fonts=&#8220;yes&#8220; css=&#8220;.vc_custom_1617784821692{margin-bottom: 20px !important;}&#8220;][vc_column_text]Am Strand, direkt vor dem Hotel Mondial, befindet sich die \u201eBeach Bar Loredana\u201e eine Strand Bar, der w\u00e4hrend Ihres gesamten Tages am Strand Qualit\u00e4t und Service bietet.<br \/>\nVom fr\u00fchen Morgenkaffee bis zum Aperitif bei Sonnenuntergang k\u00f6nnen Sie sich auf einen konstanten Service mit Getr\u00e4nken, Eis, Granitas, frischem Obst, Cocktails und k\u00f6stlichen Gerichten f\u00fcr einen schnellen Snack oder ein Mittagessen mit Kost\u00fcmen verlassen. Alles begleitet von exzellenter Musik und einem L\u00e4cheln!<\/p>\n<p><a href=\"https:\/\/loredanabeachbar.webapp.menu\" target=\"_blank\" rel=\"noopener\">Entdecken Sie Menu<\/a>[\/vc_column_text][vc_separator color=&#8220;custom&#8220; align=&#8220;align_left&#8220; border_width=&#8220;2&#8243; el_width=&#8220;60&#8243; accent_color=&#8220;#61b6ef&#8220;][\/vc_column][vc_column width=&#8220;1\/3&#8243;][vc_single_image image=&#8220;1812&#8243; img_size=&#8220;full&#8220;][vc_custom_heading text=&#8220;Bau Bau Beach&#8220; font_container=&#8220;tag:h2|text_align:left|color:%233498db&#8220; use_theme_fonts=&#8220;yes&#8220; css=&#8220;.vc_custom_1615904546879{margin-bottom: 20px !important;}&#8220;][vc_column_text]Kleine Hunde sind in unserem Hotel willkommen, mit der einzigen Einschr\u00e4nkung des Restaurantraums.<br \/>\nDie Gemeinde Jesolo erlaubt Tieren an der Leine an der Strandpromenade, jedoch nicht unter dem Dach. Ganz in der N\u00e4he des Hotel Mondial befindet sich der Bau Bau Beach, ein Badeort, zu dem Tiere Zugang haben, sowie Schwimmen im Meer.<br \/>\nEs gibt Sonderpreise f\u00fcr unsere G\u00e4ste.<\/p>\n<p><a href=\"http:\/\/www.baubaubeachjesolo.it\" target=\"_blank\" rel=\"noopener\">Entedecken Sie Bau Bau Beach<\/a>[\/vc_column_text][vc_separator color=&#8220;custom&#8220; align=&#8220;align_left&#8220; border_width=&#8220;2&#8243; el_width=&#8220;60&#8243; accent_color=&#8220;#61b6ef&#8220;][\/vc_column][\/vc_row][vc_row][vc_column width=&#8220;1\/3&#8243;][vc_single_image image=&#8220;1813&#8243; img_size=&#8220;full&#8220;][vc_custom_heading text=&#8220;Run &amp; Walk&#8220; font_container=&#8220;tag:h2|text_align:left|color:%233498db&#8220; use_theme_fonts=&#8220;yes&#8220; css=&#8220;.vc_custom_1615904540408{margin-bottom: 20px !important;}&#8220;][vc_column_text]Unsere Strandpromenade ist der ideale Ort f\u00fcr diejenigen, die gerne morgens laufen oder spazieren gehen, bevor der Tag beginnt oder zu jeder anderen Zeit Ihres Urlaubs.<br \/>\nWir stehen unseren G\u00e4sten zur Verf\u00fcgung, um die besten Routen und Gesch\u00e4fte f\u00fcr Liebhaber von Fitness, Laufen und Nordic Walking zu empfehlen.[\/vc_column_text][vc_separator color=&#8220;custom&#8220; align=&#8220;align_left&#8220; border_width=&#8220;2&#8243; el_width=&#8220;60&#8243; accent_color=&#8220;#61b6ef&#8220;][\/vc_column][vc_column width=&#8220;1\/3&#8243;][\/vc_column][vc_column width=&#8220;1\/3&#8243;][\/vc_column][\/vc_row]<\/p>\n","protected":false},"excerpt":{"rendered":"<p>[vc_row full_width=&#8220;stretch_row_content_no_spaces&#8220; bg_type=&#8220;image&#8220; parallax_style=&#8220;vcpb-default&#8220; bg_image_new=&#8220;id^1773|url^http:\/\/www.suonica.it\/hotelmondial\/wp-content\/uploads\/2021\/03\/spiaggia.jpg|caption^null|alt^null|title^spiaggia|description^null&#8220; bg_image_repeat=&#8220;no-repeat&#8220; bg_img_attach=&#8220;fixed&#8220; css=&#8220;.vc_custom_1615904287708{padding-top: 200px !important;padding-bottom: 100px !important;}&#8220;][vc_column][\/vc_column][\/vc_row][vc_row css=&#8220;.vc_custom_1615904320579{padding-top: 30px !important;padding-bottom: 30px !important;}&#8220;][vc_column][vc_custom_heading text=&#8220;Strand 3.0&#8243; font_container=&#8220;tag:h1|font_size:40px|text_align:left&#8220; google_fonts=&#8220;font_family:Montserrat%3Aregular%2C700|font_style:400%20regular%3A400%3Anormal&#8220;][\/vc_column][\/vc_row][vc_row][vc_column][vc_column_text]\u201c89 Schritte vom Meer\u201d ist unser Motto! Das Hotel Mondial liegt direkt am Meer mit direktem Zugang zum Strand, ohne Stra\u00dfen zu \u00fcberqueren! Der Preis f\u00fcr Ihren Urlaub im Hotel Mondial beinhaltet den Strandservice mit [&hellip;]<\/p>\n","protected":false},"author":1,"featured_media":0,"parent":0,"menu_order":0,"comment_status":"closed","ping_status":"closed","template":"","meta":{"footnotes":""},"class_list":["post-2542","page","type-page","status-publish","hentry"],"yoast_head":"<!-- This site is optimized with the Yoast SEO plugin v19.10 - https:\/\/yoast.com\/wordpress\/plugins\/seo\/ -->\n<title>Strand 3.0 - Hotel Mondial<\/title>\n<meta name=\"robots\" content=\"index, follow, max-snippet:-1, max-image-preview:large, max-video-preview:-1\" \/>\n<link rel=\"canonical\" href=\"https:\/\/hotelmondial.org\/de\/strand-3-0\/\" \/>\n<meta property=\"og:locale\" content=\"de_DE\" \/>\n<meta property=\"og:type\" content=\"article\" \/>\n<meta property=\"og:title\" content=\"Strand 3.0 - Hotel Mondial\" \/>\n<meta property=\"og:description\" content=\"[vc_row full_width=&#8220;stretch_row_content_no_spaces&#8220; bg_type=&#8220;image&#8220; parallax_style=&#8220;vcpb-default&#8220; bg_image_new=&#8220;id^1773|url^http:\/\/www.suonica.it\/hotelmondial\/wp-content\/uploads\/2021\/03\/spiaggia.jpg|caption^null|alt^null|title^spiaggia|description^null&#8220; bg_image_repeat=&#8220;no-repeat&#8220; bg_img_attach=&#8220;fixed&#8220; css=&#8220;.vc_custom_1615904287708{padding-top: 200px !important;padding-bottom: 100px !important;}&#8220;][vc_column][\/vc_column][\/vc_row][vc_row css=&#8220;.vc_custom_1615904320579{padding-top: 30px !important;padding-bottom: 30px !important;}&#8220;][vc_column][vc_custom_heading text=&#8220;Strand 3.0&#8243; font_container=&#8220;tag:h1|font_size:40px|text_align:left&#8220; google_fonts=&#8220;font_family:Montserrat%3Aregular%2C700|font_style:400%20regular%3A400%3Anormal&#8220;][\/vc_column][\/vc_row][vc_row][vc_column][vc_column_text]\u201c89 Schritte vom Meer\u201d ist unser Motto! Das Hotel Mondial liegt direkt am Meer mit direktem Zugang zum Strand, ohne Stra\u00dfen zu \u00fcberqueren! Der Preis f\u00fcr Ihren Urlaub im Hotel Mondial beinhaltet den Strandservice mit [&hellip;]\" \/>\n<meta property=\"og:url\" content=\"https:\/\/hotelmondial.org\/de\/strand-3-0\/\" \/>\n<meta property=\"og:site_name\" content=\"Hotel Mondial\" \/>\n<meta property=\"article:modified_time\" content=\"2025-03-26T10:42:01+00:00\" \/>\n<meta name=\"twitter:card\" content=\"summary_large_image\" \/>\n<meta name=\"twitter:label1\" content=\"Gesch\u00e4tzte Lesezeit\" \/>\n\t<meta name=\"twitter:data1\" content=\"3\u00a0Minuten\" \/>\n<script type=\"application\/ld+json\" class=\"yoast-schema-graph\">{\"@context\":\"https:\/\/schema.org\",\"@graph\":[{\"@type\":\"WebPage\",\"@id\":\"https:\/\/hotelmondial.org\/de\/strand-3-0\/\",\"url\":\"https:\/\/hotelmondial.org\/de\/strand-3-0\/\",\"name\":\"Strand 3.0 - Hotel Mondial\",\"isPartOf\":{\"@id\":\"https:\/\/hotelmondial.org\/#website\"},\"datePublished\":\"2021-02-15T13:30:12+00:00\",\"dateModified\":\"2025-03-26T10:42:01+00:00\",\"breadcrumb\":{\"@id\":\"https:\/\/hotelmondial.org\/de\/strand-3-0\/#breadcrumb\"},\"inLanguage\":\"de\",\"potentialAction\":[{\"@type\":\"ReadAction\",\"target\":[\"https:\/\/hotelmondial.org\/de\/strand-3-0\/\"]}]},{\"@type\":\"BreadcrumbList\",\"@id\":\"https:\/\/hotelmondial.org\/de\/strand-3-0\/#breadcrumb\",\"itemListElement\":[{\"@type\":\"ListItem\",\"position\":1,\"name\":\"Home\",\"item\":\"https:\/\/hotelmondial.org\/de\/\"},{\"@type\":\"ListItem\",\"position\":2,\"name\":\"Strand 3.0\"}]},{\"@type\":\"WebSite\",\"@id\":\"https:\/\/hotelmondial.org\/#website\",\"url\":\"https:\/\/hotelmondial.org\/\",\"name\":\"Hotel Mondial\",\"description\":\"\",\"potentialAction\":[{\"@type\":\"SearchAction\",\"target\":{\"@type\":\"EntryPoint\",\"urlTemplate\":\"https:\/\/hotelmondial.org\/?s={search_term_string}\"},\"query-input\":\"required name=search_term_string\"}],\"inLanguage\":\"de\"}]}<\/script>\n<!-- \/ Yoast SEO plugin. -->","yoast_head_json":{"title":"Strand 3.0 - Hotel Mondial","robots":{"index":"index","follow":"follow","max-snippet":"max-snippet:-1","max-image-preview":"max-image-preview:large","max-video-preview":"max-video-preview:-1"},"canonical":"https:\/\/hotelmondial.org\/de\/strand-3-0\/","og_locale":"de_DE","og_type":"article","og_title":"Strand 3.0 - Hotel Mondial","og_description":"[vc_row full_width=&#8220;stretch_row_content_no_spaces&#8220; bg_type=&#8220;image&#8220; parallax_style=&#8220;vcpb-default&#8220; bg_image_new=&#8220;id^1773|url^http:\/\/www.suonica.it\/hotelmondial\/wp-content\/uploads\/2021\/03\/spiaggia.jpg|caption^null|alt^null|title^spiaggia|description^null&#8220; bg_image_repeat=&#8220;no-repeat&#8220; bg_img_attach=&#8220;fixed&#8220; css=&#8220;.vc_custom_1615904287708{padding-top: 200px !important;padding-bottom: 100px !important;}&#8220;][vc_column][\/vc_column][\/vc_row][vc_row css=&#8220;.vc_custom_1615904320579{padding-top: 30px !important;padding-bottom: 30px !important;}&#8220;][vc_column][vc_custom_heading text=&#8220;Strand 3.0&#8243; font_container=&#8220;tag:h1|font_size:40px|text_align:left&#8220; google_fonts=&#8220;font_family:Montserrat%3Aregular%2C700|font_style:400%20regular%3A400%3Anormal&#8220;][\/vc_column][\/vc_row][vc_row][vc_column][vc_column_text]\u201c89 Schritte vom Meer\u201d ist unser Motto! Das Hotel Mondial liegt direkt am Meer mit direktem Zugang zum Strand, ohne Stra\u00dfen zu \u00fcberqueren! Der Preis f\u00fcr Ihren Urlaub im Hotel Mondial beinhaltet den Strandservice mit [&hellip;]","og_url":"https:\/\/hotelmondial.org\/de\/strand-3-0\/","og_site_name":"Hotel Mondial","article_modified_time":"2025-03-26T10:42:01+00:00","twitter_card":"summary_large_image","twitter_misc":{"Gesch\u00e4tzte Lesezeit":"3\u00a0Minuten"},"schema":{"@context":"https:\/\/schema.org","@graph":[{"@type":"WebPage","@id":"https:\/\/hotelmondial.org\/de\/strand-3-0\/","url":"https:\/\/hotelmondial.org\/de\/strand-3-0\/","name":"Strand 3.0 - Hotel Mondial","isPartOf":{"@id":"https:\/\/hotelmondial.org\/#website"},"datePublished":"2021-02-15T13:30:12+00:00","dateModified":"2025-03-26T10:42:01+00:00","breadcrumb":{"@id":"https:\/\/hotelmondial.org\/de\/strand-3-0\/#breadcrumb"},"inLanguage":"de","potentialAction":[{"@type":"ReadAction","target":["https:\/\/hotelmondial.org\/de\/strand-3-0\/"]}]},{"@type":"BreadcrumbList","@id":"https:\/\/hotelmondial.org\/de\/strand-3-0\/#breadcrumb","itemListElement":[{"@type":"ListItem","position":1,"name":"Home","item":"https:\/\/hotelmondial.org\/de\/"},{"@type":"ListItem","position":2,"name":"Strand 3.0"}]},{"@type":"WebSite","@id":"https:\/\/hotelmondial.org\/#website","url":"https:\/\/hotelmondial.org\/","name":"Hotel Mondial","description":"","potentialAction":[{"@type":"SearchAction","target":{"@type":"EntryPoint","urlTemplate":"https:\/\/hotelmondial.org\/?s={search_term_string}"},"query-input":"required name=search_term_string"}],"inLanguage":"de"}]}},"_links":{"self":[{"href":"https:\/\/hotelmondial.org\/de\/wp-json\/wp\/v2\/pages\/2542","targetHints":{"allow":["GET"]}}],"collection":[{"href":"https:\/\/hotelmondial.org\/de\/wp-json\/wp\/v2\/pages"}],"about":[{"href":"https:\/\/hotelmondial.org\/de\/wp-json\/wp\/v2\/types\/page"}],"author":[{"embeddable":true,"href":"https:\/\/hotelmondial.org\/de\/wp-json\/wp\/v2\/users\/1"}],"replies":[{"embeddable":true,"href":"https:\/\/hotelmondial.org\/de\/wp-json\/wp\/v2\/comments?post=2542"}],"version-history":[{"count":6,"href":"https:\/\/hotelmondial.org\/de\/wp-json\/wp\/v2\/pages\/2542\/revisions"}],"predecessor-version":[{"id":2993,"href":"https:\/\/hotelmondial.org\/de\/wp-json\/wp\/v2\/pages\/2542\/revisions\/2993"}],"wp:attachment":[{"href":"https:\/\/hotelmondial.org\/de\/wp-json\/wp\/v2\/media?parent=2542"}],"curies":[{"name":"wp","href":"https:\/\/api.w.org\/{rel}","templated":true}]}}