{"id":2532,"date":"2021-02-15T14:29:01","date_gmt":"2021-02-15T13:29:01","guid":{"rendered":"http:\/\/www.suonica.it\/hotelmondial\/aparthotel-jesolo-fronte-mare\/"},"modified":"2021-11-30T13:27:02","modified_gmt":"2021-11-30T12:27:02","slug":"aparthotel-jesolo-fronte-mare","status":"publish","type":"page","link":"https:\/\/hotelmondial.org\/de\/aparthotel-jesolo-fronte-mare\/","title":{"rendered":"Mini Mondial"},"content":{"rendered":"<p>[vc_row full_width=&#8220;stretch_row_content_no_spaces&#8220; content_placement=&#8220;middle&#8220; bg_type=&#8220;image&#8220; parallax_style=&#8220;vcpb-default&#8220; bg_image_new=&#8220;id^2082|url^http:\/\/www.suonica.it\/hotelmondial\/wp-content\/uploads\/2021\/04\/parallax-mini-mondial.jpg|caption^null|alt^null|title^parallax-mini-mondial|description^null&#8220; bg_image_repeat=&#8220;no-repeat&#8220; bg_img_attach=&#8220;fixed&#8220; css=&#8220;.vc_custom_1617808996860{margin-top: 0px !important;padding-top: 150px !important;padding-bottom: 150px !important;}&#8220; el_class=&#8220;heading-shadow&#8220;][vc_column][\/vc_column][\/vc_row][vc_row][vc_column width=&#8220;1\/5&#8243; offset=&#8220;vc_col-xs-6&#8243;]\n\n    <div class=\"nd_options_section icona-servizio nd_options_text_align_center \">\n\n        <img decoding=\"async\" style=\"margin-top:px;\" alt=\"\" width=\"100\" src=\"https:\/\/hotelmondial.org\/wp-content\/uploads\/2021\/02\/spiaggia-privata.png\">\n\n        <div class=\"nd_options_section nd_options_box_sizing_border_box\">\n            \n            <h3 class=\"  \" style=\"margin:; color:; font-size:px;line-height:px;\">Strand mit Schirm und Liegen<\/h3> \n             \n            \n\n        <\/div>\n\n    <\/div>\n\n  [\/vc_column][vc_column width=&#8220;1\/5&#8243; offset=&#8220;vc_col-xs-6&#8243;]\n\n    <div class=\"nd_options_section icona-servizio nd_options_text_align_center \">\n\n        <img decoding=\"async\" style=\"margin-top:px;\" alt=\"\" width=\"100\" src=\"https:\/\/hotelmondial.org\/wp-content\/uploads\/2021\/02\/piscina-fronte-mare.png\">\n\n        <div class=\"nd_options_section nd_options_box_sizing_border_box\">\n            \n            <h3 class=\"  \" style=\"margin:; color:; font-size:px;line-height:px;\">Schwimmbad direkt am Meer<\/h3> \n             \n            \n\n        <\/div>\n\n    <\/div>\n\n  [\/vc_column][vc_column width=&#8220;1\/5&#8243; offset=&#8220;vc_col-xs-6&#8243;]\n\n    <div class=\"nd_options_section icona-servizio nd_options_text_align_center \">\n\n        <img decoding=\"async\" style=\"margin-top:px;\" alt=\"\" width=\"100\" src=\"https:\/\/hotelmondial.org\/wp-content\/uploads\/2021\/02\/parcheggio-interno.png\">\n\n        <div class=\"nd_options_section nd_options_box_sizing_border_box\">\n            \n            <h3 class=\"  \" style=\"margin:; color:; font-size:px;line-height:px;\">2 Parkpl\u00e4tze<\/h3> \n             \n            \n\n        <\/div>\n\n    <\/div>\n\n  [\/vc_column][vc_column width=&#8220;1\/5&#8243; offset=&#8220;vc_col-xs-6&#8243;]\n\n    <div class=\"nd_options_section icona-servizio nd_options_text_align_center \">\n\n        <img decoding=\"async\" style=\"margin-top:px;\" alt=\"\" width=\"100\" src=\"https:\/\/hotelmondial.org\/wp-content\/uploads\/2021\/02\/garage-sotterraneo.png\">\n\n        <div class=\"nd_options_section nd_options_box_sizing_border_box\">\n            \n            <h3 class=\"  \" style=\"margin:; color:; font-size:px;line-height:px;\">1 Tiefgarage<\/h3> \n             \n            \n\n        <\/div>\n\n    <\/div>\n\n  [\/vc_column][vc_column width=&#8220;1\/5&#8243; offset=&#8220;vc_col-xs-6&#8243;]\n\n    <div class=\"nd_options_section icona-servizio nd_options_text_align_center \">\n\n        <img decoding=\"async\" style=\"margin-top:px;\" alt=\"\" width=\"100\" src=\"https:\/\/hotelmondial.org\/wp-content\/uploads\/2021\/03\/ristorante-climatizzato.png\">\n\n        <div class=\"nd_options_section nd_options_box_sizing_border_box\">\n            \n            <h3 class=\"  \" style=\"margin:; color:; font-size:px;line-height:px;\">Speisesaal mit Klimaanlage<\/h3> \n             \n            \n\n        <\/div>\n\n    <\/div>\n\n  [\/vc_column][vc_column width=&#8220;1\/5&#8243; offset=&#8220;vc_hidden-lg vc_hidden-md vc_hidden-sm vc_col-xs-6&#8243;]\n\n    <div class=\"nd_options_section icona-servizio nd_options_text_align_center \">\n\n        <img decoding=\"async\" style=\"margin-top:px;\" alt=\"\" width=\"100\" src=\"https:\/\/hotelmondial.org\/wp-content\/uploads\/2021\/02\/biciclette.png\">\n\n        <div class=\"nd_options_section nd_options_box_sizing_border_box\">\n            \n            <h3 class=\"  \" style=\"margin:; color:; font-size:px;line-height:px;\">Fahrr\u00e4der zur Verf\u00fcgung<\/h3> \n             \n            \n\n        <\/div>\n\n    <\/div>\n\n  [\/vc_column][\/vc_row][vc_row][vc_column width=&#8220;1\/5&#8243; offset=&#8220;vc_hidden-xs&#8220;]\n\n    <div class=\"nd_options_section icona-servizio nd_options_text_align_center \">\n\n        <img decoding=\"async\" style=\"margin-top:px;\" alt=\"\" width=\"100\" src=\"https:\/\/hotelmondial.org\/wp-content\/uploads\/2021\/02\/biciclette.png\">\n\n        <div class=\"nd_options_section nd_options_box_sizing_border_box\">\n            \n            <h3 class=\"  \" style=\"margin:; color:; font-size:px;line-height:px;\">Fahrr\u00e4der zur Verf\u00fcgung<\/h3> \n             \n            \n\n        <\/div>\n\n    <\/div>\n\n  [\/vc_column][vc_column width=&#8220;1\/5&#8243; offset=&#8220;vc_col-xs-6&#8243;]\n\n    <div class=\"nd_options_section icona-servizio nd_options_text_align_center \">\n\n        <img decoding=\"async\" style=\"margin-top:px;\" alt=\"\" width=\"100\" src=\"https:\/\/hotelmondial.org\/wp-content\/uploads\/2021\/02\/sala-pesi.png\">\n\n        <div class=\"nd_options_section nd_options_box_sizing_border_box\">\n            \n            <h3 class=\"  \" style=\"margin:; color:; font-size:px;line-height:px;\">Fitnessraum<\/h3> \n             \n            \n\n        <\/div>\n\n    <\/div>\n\n  [\/vc_column][vc_column width=&#8220;1\/5&#8243; offset=&#8220;vc_col-xs-6&#8243;]\n\n    <div class=\"nd_options_section icona-servizio nd_options_text_align_center \">\n\n        <img decoding=\"async\" style=\"margin-top:px;\" alt=\"\" width=\"100\" src=\"https:\/\/hotelmondial.org\/wp-content\/uploads\/2021\/02\/wifi.png\">\n\n        <div class=\"nd_options_section nd_options_box_sizing_border_box\">\n            \n            <h3 class=\"  \" style=\"margin:; color:; font-size:px;line-height:px;\">Wlan im Hotel<\/h3> \n             \n            \n\n        <\/div>\n\n    <\/div>\n\n  [\/vc_column][vc_column width=&#8220;1\/5&#8243; offset=&#8220;vc_col-xs-6&#8243;]\n\n    <div class=\"nd_options_section icona-servizio nd_options_text_align_center \">\n\n        <img decoding=\"async\" style=\"margin-top:px;\" alt=\"\" width=\"100\" src=\"https:\/\/hotelmondial.org\/wp-content\/uploads\/2021\/02\/wifi-spiaggia.png\">\n\n        <div class=\"nd_options_section nd_options_box_sizing_border_box\">\n            \n            <h3 class=\"  \" style=\"margin:; color:; font-size:px;line-height:px;\">Wlan am Strand<\/h3> \n             \n            \n\n        <\/div>\n\n    <\/div>\n\n  [\/vc_column][vc_column width=&#8220;1\/5&#8243; offset=&#8220;vc_col-xs-6&#8243;]\n\n    <div class=\"nd_options_section icona-servizio nd_options_text_align_center \">\n\n        <img decoding=\"async\" style=\"margin-top:px;\" alt=\"\" width=\"100\" src=\"https:\/\/hotelmondial.org\/wp-content\/uploads\/2021\/02\/colonnina-elettrica.png\">\n\n        <div class=\"nd_options_section nd_options_box_sizing_border_box\">\n            \n            <h3 class=\"  \" style=\"margin:; color:; font-size:px;line-height:px;\">Ladestation f\u00fcr Elektroautos<\/h3> \n             \n            \n\n        <\/div>\n\n    <\/div>\n\n  [\/vc_column][\/vc_row][vc_row css=&#8220;.vc_custom_1621331468760{margin-top: 100px !important;}&#8220;][vc_column width=&#8220;1\/2&#8243;][vc_column_text]Seit 2008 wird unser Angebot mit dem Mini Mondial bereichert, einem neuen und modernen Geb\u00e4ude neben dem Hotel Mondial.<\/p>\n<p>Wir haben Hotel Mini Mondial, 3-Sterne-Superior, mit dem Ziel entworfen, Familien und Paaren Komfort, mehr Platz, Privatsph\u00e4re und Bequemlichkeit zu bieten.<\/p>\n<p>Das Mini Mondial befindet sich nur 20 Meter hinter dem Hauptgeb\u00e4ude, nur durch unseren privaten Parkplatz getrennt, und von einigen Zimmern kann man einen Blick auf die Adria genie\u00dfen. Um dorthin zu gelangen, m\u00fcssen keine Stra\u00dfen \u00fcberquert werden und die Lage ist sicher und komfortabel.<\/p>\n<p>Im Mini Mondial finden sie sich 2 Appartements und 14 Hotelzimmer, sehr ger\u00e4umig, modern und elegant eingerichtet. Die G\u00e4ste k\u00f6nnen sich auf den gleichen Qualit\u00e4tsstandard verlassen wie das Haupthotel. Die im Preis inbegriffenen Leistungen sind ebenfalls auf gleichem Niveau: Sonnenschirm mit Liegen und Armbandservice am Strand, Pool direkt am Meer, Parkplatz, Nutzung von Fahrr\u00e4dern und Fitnessraum, Restaurant mit Meerblick im Hotel Mondial, Ladestation f\u00fcr Elektroautos.[\/vc_column_text][\/vc_column][vc_column width=&#8220;1\/2&#8243;][vc_single_image image=&#8220;2073&#8243; img_size=&#8220;full&#8220; alignment=&#8220;center&#8220;][\/vc_column][\/vc_row][vc_row full_width=&#8220;stretch_row_content&#8220; css=&#8220;.vc_custom_1617807315970{padding-top: 50px !important;padding-bottom: 50px !important;background-color: #3e4798 !important;}&#8220;][vc_column]<div id=\"ult-carousel-157166310269e7a533f11b5\" class=\"ult-carousel-wrapper   ult_horizontal\" data-gutter=\"15\" data-rtl=\"false\" ><div class=\"ult-carousel-163751423769e7a533f10b5 \" >[vc_single_image image=&#8220;2080&#8243; img_size=&#8220;full&#8220;][vc_single_image image=&#8220;2079&#8243; img_size=&#8220;full&#8220;][vc_single_image image=&#8220;1778&#8243; img_size=&#8220;full&#8220;]<\/div><\/div>\t\t\t<script type=\"text\/javascript\">\r\n\t\t\t\tjQuery(document).ready(function ($) {\r\n\t\t\t\t\tif( typeof jQuery('.ult-carousel-163751423769e7a533f10b5').slick == \"function\"){\r\n\t\t\t\t\t\t$('.ult-carousel-163751423769e7a533f10b5').slick({dots: true,autoplay: true,autoplaySpeed: 5000,speed: 300,infinite: true,arrows: true,nextArrow: '<button type=\"button\" role=\"button\" aria-label=\"Next\" style=\"color:#ffffff; font-size:20px;\" class=\"slick-next default\"><i class=\"ultsl-arrow-right4\"><\/i><\/button>',prevArrow: '<button type=\"button\" role=\"button\" aria-label=\"Previous\" style=\"color:#ffffff; font-size:20px;\" class=\"slick-prev default\"><i class=\"ultsl-arrow-left4\"><\/i><\/button>',slidesToScroll:3,slidesToShow:3,swipe: true,draggable: true,touchMove: true,pauseOnHover: true,pauseOnFocus: false,adaptiveHeight: true,responsive: [\r\n\t\t\t\t\t\t\t{\r\n\t\t\t\t\t\t\t  breakpoint: 1026,\r\n\t\t\t\t\t\t\t  settings: {\r\n\t\t\t\t\t\t\t\tslidesToShow: 3,\r\n\t\t\t\t\t\t\t\tslidesToScroll: 3,  \r\n\t\t\t\t\t\t\t  }\r\n\t\t\t\t\t\t\t},\r\n\t\t\t\t\t\t\t{\r\n\t\t\t\t\t\t\t  breakpoint: 1025,\r\n\t\t\t\t\t\t\t  settings: {\r\n\t\t\t\t\t\t\t\tslidesToShow: 2,\r\n\t\t\t\t\t\t\t\tslidesToScroll: 2\r\n\t\t\t\t\t\t\t  }\r\n\t\t\t\t\t\t\t},\r\n\t\t\t\t\t\t\t{\r\n\t\t\t\t\t\t\t  breakpoint: 760,\r\n\t\t\t\t\t\t\t  settings: {\r\n\t\t\t\t\t\t\t\tslidesToShow: 1,\r\n\t\t\t\t\t\t\t\tslidesToScroll: 1\r\n\t\t\t\t\t\t\t  }\r\n\t\t\t\t\t\t\t}\r\n\t\t\t\t\t\t],pauseOnDotsHover: true,customPaging: function(slider, i) {\r\n                   return '<i type=\"button\" style= \"color:#ffffff;\" class=\"ultsl-record\" data-role=\"none\"><\/i>';\r\n                },});\r\n\t\t\t\t\t}\r\n\t\t\t\t});\r\n\t\t\t<\/script>\r\n\t\t\t[\/vc_column][\/vc_row]<\/p>\n","protected":false},"excerpt":{"rendered":"<p>[vc_row full_width=&#8220;stretch_row_content_no_spaces&#8220; content_placement=&#8220;middle&#8220; bg_type=&#8220;image&#8220; parallax_style=&#8220;vcpb-default&#8220; bg_image_new=&#8220;id^2082|url^http:\/\/www.suonica.it\/hotelmondial\/wp-content\/uploads\/2021\/04\/parallax-mini-mondial.jpg|caption^null|alt^null|title^parallax-mini-mondial|description^null&#8220; bg_image_repeat=&#8220;no-repeat&#8220; bg_img_attach=&#8220;fixed&#8220; css=&#8220;.vc_custom_1617808996860{margin-top: 0px !important;padding-top: 150px !important;padding-bottom: 150px !important;}&#8220; el_class=&#8220;heading-shadow&#8220;][vc_column][\/vc_column][\/vc_row][vc_row][vc_column width=&#8220;1\/5&#8243; offset=&#8220;vc_col-xs-6&#8243;][\/vc_column][vc_column width=&#8220;1\/5&#8243; offset=&#8220;vc_col-xs-6&#8243;][\/vc_column][vc_column width=&#8220;1\/5&#8243; offset=&#8220;vc_col-xs-6&#8243;][\/vc_column][vc_column width=&#8220;1\/5&#8243; offset=&#8220;vc_col-xs-6&#8243;][\/vc_column][vc_column width=&#8220;1\/5&#8243; offset=&#8220;vc_col-xs-6&#8243;][\/vc_column][vc_column width=&#8220;1\/5&#8243; offset=&#8220;vc_hidden-lg vc_hidden-md vc_hidden-sm vc_col-xs-6&#8243;][\/vc_column][\/vc_row][vc_row][vc_column width=&#8220;1\/5&#8243; offset=&#8220;vc_hidden-xs&#8220;][\/vc_column][vc_column width=&#8220;1\/5&#8243; offset=&#8220;vc_col-xs-6&#8243;][\/vc_column][vc_column width=&#8220;1\/5&#8243; offset=&#8220;vc_col-xs-6&#8243;][\/vc_column][vc_column width=&#8220;1\/5&#8243; offset=&#8220;vc_col-xs-6&#8243;][\/vc_column][vc_column width=&#8220;1\/5&#8243; offset=&#8220;vc_col-xs-6&#8243;][\/vc_column][\/vc_row][vc_row css=&#8220;.vc_custom_1621331468760{margin-top: 100px !important;}&#8220;][vc_column width=&#8220;1\/2&#8243;][vc_column_text]Seit 2008 wird unser Angebot mit dem Mini Mondial bereichert, einem [&hellip;]<\/p>\n","protected":false},"author":1,"featured_media":0,"parent":0,"menu_order":0,"comment_status":"closed","ping_status":"closed","template":"","meta":{"footnotes":""},"class_list":["post-2532","page","type-page","status-publish","hentry"],"yoast_head":"<!-- This site is optimized with the Yoast SEO plugin v19.10 - https:\/\/yoast.com\/wordpress\/plugins\/seo\/ -->\n<title>Mini Mondial - Hotel Mondial<\/title>\n<meta name=\"robots\" content=\"index, follow, max-snippet:-1, max-image-preview:large, max-video-preview:-1\" \/>\n<link rel=\"canonical\" href=\"https:\/\/hotelmondial.org\/de\/aparthotel-jesolo-fronte-mare\/\" \/>\n<meta property=\"og:locale\" content=\"de_DE\" \/>\n<meta property=\"og:type\" content=\"article\" \/>\n<meta property=\"og:title\" content=\"Mini Mondial - Hotel Mondial\" \/>\n<meta property=\"og:description\" content=\"[vc_row full_width=&#8220;stretch_row_content_no_spaces&#8220; content_placement=&#8220;middle&#8220; bg_type=&#8220;image&#8220; parallax_style=&#8220;vcpb-default&#8220; bg_image_new=&#8220;id^2082|url^http:\/\/www.suonica.it\/hotelmondial\/wp-content\/uploads\/2021\/04\/parallax-mini-mondial.jpg|caption^null|alt^null|title^parallax-mini-mondial|description^null&#8220; bg_image_repeat=&#8220;no-repeat&#8220; bg_img_attach=&#8220;fixed&#8220; css=&#8220;.vc_custom_1617808996860{margin-top: 0px !important;padding-top: 150px !important;padding-bottom: 150px !important;}&#8220; el_class=&#8220;heading-shadow&#8220;][vc_column][\/vc_column][\/vc_row][vc_row][vc_column width=&#8220;1\/5&#8243; offset=&#8220;vc_col-xs-6&#8243;][\/vc_column][vc_column width=&#8220;1\/5&#8243; offset=&#8220;vc_col-xs-6&#8243;][\/vc_column][vc_column width=&#8220;1\/5&#8243; offset=&#8220;vc_col-xs-6&#8243;][\/vc_column][vc_column width=&#8220;1\/5&#8243; offset=&#8220;vc_col-xs-6&#8243;][\/vc_column][vc_column width=&#8220;1\/5&#8243; offset=&#8220;vc_col-xs-6&#8243;][\/vc_column][vc_column width=&#8220;1\/5&#8243; offset=&#8220;vc_hidden-lg vc_hidden-md vc_hidden-sm vc_col-xs-6&#8243;][\/vc_column][\/vc_row][vc_row][vc_column width=&#8220;1\/5&#8243; offset=&#8220;vc_hidden-xs&#8220;][\/vc_column][vc_column width=&#8220;1\/5&#8243; offset=&#8220;vc_col-xs-6&#8243;][\/vc_column][vc_column width=&#8220;1\/5&#8243; offset=&#8220;vc_col-xs-6&#8243;][\/vc_column][vc_column width=&#8220;1\/5&#8243; offset=&#8220;vc_col-xs-6&#8243;][\/vc_column][vc_column width=&#8220;1\/5&#8243; offset=&#8220;vc_col-xs-6&#8243;][\/vc_column][\/vc_row][vc_row css=&#8220;.vc_custom_1621331468760{margin-top: 100px !important;}&#8220;][vc_column width=&#8220;1\/2&#8243;][vc_column_text]Seit 2008 wird unser Angebot mit dem Mini Mondial bereichert, einem [&hellip;]\" \/>\n<meta property=\"og:url\" content=\"https:\/\/hotelmondial.org\/de\/aparthotel-jesolo-fronte-mare\/\" \/>\n<meta property=\"og:site_name\" content=\"Hotel Mondial\" \/>\n<meta property=\"article:modified_time\" content=\"2021-11-30T12:27:02+00:00\" \/>\n<meta name=\"twitter:card\" content=\"summary_large_image\" \/>\n<meta name=\"twitter:label1\" content=\"Gesch\u00e4tzte Lesezeit\" \/>\n\t<meta name=\"twitter:data1\" content=\"4\u00a0Minuten\" \/>\n<script type=\"application\/ld+json\" class=\"yoast-schema-graph\">{\"@context\":\"https:\/\/schema.org\",\"@graph\":[{\"@type\":\"WebPage\",\"@id\":\"https:\/\/hotelmondial.org\/de\/aparthotel-jesolo-fronte-mare\/\",\"url\":\"https:\/\/hotelmondial.org\/de\/aparthotel-jesolo-fronte-mare\/\",\"name\":\"Mini Mondial - Hotel Mondial\",\"isPartOf\":{\"@id\":\"https:\/\/hotelmondial.org\/#website\"},\"datePublished\":\"2021-02-15T13:29:01+00:00\",\"dateModified\":\"2021-11-30T12:27:02+00:00\",\"breadcrumb\":{\"@id\":\"https:\/\/hotelmondial.org\/de\/aparthotel-jesolo-fronte-mare\/#breadcrumb\"},\"inLanguage\":\"de\",\"potentialAction\":[{\"@type\":\"ReadAction\",\"target\":[\"https:\/\/hotelmondial.org\/de\/aparthotel-jesolo-fronte-mare\/\"]}]},{\"@type\":\"BreadcrumbList\",\"@id\":\"https:\/\/hotelmondial.org\/de\/aparthotel-jesolo-fronte-mare\/#breadcrumb\",\"itemListElement\":[{\"@type\":\"ListItem\",\"position\":1,\"name\":\"Home\",\"item\":\"https:\/\/hotelmondial.org\/de\/\"},{\"@type\":\"ListItem\",\"position\":2,\"name\":\"Mini Mondial\"}]},{\"@type\":\"WebSite\",\"@id\":\"https:\/\/hotelmondial.org\/#website\",\"url\":\"https:\/\/hotelmondial.org\/\",\"name\":\"Hotel Mondial\",\"description\":\"\",\"potentialAction\":[{\"@type\":\"SearchAction\",\"target\":{\"@type\":\"EntryPoint\",\"urlTemplate\":\"https:\/\/hotelmondial.org\/?s={search_term_string}\"},\"query-input\":\"required name=search_term_string\"}],\"inLanguage\":\"de\"}]}<\/script>\n<!-- \/ Yoast SEO plugin. -->","yoast_head_json":{"title":"Mini Mondial - Hotel Mondial","robots":{"index":"index","follow":"follow","max-snippet":"max-snippet:-1","max-image-preview":"max-image-preview:large","max-video-preview":"max-video-preview:-1"},"canonical":"https:\/\/hotelmondial.org\/de\/aparthotel-jesolo-fronte-mare\/","og_locale":"de_DE","og_type":"article","og_title":"Mini Mondial - Hotel Mondial","og_description":"[vc_row full_width=&#8220;stretch_row_content_no_spaces&#8220; content_placement=&#8220;middle&#8220; bg_type=&#8220;image&#8220; parallax_style=&#8220;vcpb-default&#8220; bg_image_new=&#8220;id^2082|url^http:\/\/www.suonica.it\/hotelmondial\/wp-content\/uploads\/2021\/04\/parallax-mini-mondial.jpg|caption^null|alt^null|title^parallax-mini-mondial|description^null&#8220; bg_image_repeat=&#8220;no-repeat&#8220; bg_img_attach=&#8220;fixed&#8220; css=&#8220;.vc_custom_1617808996860{margin-top: 0px !important;padding-top: 150px !important;padding-bottom: 150px !important;}&#8220; el_class=&#8220;heading-shadow&#8220;][vc_column][\/vc_column][\/vc_row][vc_row][vc_column width=&#8220;1\/5&#8243; offset=&#8220;vc_col-xs-6&#8243;][\/vc_column][vc_column width=&#8220;1\/5&#8243; offset=&#8220;vc_col-xs-6&#8243;][\/vc_column][vc_column width=&#8220;1\/5&#8243; offset=&#8220;vc_col-xs-6&#8243;][\/vc_column][vc_column width=&#8220;1\/5&#8243; offset=&#8220;vc_col-xs-6&#8243;][\/vc_column][vc_column width=&#8220;1\/5&#8243; offset=&#8220;vc_col-xs-6&#8243;][\/vc_column][vc_column width=&#8220;1\/5&#8243; offset=&#8220;vc_hidden-lg vc_hidden-md vc_hidden-sm vc_col-xs-6&#8243;][\/vc_column][\/vc_row][vc_row][vc_column width=&#8220;1\/5&#8243; offset=&#8220;vc_hidden-xs&#8220;][\/vc_column][vc_column width=&#8220;1\/5&#8243; offset=&#8220;vc_col-xs-6&#8243;][\/vc_column][vc_column width=&#8220;1\/5&#8243; offset=&#8220;vc_col-xs-6&#8243;][\/vc_column][vc_column width=&#8220;1\/5&#8243; offset=&#8220;vc_col-xs-6&#8243;][\/vc_column][vc_column width=&#8220;1\/5&#8243; offset=&#8220;vc_col-xs-6&#8243;][\/vc_column][\/vc_row][vc_row css=&#8220;.vc_custom_1621331468760{margin-top: 100px !important;}&#8220;][vc_column width=&#8220;1\/2&#8243;][vc_column_text]Seit 2008 wird unser Angebot mit dem Mini Mondial bereichert, einem [&hellip;]","og_url":"https:\/\/hotelmondial.org\/de\/aparthotel-jesolo-fronte-mare\/","og_site_name":"Hotel Mondial","article_modified_time":"2021-11-30T12:27:02+00:00","twitter_card":"summary_large_image","twitter_misc":{"Gesch\u00e4tzte Lesezeit":"4\u00a0Minuten"},"schema":{"@context":"https:\/\/schema.org","@graph":[{"@type":"WebPage","@id":"https:\/\/hotelmondial.org\/de\/aparthotel-jesolo-fronte-mare\/","url":"https:\/\/hotelmondial.org\/de\/aparthotel-jesolo-fronte-mare\/","name":"Mini Mondial - Hotel Mondial","isPartOf":{"@id":"https:\/\/hotelmondial.org\/#website"},"datePublished":"2021-02-15T13:29:01+00:00","dateModified":"2021-11-30T12:27:02+00:00","breadcrumb":{"@id":"https:\/\/hotelmondial.org\/de\/aparthotel-jesolo-fronte-mare\/#breadcrumb"},"inLanguage":"de","potentialAction":[{"@type":"ReadAction","target":["https:\/\/hotelmondial.org\/de\/aparthotel-jesolo-fronte-mare\/"]}]},{"@type":"BreadcrumbList","@id":"https:\/\/hotelmondial.org\/de\/aparthotel-jesolo-fronte-mare\/#breadcrumb","itemListElement":[{"@type":"ListItem","position":1,"name":"Home","item":"https:\/\/hotelmondial.org\/de\/"},{"@type":"ListItem","position":2,"name":"Mini Mondial"}]},{"@type":"WebSite","@id":"https:\/\/hotelmondial.org\/#website","url":"https:\/\/hotelmondial.org\/","name":"Hotel Mondial","description":"","potentialAction":[{"@type":"SearchAction","target":{"@type":"EntryPoint","urlTemplate":"https:\/\/hotelmondial.org\/?s={search_term_string}"},"query-input":"required name=search_term_string"}],"inLanguage":"de"}]}},"_links":{"self":[{"href":"https:\/\/hotelmondial.org\/de\/wp-json\/wp\/v2\/pages\/2532","targetHints":{"allow":["GET"]}}],"collection":[{"href":"https:\/\/hotelmondial.org\/de\/wp-json\/wp\/v2\/pages"}],"about":[{"href":"https:\/\/hotelmondial.org\/de\/wp-json\/wp\/v2\/types\/page"}],"author":[{"embeddable":true,"href":"https:\/\/hotelmondial.org\/de\/wp-json\/wp\/v2\/users\/1"}],"replies":[{"embeddable":true,"href":"https:\/\/hotelmondial.org\/de\/wp-json\/wp\/v2\/comments?post=2532"}],"version-history":[{"count":4,"href":"https:\/\/hotelmondial.org\/de\/wp-json\/wp\/v2\/pages\/2532\/revisions"}],"predecessor-version":[{"id":2766,"href":"https:\/\/hotelmondial.org\/de\/wp-json\/wp\/v2\/pages\/2532\/revisions\/2766"}],"wp:attachment":[{"href":"https:\/\/hotelmondial.org\/de\/wp-json\/wp\/v2\/media?parent=2532"}],"curies":[{"name":"wp","href":"https:\/\/api.w.org\/{rel}","templated":true}]}}