{"id":2527,"date":"2021-02-15T14:28:47","date_gmt":"2021-02-15T13:28:47","guid":{"rendered":"http:\/\/www.suonica.it\/hotelmondial\/hotel\/"},"modified":"2021-11-30T14:16:15","modified_gmt":"2021-11-30T13:16:15","slug":"hotel","status":"publish","type":"page","link":"https:\/\/hotelmondial.org\/de\/hotel\/","title":{"rendered":"Hotel"},"content":{"rendered":"<p>[vc_row full_width=&#8220;stretch_row_content_no_spaces&#8220; content_placement=&#8220;middle&#8220; bg_type=&#8220;image&#8220; parallax_style=&#8220;vcpb-default&#8220; bg_image_new=&#8220;id^1775|url^https:\/\/hotelmondial.orgwp-content\/uploads\/2021\/03\/hotel-mondial.jpg|caption^null|alt^null|title^hotel-mondial|description^null&#8220; bg_image_repeat=&#8220;no-repeat&#8220; bg_img_attach=&#8220;fixed&#8220; css=&#8220;.vc_custom_1617807083471{margin-top: 0px !important;padding-top: 150px !important;padding-bottom: 150px !important;background-image: url(https:\/\/hotelmondial.orgwp-content\/uploads\/2021\/03\/hotel-mondial.jpg?id=1775) !important;}&#8220; el_class=&#8220;heading-shadow&#8220;][vc_column][\/vc_column][\/vc_row][vc_row][vc_column width=&#8220;1\/5&#8243; offset=&#8220;vc_col-xs-6&#8243;]\n\n    <div class=\"nd_options_section icona-servizio nd_options_text_align_center \">\n\n        <img decoding=\"async\" style=\"margin-top:px;\" alt=\"\" width=\"100\" src=\"https:\/\/hotelmondial.org\/wp-content\/uploads\/2021\/02\/spiaggia-privata.png\">\n\n        <div class=\"nd_options_section nd_options_box_sizing_border_box\">\n            \n            <h3 class=\"  \" style=\"margin:; color:; font-size:px;line-height:px;\">Strand mit Schirm und Liegen<\/h3> \n             \n            \n\n        <\/div>\n\n    <\/div>\n\n  [\/vc_column][vc_column width=&#8220;1\/5&#8243; offset=&#8220;vc_col-xs-6&#8243;]\n\n    <div class=\"nd_options_section icona-servizio nd_options_text_align_center \">\n\n        <img decoding=\"async\" style=\"margin-top:px;\" alt=\"\" width=\"100\" src=\"https:\/\/hotelmondial.org\/wp-content\/uploads\/2021\/02\/piscina-fronte-mare.png\">\n\n        <div class=\"nd_options_section nd_options_box_sizing_border_box\">\n            \n            <h3 class=\"  \" style=\"margin:; color:; font-size:px;line-height:px;\">Schwimmbad direkt am Meer<\/h3> \n             \n            \n\n        <\/div>\n\n    <\/div>\n\n  [\/vc_column][vc_column width=&#8220;1\/5&#8243; offset=&#8220;vc_col-xs-6&#8243;]\n\n    <div class=\"nd_options_section icona-servizio nd_options_text_align_center \">\n\n        <img decoding=\"async\" style=\"margin-top:px;\" alt=\"\" width=\"100\" src=\"https:\/\/hotelmondial.org\/wp-content\/uploads\/2021\/02\/parcheggio-interno.png\">\n\n        <div class=\"nd_options_section nd_options_box_sizing_border_box\">\n            \n            <h3 class=\"  \" style=\"margin:; color:; font-size:px;line-height:px;\">2 Parkpl\u00e4tze<\/h3> \n             \n            \n\n        <\/div>\n\n    <\/div>\n\n  [\/vc_column][vc_column width=&#8220;1\/5&#8243; offset=&#8220;vc_col-xs-6&#8243;]\n\n    <div class=\"nd_options_section icona-servizio nd_options_text_align_center \">\n\n        <img decoding=\"async\" style=\"margin-top:px;\" alt=\"\" width=\"100\" src=\"https:\/\/hotelmondial.org\/wp-content\/uploads\/2021\/02\/garage-sotterraneo.png\">\n\n        <div class=\"nd_options_section nd_options_box_sizing_border_box\">\n            \n            <h3 class=\"  \" style=\"margin:; color:; font-size:px;line-height:px;\">1 Tiefgarage<\/h3> \n             \n            \n\n        <\/div>\n\n    <\/div>\n\n  [\/vc_column][vc_column width=&#8220;1\/5&#8243; offset=&#8220;vc_col-xs-6&#8243;]\n\n    <div class=\"nd_options_section icona-servizio nd_options_text_align_center \">\n\n        <img decoding=\"async\" style=\"margin-top:px;\" alt=\"\" width=\"100\" src=\"https:\/\/hotelmondial.org\/wp-content\/uploads\/2021\/03\/ristorante-climatizzato.png\">\n\n        <div class=\"nd_options_section nd_options_box_sizing_border_box\">\n            \n            <h3 class=\"  \" style=\"margin:; color:; font-size:px;line-height:px;\">Speisesaal mit Klimaanlage<\/h3> \n             \n            \n\n        <\/div>\n\n    <\/div>\n\n  [\/vc_column][vc_column width=&#8220;1\/5&#8243; offset=&#8220;vc_hidden-lg vc_hidden-md vc_hidden-sm vc_col-xs-6&#8243;]\n\n    <div class=\"nd_options_section icona-servizio nd_options_text_align_center \">\n\n        <img decoding=\"async\" style=\"margin-top:px;\" alt=\"\" width=\"100\" src=\"https:\/\/hotelmondial.org\/wp-content\/uploads\/2021\/02\/biciclette.png\">\n\n        <div class=\"nd_options_section nd_options_box_sizing_border_box\">\n            \n            <h3 class=\"  \" style=\"margin:; color:; font-size:px;line-height:px;\">Fahrr\u00e4der zur Verf\u00fcgung<\/h3> \n             \n            \n\n        <\/div>\n\n    <\/div>\n\n  [\/vc_column][\/vc_row][vc_row][vc_column width=&#8220;1\/5&#8243; offset=&#8220;vc_col-xs-6 vc_hidden-xs&#8220;]\n\n    <div class=\"nd_options_section icona-servizio nd_options_text_align_center \">\n\n        <img decoding=\"async\" style=\"margin-top:px;\" alt=\"\" width=\"100\" src=\"https:\/\/hotelmondial.org\/wp-content\/uploads\/2021\/02\/biciclette.png\">\n\n        <div class=\"nd_options_section nd_options_box_sizing_border_box\">\n            \n            <h3 class=\"  \" style=\"margin:; color:; font-size:px;line-height:px;\">Fahrr\u00e4der zur Verf\u00fcgung<\/h3> \n             \n            \n\n        <\/div>\n\n    <\/div>\n\n  [\/vc_column][vc_column width=&#8220;1\/5&#8243; offset=&#8220;vc_col-xs-6&#8243;]\n\n    <div class=\"nd_options_section icona-servizio nd_options_text_align_center \">\n\n        <img decoding=\"async\" style=\"margin-top:px;\" alt=\"\" width=\"100\" src=\"https:\/\/hotelmondial.org\/wp-content\/uploads\/2021\/02\/sala-pesi.png\">\n\n        <div class=\"nd_options_section nd_options_box_sizing_border_box\">\n            \n            <h3 class=\"  \" style=\"margin:; color:; font-size:px;line-height:px;\">Fitnessraum<\/h3> \n             \n            \n\n        <\/div>\n\n    <\/div>\n\n  [\/vc_column][vc_column width=&#8220;1\/5&#8243; offset=&#8220;vc_col-xs-6&#8243;]\n\n    <div class=\"nd_options_section icona-servizio nd_options_text_align_center \">\n\n        <img decoding=\"async\" style=\"margin-top:px;\" alt=\"\" width=\"100\" src=\"https:\/\/hotelmondial.org\/wp-content\/uploads\/2021\/02\/wifi.png\">\n\n        <div class=\"nd_options_section nd_options_box_sizing_border_box\">\n            \n            <h3 class=\"  \" style=\"margin:; color:; font-size:px;line-height:px;\">Wlan im Hotel<\/h3> \n             \n            \n\n        <\/div>\n\n    <\/div>\n\n  [\/vc_column][vc_column width=&#8220;1\/5&#8243; offset=&#8220;vc_col-xs-6&#8243;]\n\n    <div class=\"nd_options_section icona-servizio nd_options_text_align_center \">\n\n        <img decoding=\"async\" style=\"margin-top:px;\" alt=\"\" width=\"100\" src=\"https:\/\/hotelmondial.org\/wp-content\/uploads\/2021\/02\/wifi-spiaggia.png\">\n\n        <div class=\"nd_options_section nd_options_box_sizing_border_box\">\n            \n            <h3 class=\"  \" style=\"margin:; color:; font-size:px;line-height:px;\">Wlan am Strand<\/h3> \n             \n            \n\n        <\/div>\n\n    <\/div>\n\n  [\/vc_column][vc_column width=&#8220;1\/5&#8243; offset=&#8220;vc_col-xs-6&#8243;]\n\n    <div class=\"nd_options_section icona-servizio nd_options_text_align_center \">\n\n        <img decoding=\"async\" style=\"margin-top:px;\" alt=\"\" width=\"100\" src=\"https:\/\/hotelmondial.org\/wp-content\/uploads\/2021\/02\/colonnina-elettrica.png\">\n\n        <div class=\"nd_options_section nd_options_box_sizing_border_box\">\n            \n            <h3 class=\"  \" style=\"margin:; color:; font-size:px;line-height:px;\">Ladestation f\u00fcr Elektroautos<\/h3> \n             \n            \n\n        <\/div>\n\n    <\/div>\n\n  [\/vc_column][\/vc_row][vc_row css=&#8220;.vc_custom_1614087206306{margin-top: 100px !important;}&#8220;][vc_column width=&#8220;1\/2&#8243;][vc_column_text]Das Hotel Mondial liegt direkt am Meer im Herzen von Jesolo, in der N\u00e4he zu den wichtigsten Sehensw\u00fcrdigkeiten, der Fu\u00dfg\u00e4ngerzone, dem PalaInvent und dem Busbahnhof. In wenigen Minuten erreichen Sie Caribe Bay, Jesolo Golf Club, Muretto, Pista Azzurra. Zentrale Lage wird perfekt mit Ruhe kombiniert: man h\u00f6rt nur das Meeresrauschen!<\/p>\n<p>Die Zimmer des 3-Sterne-Superior-Hotels verf\u00fcgen alle \u00fcber einen Balkon mit herrlichem Blick auf die Adria und sind mit allen wichtigen Leistungen und Annehmlichkeiten f\u00fcr einen angenehmen Urlaub ausgestattet.<br \/>\nWir haben 3 neue und charmante Junior Suiten von jeweils 30 Quadratmetern mit einem gro\u00dfen Badezimmer und Meerblick.<\/p>\n<p>Der Preis f\u00fcr den Urlaub im Hotel Mondial beinhaltet einen Sonnenschirm mit Liegest\u00fchlen am gro\u00dfen und gut ausgestatteten Strand der renommierten \u201cStabilimento Manzoni\u201d sowie das Servicearmband, das freie Leistungen am Strand bietet. Im Preis sind viele weitere Leistungen enthalten: das Schwimmbad am Meer, zwei Au\u00dfenparkpl\u00e4tze und eine Tiefgarage f\u00fcr Ihr Auto, der Restaurantraum mit Meerblick, in dem Fr\u00fchst\u00fcck und Mahlzeiten serviert werden, die Nutzung[\/vc_column_text][\/vc_column][vc_column width=&#8220;1\/2&#8243;][vc_column_text]von Fahrr\u00e4dern, um Jesolo zu entdecken, Zugang zum Fitnessraum, um auch im Urlaub fit zu bleiben, Wlan sowohl im Hotel als auch am Strand, die Ladestation f\u00fcr Elektroautos.<\/p>\n<p>Sea Front Spa ist unser exklusives Wellnesscenter, das einzige in Jesolo mit Panoramablick auf das Meer und sich in der obersten Etage des Hotels befindet. Es ist ein privates Spa, das nur den G\u00e4sten des Hotels vorbehalten ist, auch in der \u201cDay-Use\u201d Formel, um Ihnen angenehme Momente der Entspannung am Meer zu bieten.<\/p>\n<p>Ein paar Meter vom Hotel Mondial entfernt befindet sich das Hotel Mini Mondial, ein Geb\u00e4ude, das vor einigen Jahren mit der Idee gebaut wurde, den G\u00e4sten mehr Komfort und viel Platz zu bieten. Das Mini Mondial bietet moderne Hotelzimmer und ger\u00e4umige Apartments mit K\u00fcche.<\/p>\n<p>Im Hotel Mondial &amp; Mini Mondial begeistern wir unseren Service seit mehr als 30 Jahren mit Liebe zur Gastfreundschaft und f\u00fcr einfache, aber feine Dinge. Unser Engagement zielt auf eine kontinuierliche Verbesserung ab, damit diejenigen, die uns w\u00e4hlen, Emotionen und Erfahrungen leben, wie in der Familie.[\/vc_column_text][\/vc_column][\/vc_row][vc_row full_width=&#8220;stretch_row_content&#8220; css=&#8220;.vc_custom_1614089815722{padding-top: 50px !important;padding-bottom: 50px !important;background-color: #61b6ef !important;}&#8220;][vc_column]<div id=\"ult-carousel-122217398469e78e7799474\" class=\"ult-carousel-wrapper   ult_horizontal\" data-gutter=\"15\" data-rtl=\"false\" ><div class=\"ult-carousel-279513322169e78e7799332 \" >[vc_single_image image=&#8220;1777&#8243; img_size=&#8220;full&#8220;][vc_single_image image=&#8220;1779&#8243; img_size=&#8220;full&#8220;][vc_single_image image=&#8220;1780&#8243; img_size=&#8220;full&#8220;][vc_single_image image=&#8220;1778&#8243; img_size=&#8220;full&#8220;]<\/div><\/div>\t\t\t<script type=\"text\/javascript\">\r\n\t\t\t\tjQuery(document).ready(function ($) {\r\n\t\t\t\t\tif( typeof jQuery('.ult-carousel-279513322169e78e7799332').slick == \"function\"){\r\n\t\t\t\t\t\t$('.ult-carousel-279513322169e78e7799332').slick({dots: true,autoplay: true,autoplaySpeed: 5000,speed: 300,infinite: true,arrows: true,nextArrow: '<button type=\"button\" role=\"button\" aria-label=\"Next\" style=\"color:#ffffff; font-size:20px;\" class=\"slick-next default\"><i class=\"ultsl-arrow-right4\"><\/i><\/button>',prevArrow: '<button type=\"button\" role=\"button\" aria-label=\"Previous\" style=\"color:#ffffff; font-size:20px;\" class=\"slick-prev default\"><i class=\"ultsl-arrow-left4\"><\/i><\/button>',slidesToScroll:3,slidesToShow:3,swipe: true,draggable: true,touchMove: true,pauseOnHover: true,pauseOnFocus: false,adaptiveHeight: true,responsive: [\r\n\t\t\t\t\t\t\t{\r\n\t\t\t\t\t\t\t  breakpoint: 1026,\r\n\t\t\t\t\t\t\t  settings: {\r\n\t\t\t\t\t\t\t\tslidesToShow: 3,\r\n\t\t\t\t\t\t\t\tslidesToScroll: 3,  \r\n\t\t\t\t\t\t\t  }\r\n\t\t\t\t\t\t\t},\r\n\t\t\t\t\t\t\t{\r\n\t\t\t\t\t\t\t  breakpoint: 1025,\r\n\t\t\t\t\t\t\t  settings: {\r\n\t\t\t\t\t\t\t\tslidesToShow: 2,\r\n\t\t\t\t\t\t\t\tslidesToScroll: 2\r\n\t\t\t\t\t\t\t  }\r\n\t\t\t\t\t\t\t},\r\n\t\t\t\t\t\t\t{\r\n\t\t\t\t\t\t\t  breakpoint: 760,\r\n\t\t\t\t\t\t\t  settings: {\r\n\t\t\t\t\t\t\t\tslidesToShow: 1,\r\n\t\t\t\t\t\t\t\tslidesToScroll: 1\r\n\t\t\t\t\t\t\t  }\r\n\t\t\t\t\t\t\t}\r\n\t\t\t\t\t\t],pauseOnDotsHover: true,customPaging: function(slider, i) {\r\n                   return '<i type=\"button\" style= \"color:#ffffff;\" class=\"ultsl-record\" data-role=\"none\"><\/i>';\r\n                },});\r\n\t\t\t\t\t}\r\n\t\t\t\t});\r\n\t\t\t<\/script>\r\n\t\t\t[\/vc_column][\/vc_row]<\/p>\n","protected":false},"excerpt":{"rendered":"<p>[vc_row full_width=&#8220;stretch_row_content_no_spaces&#8220; content_placement=&#8220;middle&#8220; bg_type=&#8220;image&#8220; parallax_style=&#8220;vcpb-default&#8220; bg_image_new=&#8220;id^1775|url^https:\/\/hotelmondial.orgwp-content\/uploads\/2021\/03\/hotel-mondial.jpg|caption^null|alt^null|title^hotel-mondial|description^null&#8220; bg_image_repeat=&#8220;no-repeat&#8220; bg_img_attach=&#8220;fixed&#8220; css=&#8220;.vc_custom_1617807083471{margin-top: 0px !important;padding-top: 150px !important;padding-bottom: 150px !important;background-image: url(https:\/\/hotelmondial.orgwp-content\/uploads\/2021\/03\/hotel-mondial.jpg?id=1775) !important;}&#8220; el_class=&#8220;heading-shadow&#8220;][vc_column][\/vc_column][\/vc_row][vc_row][vc_column width=&#8220;1\/5&#8243; offset=&#8220;vc_col-xs-6&#8243;][\/vc_column][vc_column width=&#8220;1\/5&#8243; offset=&#8220;vc_col-xs-6&#8243;][\/vc_column][vc_column width=&#8220;1\/5&#8243; offset=&#8220;vc_col-xs-6&#8243;][\/vc_column][vc_column width=&#8220;1\/5&#8243; offset=&#8220;vc_col-xs-6&#8243;][\/vc_column][vc_column width=&#8220;1\/5&#8243; offset=&#8220;vc_col-xs-6&#8243;][\/vc_column][vc_column width=&#8220;1\/5&#8243; offset=&#8220;vc_hidden-lg vc_hidden-md vc_hidden-sm vc_col-xs-6&#8243;][\/vc_column][\/vc_row][vc_row][vc_column width=&#8220;1\/5&#8243; offset=&#8220;vc_col-xs-6 vc_hidden-xs&#8220;][\/vc_column][vc_column width=&#8220;1\/5&#8243; offset=&#8220;vc_col-xs-6&#8243;][\/vc_column][vc_column width=&#8220;1\/5&#8243; offset=&#8220;vc_col-xs-6&#8243;][\/vc_column][vc_column width=&#8220;1\/5&#8243; offset=&#8220;vc_col-xs-6&#8243;][\/vc_column][vc_column width=&#8220;1\/5&#8243; offset=&#8220;vc_col-xs-6&#8243;][\/vc_column][\/vc_row][vc_row css=&#8220;.vc_custom_1614087206306{margin-top: 100px !important;}&#8220;][vc_column width=&#8220;1\/2&#8243;][vc_column_text]Das Hotel Mondial liegt direkt am Meer im [&hellip;]<\/p>\n","protected":false},"author":1,"featured_media":0,"parent":0,"menu_order":0,"comment_status":"closed","ping_status":"closed","template":"","meta":{"footnotes":""},"class_list":["post-2527","page","type-page","status-publish","hentry"],"yoast_head":"<!-- This site is optimized with the Yoast SEO plugin v19.10 - https:\/\/yoast.com\/wordpress\/plugins\/seo\/ -->\n<title>Hotel - Hotel Mondial<\/title>\n<meta name=\"robots\" content=\"index, follow, max-snippet:-1, max-image-preview:large, max-video-preview:-1\" \/>\n<link rel=\"canonical\" href=\"https:\/\/hotelmondial.org\/de\/hotel\/\" \/>\n<meta property=\"og:locale\" content=\"de_DE\" \/>\n<meta property=\"og:type\" content=\"article\" \/>\n<meta property=\"og:title\" content=\"Hotel - Hotel Mondial\" \/>\n<meta property=\"og:description\" content=\"[vc_row full_width=&#8220;stretch_row_content_no_spaces&#8220; content_placement=&#8220;middle&#8220; bg_type=&#8220;image&#8220; parallax_style=&#8220;vcpb-default&#8220; bg_image_new=&#8220;id^1775|url^https:\/\/hotelmondial.orgwp-content\/uploads\/2021\/03\/hotel-mondial.jpg|caption^null|alt^null|title^hotel-mondial|description^null&#8220; bg_image_repeat=&#8220;no-repeat&#8220; bg_img_attach=&#8220;fixed&#8220; css=&#8220;.vc_custom_1617807083471{margin-top: 0px !important;padding-top: 150px !important;padding-bottom: 150px !important;background-image: url(https:\/\/hotelmondial.orgwp-content\/uploads\/2021\/03\/hotel-mondial.jpg?id=1775) !important;}&#8220; el_class=&#8220;heading-shadow&#8220;][vc_column][\/vc_column][\/vc_row][vc_row][vc_column width=&#8220;1\/5&#8243; offset=&#8220;vc_col-xs-6&#8243;][\/vc_column][vc_column width=&#8220;1\/5&#8243; offset=&#8220;vc_col-xs-6&#8243;][\/vc_column][vc_column width=&#8220;1\/5&#8243; offset=&#8220;vc_col-xs-6&#8243;][\/vc_column][vc_column width=&#8220;1\/5&#8243; offset=&#8220;vc_col-xs-6&#8243;][\/vc_column][vc_column width=&#8220;1\/5&#8243; offset=&#8220;vc_col-xs-6&#8243;][\/vc_column][vc_column width=&#8220;1\/5&#8243; offset=&#8220;vc_hidden-lg vc_hidden-md vc_hidden-sm vc_col-xs-6&#8243;][\/vc_column][\/vc_row][vc_row][vc_column width=&#8220;1\/5&#8243; offset=&#8220;vc_col-xs-6 vc_hidden-xs&#8220;][\/vc_column][vc_column width=&#8220;1\/5&#8243; offset=&#8220;vc_col-xs-6&#8243;][\/vc_column][vc_column width=&#8220;1\/5&#8243; offset=&#8220;vc_col-xs-6&#8243;][\/vc_column][vc_column width=&#8220;1\/5&#8243; offset=&#8220;vc_col-xs-6&#8243;][\/vc_column][vc_column width=&#8220;1\/5&#8243; offset=&#8220;vc_col-xs-6&#8243;][\/vc_column][\/vc_row][vc_row css=&#8220;.vc_custom_1614087206306{margin-top: 100px !important;}&#8220;][vc_column width=&#8220;1\/2&#8243;][vc_column_text]Das Hotel Mondial liegt direkt am Meer im [&hellip;]\" \/>\n<meta property=\"og:url\" content=\"https:\/\/hotelmondial.org\/de\/hotel\/\" \/>\n<meta property=\"og:site_name\" content=\"Hotel Mondial\" \/>\n<meta property=\"article:modified_time\" content=\"2021-11-30T13:16:15+00:00\" \/>\n<meta name=\"twitter:card\" content=\"summary_large_image\" \/>\n<meta name=\"twitter:label1\" content=\"Gesch\u00e4tzte Lesezeit\" \/>\n\t<meta name=\"twitter:data1\" content=\"5\u00a0Minuten\" \/>\n<script type=\"application\/ld+json\" class=\"yoast-schema-graph\">{\"@context\":\"https:\/\/schema.org\",\"@graph\":[{\"@type\":\"WebPage\",\"@id\":\"https:\/\/hotelmondial.org\/de\/hotel\/\",\"url\":\"https:\/\/hotelmondial.org\/de\/hotel\/\",\"name\":\"Hotel - Hotel Mondial\",\"isPartOf\":{\"@id\":\"https:\/\/hotelmondial.org\/#website\"},\"datePublished\":\"2021-02-15T13:28:47+00:00\",\"dateModified\":\"2021-11-30T13:16:15+00:00\",\"breadcrumb\":{\"@id\":\"https:\/\/hotelmondial.org\/de\/hotel\/#breadcrumb\"},\"inLanguage\":\"de\",\"potentialAction\":[{\"@type\":\"ReadAction\",\"target\":[\"https:\/\/hotelmondial.org\/de\/hotel\/\"]}]},{\"@type\":\"BreadcrumbList\",\"@id\":\"https:\/\/hotelmondial.org\/de\/hotel\/#breadcrumb\",\"itemListElement\":[{\"@type\":\"ListItem\",\"position\":1,\"name\":\"Home\",\"item\":\"https:\/\/hotelmondial.org\/de\/\"},{\"@type\":\"ListItem\",\"position\":2,\"name\":\"Hotel\"}]},{\"@type\":\"WebSite\",\"@id\":\"https:\/\/hotelmondial.org\/#website\",\"url\":\"https:\/\/hotelmondial.org\/\",\"name\":\"Hotel Mondial\",\"description\":\"\",\"potentialAction\":[{\"@type\":\"SearchAction\",\"target\":{\"@type\":\"EntryPoint\",\"urlTemplate\":\"https:\/\/hotelmondial.org\/?s={search_term_string}\"},\"query-input\":\"required name=search_term_string\"}],\"inLanguage\":\"de\"}]}<\/script>\n<!-- \/ Yoast SEO plugin. -->","yoast_head_json":{"title":"Hotel - Hotel Mondial","robots":{"index":"index","follow":"follow","max-snippet":"max-snippet:-1","max-image-preview":"max-image-preview:large","max-video-preview":"max-video-preview:-1"},"canonical":"https:\/\/hotelmondial.org\/de\/hotel\/","og_locale":"de_DE","og_type":"article","og_title":"Hotel - Hotel Mondial","og_description":"[vc_row full_width=&#8220;stretch_row_content_no_spaces&#8220; content_placement=&#8220;middle&#8220; bg_type=&#8220;image&#8220; parallax_style=&#8220;vcpb-default&#8220; bg_image_new=&#8220;id^1775|url^https:\/\/hotelmondial.orgwp-content\/uploads\/2021\/03\/hotel-mondial.jpg|caption^null|alt^null|title^hotel-mondial|description^null&#8220; bg_image_repeat=&#8220;no-repeat&#8220; bg_img_attach=&#8220;fixed&#8220; css=&#8220;.vc_custom_1617807083471{margin-top: 0px !important;padding-top: 150px !important;padding-bottom: 150px !important;background-image: url(https:\/\/hotelmondial.orgwp-content\/uploads\/2021\/03\/hotel-mondial.jpg?id=1775) !important;}&#8220; el_class=&#8220;heading-shadow&#8220;][vc_column][\/vc_column][\/vc_row][vc_row][vc_column width=&#8220;1\/5&#8243; offset=&#8220;vc_col-xs-6&#8243;][\/vc_column][vc_column width=&#8220;1\/5&#8243; offset=&#8220;vc_col-xs-6&#8243;][\/vc_column][vc_column width=&#8220;1\/5&#8243; offset=&#8220;vc_col-xs-6&#8243;][\/vc_column][vc_column width=&#8220;1\/5&#8243; offset=&#8220;vc_col-xs-6&#8243;][\/vc_column][vc_column width=&#8220;1\/5&#8243; offset=&#8220;vc_col-xs-6&#8243;][\/vc_column][vc_column width=&#8220;1\/5&#8243; offset=&#8220;vc_hidden-lg vc_hidden-md vc_hidden-sm vc_col-xs-6&#8243;][\/vc_column][\/vc_row][vc_row][vc_column width=&#8220;1\/5&#8243; offset=&#8220;vc_col-xs-6 vc_hidden-xs&#8220;][\/vc_column][vc_column width=&#8220;1\/5&#8243; offset=&#8220;vc_col-xs-6&#8243;][\/vc_column][vc_column width=&#8220;1\/5&#8243; offset=&#8220;vc_col-xs-6&#8243;][\/vc_column][vc_column width=&#8220;1\/5&#8243; offset=&#8220;vc_col-xs-6&#8243;][\/vc_column][vc_column width=&#8220;1\/5&#8243; offset=&#8220;vc_col-xs-6&#8243;][\/vc_column][\/vc_row][vc_row css=&#8220;.vc_custom_1614087206306{margin-top: 100px !important;}&#8220;][vc_column width=&#8220;1\/2&#8243;][vc_column_text]Das Hotel Mondial liegt direkt am Meer im [&hellip;]","og_url":"https:\/\/hotelmondial.org\/de\/hotel\/","og_site_name":"Hotel Mondial","article_modified_time":"2021-11-30T13:16:15+00:00","twitter_card":"summary_large_image","twitter_misc":{"Gesch\u00e4tzte Lesezeit":"5\u00a0Minuten"},"schema":{"@context":"https:\/\/schema.org","@graph":[{"@type":"WebPage","@id":"https:\/\/hotelmondial.org\/de\/hotel\/","url":"https:\/\/hotelmondial.org\/de\/hotel\/","name":"Hotel - Hotel Mondial","isPartOf":{"@id":"https:\/\/hotelmondial.org\/#website"},"datePublished":"2021-02-15T13:28:47+00:00","dateModified":"2021-11-30T13:16:15+00:00","breadcrumb":{"@id":"https:\/\/hotelmondial.org\/de\/hotel\/#breadcrumb"},"inLanguage":"de","potentialAction":[{"@type":"ReadAction","target":["https:\/\/hotelmondial.org\/de\/hotel\/"]}]},{"@type":"BreadcrumbList","@id":"https:\/\/hotelmondial.org\/de\/hotel\/#breadcrumb","itemListElement":[{"@type":"ListItem","position":1,"name":"Home","item":"https:\/\/hotelmondial.org\/de\/"},{"@type":"ListItem","position":2,"name":"Hotel"}]},{"@type":"WebSite","@id":"https:\/\/hotelmondial.org\/#website","url":"https:\/\/hotelmondial.org\/","name":"Hotel Mondial","description":"","potentialAction":[{"@type":"SearchAction","target":{"@type":"EntryPoint","urlTemplate":"https:\/\/hotelmondial.org\/?s={search_term_string}"},"query-input":"required name=search_term_string"}],"inLanguage":"de"}]}},"_links":{"self":[{"href":"https:\/\/hotelmondial.org\/de\/wp-json\/wp\/v2\/pages\/2527","targetHints":{"allow":["GET"]}}],"collection":[{"href":"https:\/\/hotelmondial.org\/de\/wp-json\/wp\/v2\/pages"}],"about":[{"href":"https:\/\/hotelmondial.org\/de\/wp-json\/wp\/v2\/types\/page"}],"author":[{"embeddable":true,"href":"https:\/\/hotelmondial.org\/de\/wp-json\/wp\/v2\/users\/1"}],"replies":[{"embeddable":true,"href":"https:\/\/hotelmondial.org\/de\/wp-json\/wp\/v2\/comments?post=2527"}],"version-history":[{"count":6,"href":"https:\/\/hotelmondial.org\/de\/wp-json\/wp\/v2\/pages\/2527\/revisions"}],"predecessor-version":[{"id":2778,"href":"https:\/\/hotelmondial.org\/de\/wp-json\/wp\/v2\/pages\/2527\/revisions\/2778"}],"wp:attachment":[{"href":"https:\/\/hotelmondial.org\/de\/wp-json\/wp\/v2\/media?parent=2527"}],"curies":[{"name":"wp","href":"https:\/\/api.w.org\/{rel}","templated":true}]}}